{"id":12061,"date":"2025-12-18T10:37:03","date_gmt":"2025-12-18T10:37:03","guid":{"rendered":"https:\/\/sabanadelamartours.com\/?post_type=product&#038;p=12061"},"modified":"2026-02-14T05:50:50","modified_gmt":"2026-02-14T05:50:50","slug":"-140","status":"publish","type":"product","link":"https:\/\/sabanadelamartours.com\/cs\/prohlidka\/-140\/","title":{"rendered":"Objevte kouzlo Monta\u00f1a Redonda: dobrodru\u017estv\u00ed a v\u00fdhledy"},"content":{"rendered":"<p>Our adventure begins between 7:00 and 8:00 a.m., when our comfortable minibus will pick you up directly from your hotel in Punta Cana. We will head to Monta\u00f1a Redonda, a hidden treasure in Miches, known for its incomparable beauty in the Caribbean.<\/p>\n<p>After an hour&#8217;s drive, we will arrive at the foot of the mountain, where we will change to a sturdy 4&#215;4 vehicle to ascend to the top. Once there, an unforgettable experience with unique panoramic views awaits you, do you dare to swing from more than 300 meters high? Adrenaline is guaranteed!<\/p>\n<p>From the top you will enjoy the best views of the Bay of Samana, Laguna Redonda and El Seibo, in addition to witnessing a breathtaking sunrise over the beach. Afterwards, we will enjoy a delicious typical Dominican lunch, accompanied by fresh tropical fruits.<\/p>\n<p>Finally, we will start our return trip so that you will arrive at your hotel around 12:00 noon. A day full of adventure and spectacular scenery awaits you at Monta\u00f1a Redonda, don&#8217;t miss it!<\/p>","protected":false},"excerpt":{"rendered":"<div data-track=\"overview\" data-v-83a2b402=\"\">\n<section id=\"activity-overview\" class=\"activity-overview\" data-component=\"overview\" data-v-83a2b402=\"\" data-v-f3236c42=\"\">\n<p class=\"activity-overview__content\" data-test-id=\"activity-overview-content\" data-v-f3236c42=\"\">Objevte majest\u00e1tnost Monta\u00f1a Redonda. Ka\u017ed\u00fd krok je dobrodru\u017estv\u00edm. P\u0159ipojte se k n\u00e1m a nechte se ohromit jej\u00ed kr\u00e1sou a nezapomenuteln\u00fdmi z\u00e1\u017eitky a vytvo\u0159te si vzpom\u00ednky na cel\u00fd \u017eivot!<\/p>\n<\/section>\n<\/div>\n<div data-track=\"key-details\" data-v-83a2b402=\"\"><\/div>","protected":false},"featured_media":12393,"template":"","meta":[],"product_brand":[],"product_cat":[97],"product_tag":[101,102],"class_list":{"0":"post-12061","1":"product","2":"type-product","3":"status-publish","4":"has-post-thumbnail","6":"product_cat-dominican-republic","7":"product_tag-excursion","8":"product_tag-tour","10":"first","11":"instock","12":"shipping-taxable","13":"product-type-external"},"_links":{"self":[{"href":"https:\/\/sabanadelamartours.com\/cs\/wp-json\/wp\/v2\/product\/12061","targetHints":{"allow":["GET"]}}],"collection":[{"href":"https:\/\/sabanadelamartours.com\/cs\/wp-json\/wp\/v2\/product"}],"about":[{"href":"https:\/\/sabanadelamartours.com\/cs\/wp-json\/wp\/v2\/types\/product"}],"version-history":[{"count":1,"href":"https:\/\/sabanadelamartours.com\/cs\/wp-json\/wp\/v2\/product\/12061\/revisions"}],"predecessor-version":[{"id":19253,"href":"https:\/\/sabanadelamartours.com\/cs\/wp-json\/wp\/v2\/product\/12061\/revisions\/19253"}],"wp:featuredmedia":[{"embeddable":true,"href":"https:\/\/sabanadelamartours.com\/cs\/wp-json\/wp\/v2\/media\/12393"}],"wp:attachment":[{"href":"https:\/\/sabanadelamartours.com\/cs\/wp-json\/wp\/v2\/media?parent=12061"}],"wp:term":[{"taxonomy":"product_brand","embeddable":true,"href":"https:\/\/sabanadelamartours.com\/cs\/wp-json\/wp\/v2\/product_brand?post=12061"},{"taxonomy":"product_cat","embeddable":true,"href":"https:\/\/sabanadelamartours.com\/cs\/wp-json\/wp\/v2\/product_cat?post=12061"},{"taxonomy":"product_tag","embeddable":true,"href":"https:\/\/sabanadelamartours.com\/cs\/wp-json\/wp\/v2\/product_tag?post=12061"}],"curies":[{"name":"wp","href":"https:\/\/api.w.org\/{rel}","templated":true}]}}