{"id":12105,"date":"2025-12-18T10:38:48","date_gmt":"2025-12-18T10:38:48","guid":{"rendered":"https:\/\/sabanadelamartours.com\/?post_type=product&#038;p=12105"},"modified":"2026-01-06T12:32:16","modified_gmt":"2026-01-06T12:32:16","slug":"-145","status":"publish","type":"product","link":"https:\/\/sabanadelamartours.com\/cs\/prohlidka\/-145\/","title":{"rendered":"Saman\u00e1: Saman\u00e1: V\u00fdlet katamar\u00e1nem se \u0161norchlov\u00e1n\u00edm a ob\u011bdem"},"content":{"rendered":"<div class=\"toggle-content__content toggle-content__content--expanded toggle-content__content--packable\" data-v-59485d64=\"\">\n<div data-test-id=\"activity-full-description-text\" data-v-5835c99c=\"\">On this excursion we go through the bay of Saman\u00e1, Departure from our private dock, sail to snorkel point 1 on the sunken ferry (1 hour), navigate to snorkel point 2 Cayo La Farola (1 hour), then let&#8217;s have lunch at our private restaurant in Cayo Levantado, enjoy free time on the beach, Sail across the bay to return to the dock. On board we have: Snorkel equipment, life vests, open bar of rum, soft drinks, water, coconut, pineapple and Creole coconut bread.<\/div>\n<\/div>\n<div class=\"toggle-content__label-placeholder\" data-v-59485d64=\"\"><\/div>","protected":false},"excerpt":{"rendered":"<div data-track=\"overview\" data-v-83a2b402=\"\">\n<section id=\"activity-overview\" class=\"activity-overview\" data-component=\"overview\" data-v-83a2b402=\"\" data-v-f3236c42=\"\">\n<p class=\"activity-overview__content\" data-test-id=\"activity-overview-content\" data-v-f3236c42=\"\">Plavte se po z\u00e1toce Samana a vychutn\u00e1vejte si otev\u0159en\u00fd bar s m\u00edstn\u00edm rumem, nealkoholick\u00fdmi n\u00e1poji a vodou. \u0160norchlujte ve dvou r\u016fzn\u00fdch oblastech a ob\u011bdvejte na palub\u011b zakotven\u00e9 p\u0159ed kr\u00e1sn\u00fdm ostrovem Cayo Levantado.<\/p>\n<\/section>\n<\/div>\n<div data-track=\"key-details\" data-v-83a2b402=\"\"><\/div>","protected":false},"featured_media":12449,"template":"","meta":[],"product_brand":[],"product_cat":[97],"product_tag":[101,102],"class_list":{"0":"post-12105","1":"product","2":"type-product","3":"status-publish","4":"has-post-thumbnail","6":"product_cat-dominican-republic","7":"product_tag-excursion","8":"product_tag-tour","10":"first","11":"instock","12":"shipping-taxable","13":"product-type-external"},"_links":{"self":[{"href":"https:\/\/sabanadelamartours.com\/cs\/wp-json\/wp\/v2\/product\/12105","targetHints":{"allow":["GET"]}}],"collection":[{"href":"https:\/\/sabanadelamartours.com\/cs\/wp-json\/wp\/v2\/product"}],"about":[{"href":"https:\/\/sabanadelamartours.com\/cs\/wp-json\/wp\/v2\/types\/product"}],"version-history":[{"count":1,"href":"https:\/\/sabanadelamartours.com\/cs\/wp-json\/wp\/v2\/product\/12105\/revisions"}],"predecessor-version":[{"id":18537,"href":"https:\/\/sabanadelamartours.com\/cs\/wp-json\/wp\/v2\/product\/12105\/revisions\/18537"}],"wp:featuredmedia":[{"embeddable":true,"href":"https:\/\/sabanadelamartours.com\/cs\/wp-json\/wp\/v2\/media\/12449"}],"wp:attachment":[{"href":"https:\/\/sabanadelamartours.com\/cs\/wp-json\/wp\/v2\/media?parent=12105"}],"wp:term":[{"taxonomy":"product_brand","embeddable":true,"href":"https:\/\/sabanadelamartours.com\/cs\/wp-json\/wp\/v2\/product_brand?post=12105"},{"taxonomy":"product_cat","embeddable":true,"href":"https:\/\/sabanadelamartours.com\/cs\/wp-json\/wp\/v2\/product_cat?post=12105"},{"taxonomy":"product_tag","embeddable":true,"href":"https:\/\/sabanadelamartours.com\/cs\/wp-json\/wp\/v2\/product_tag?post=12105"}],"curies":[{"name":"wp","href":"https:\/\/api.w.org\/{rel}","templated":true}]}}