{"id":12131,"date":"2025-12-18T10:39:50","date_gmt":"2025-12-18T10:39:50","guid":{"rendered":"https:\/\/sabanadelamartours.com\/?post_type=product&#038;p=12131"},"modified":"2026-02-10T02:56:28","modified_gmt":"2026-02-10T02:56:28","slug":"-147","status":"publish","type":"product","link":"https:\/\/sabanadelamartours.com\/cs\/prohlidka\/-147\/","title":{"rendered":"Celodenn\u00ed pobyt 3v1 Los Haitises &amp; Waterfal SPA z Punta Cany"},"content":{"rendered":"<p>Jednodenn\u00ed v\u00fdlet do Los Haitises<\/p>\n<p>Od 6:30 v\u00e1s vyzvedneme v hotelu v Punta Can\u011b a vyd\u00e1me se do n\u00e1rodn\u00edho parku Los Haitises, jedine\u010dn\u00e9 krasov\u00e9 krajiny om\u00fdvan\u00e9 vodami z\u00e1livu Saman\u00e1.<\/p>\n<p>&nbsp;<\/p>\n<p>Po p\u0159\u00edjezdu se nalod\u00edme na lo\u010f a poplujeme pod\u00e9l \u0159eky Ca\u00f1o Hondo sm\u011brem k z\u00e1livu San Lorenzo, p\u0159i\u010dem\u017e budeme d\u00e1vat pozor na sple\u0165 \u010derven\u00fdch mangrovn\u00edk\u016f na pob\u0159e\u017e\u00ed. Na voln\u00e9m mo\u0159i budeme moci pozorovat skalnat\u00e9 mogoty pln\u00e9 pelik\u00e1n\u016f a vidloroh\u016f.<\/p>\n<p>Expedice pokra\u010duje do jeskyn\u00ed Arena a Linea, kter\u00e9 kdysi vyu\u017e\u00edvali domorod\u00ed obyvatel\u00e9 kmene Ta\u00edno. Uvnit\u0159 si prohl\u00e9dneme tyto jeskyn\u011b zdoben\u00e9 domorod\u00fdmi piktogramy a petroglyfy.<\/p>\n<p>Na\u0161\u00ed dal\u0161\u00ed zast\u00e1vkou bude hotel Ca\u00f1o Hondo Paradise, kde vystoup\u00edme z lodi a prohl\u00e9dneme si kr\u00e1sn\u00e9 p\u0159\u00edrodn\u00ed baz\u00e9ny v are\u00e1lu hotelu. P\u0159ed tradi\u010dn\u00edm dominik\u00e1nsk\u00fdm ob\u011bdem, kter\u00fd si d\u00e1me na tomto idylick\u00e9m m\u00edst\u011b, se budete moci osv\u011b\u017eit v \u0159ece Jivales.<\/p>\n<p>S na\u010derpanou energi\u00ed nasedneme do d\u017e\u00edpu a vyd\u00e1me se na vrchol hory Redonda, kter\u00e1 se nach\u00e1z\u00ed mezi dv\u011bma lagunami: Lim\u00f3n a Redonda. Z vrcholu se n\u00e1m naskytne v\u00fdhled do d\u017eungle jako z poh\u00e1dky.<\/p>\n<p>Nakonec se vr\u00e1t\u00edme na pevninu a zam\u00ed\u0159\u00edme zp\u011bt do Punta Cany, kam doraz\u00edme do va\u0161eho hotelu mezi 16:30 a 18:30.<\/p>","protected":false},"excerpt":{"rendered":"<div data-track=\"overview\" data-v-83a2b402=\"\">\n<section id=\"activity-overview\" class=\"activity-overview\" data-component=\"overview\" data-v-83a2b402=\"\" data-v-f3236c42=\"\">\n<p class=\"activity-overview__content\" data-test-id=\"activity-overview-content\" data-v-f3236c42=\"\">Prozkoumejte p\u0159\u00edrodn\u00ed kr\u00e1sy n\u00e1rodn\u00edho parku Los Haitises b\u011bhem v\u00fdletu z Punta Cany. Plavte se lod\u00ed po \u0159ece, nav\u0161tivte p\u0159\u00edrodn\u00ed jeskyn\u011b a jez\u00edrka a je\u010fte d\u017e\u00edpem na vrchol Monta\u00f1a Redonda.<\/p>\n<\/section>\n<\/div>\n<div data-track=\"key-details\" data-v-83a2b402=\"\"><\/div>","protected":false},"featured_media":12464,"template":"","meta":[],"product_brand":[],"product_cat":[97,103],"product_tag":[101,102],"class_list":{"0":"post-12131","1":"product","2":"type-product","3":"status-publish","4":"has-post-thumbnail","6":"product_cat-dominican-republic","7":"product_cat-los-haitises","8":"product_tag-excursion","9":"product_tag-tour","11":"first","12":"instock","13":"shipping-taxable","14":"product-type-external"},"_links":{"self":[{"href":"https:\/\/sabanadelamartours.com\/cs\/wp-json\/wp\/v2\/product\/12131","targetHints":{"allow":["GET"]}}],"collection":[{"href":"https:\/\/sabanadelamartours.com\/cs\/wp-json\/wp\/v2\/product"}],"about":[{"href":"https:\/\/sabanadelamartours.com\/cs\/wp-json\/wp\/v2\/types\/product"}],"version-history":[{"count":1,"href":"https:\/\/sabanadelamartours.com\/cs\/wp-json\/wp\/v2\/product\/12131\/revisions"}],"predecessor-version":[{"id":18880,"href":"https:\/\/sabanadelamartours.com\/cs\/wp-json\/wp\/v2\/product\/12131\/revisions\/18880"}],"wp:featuredmedia":[{"embeddable":true,"href":"https:\/\/sabanadelamartours.com\/cs\/wp-json\/wp\/v2\/media\/12464"}],"wp:attachment":[{"href":"https:\/\/sabanadelamartours.com\/cs\/wp-json\/wp\/v2\/media?parent=12131"}],"wp:term":[{"taxonomy":"product_brand","embeddable":true,"href":"https:\/\/sabanadelamartours.com\/cs\/wp-json\/wp\/v2\/product_brand?post=12131"},{"taxonomy":"product_cat","embeddable":true,"href":"https:\/\/sabanadelamartours.com\/cs\/wp-json\/wp\/v2\/product_cat?post=12131"},{"taxonomy":"product_tag","embeddable":true,"href":"https:\/\/sabanadelamartours.com\/cs\/wp-json\/wp\/v2\/product_tag?post=12131"}],"curies":[{"name":"wp","href":"https:\/\/api.w.org\/{rel}","templated":true}]}}