{"id":12167,"date":"2025-12-18T10:41:11","date_gmt":"2025-12-18T10:41:11","guid":{"rendered":"https:\/\/sabanadelamartours.com\/?post_type=product&#038;p=12167"},"modified":"2026-02-10T03:02:28","modified_gmt":"2026-02-10T03:02:28","slug":"-151","status":"publish","type":"product","link":"https:\/\/sabanadelamartours.com\/cs\/prohlidka\/-151\/","title":{"rendered":"Prohl\u00eddka Monkeylandu + doprava z plavby\/hotelu"},"content":{"rendered":"<p>This Monkeyland Puerto Plata tour starts with pickup from your hotel in either Puerto Plata, Sosua, Cabarete, Playa Dorada or Imbert.<\/p>\n<p>Keep an eye out for wildlife, such as squirrel monkeys, as you go. Then, stop and under the supervision of staff, put out a plate of fruit to get the monkeys to come to you.<\/p>\n<p>After your Mokeyland visit, your guide will take you to a local countryside home in Puerto Plata. See for yourself how a local lives in an area without electricity or running water. Also, learn about the history and cultural traditions of this Caribbean island.<\/p>\n<p>Your combo group tour ends with drop-off back at your hotel.<\/p>","protected":false},"excerpt":{"rendered":"<p>Za\u017eijte jedine\u010dn\u00e9 dobrodru\u017estv\u00ed v Dominik\u00e1nsk\u00e9 republice p\u0159i prohl\u00eddce Monkeylandu s pr\u016fvodcem, p\u0159i kter\u00e9 budete m\u00edt \u010das na interakci s na\u0161imi kr\u00e1sn\u00fdmi a hrav\u00fdmi opi\u010dkami veverkami!<\/p>","protected":false},"featured_media":12492,"template":"","meta":[],"product_brand":[],"product_cat":[97],"product_tag":[101,102],"class_list":{"0":"post-12167","1":"product","2":"type-product","3":"status-publish","4":"has-post-thumbnail","6":"product_cat-dominican-republic","7":"product_tag-excursion","8":"product_tag-tour","10":"first","11":"instock","12":"shipping-taxable","13":"product-type-external"},"_links":{"self":[{"href":"https:\/\/sabanadelamartours.com\/cs\/wp-json\/wp\/v2\/product\/12167","targetHints":{"allow":["GET"]}}],"collection":[{"href":"https:\/\/sabanadelamartours.com\/cs\/wp-json\/wp\/v2\/product"}],"about":[{"href":"https:\/\/sabanadelamartours.com\/cs\/wp-json\/wp\/v2\/types\/product"}],"version-history":[{"count":1,"href":"https:\/\/sabanadelamartours.com\/cs\/wp-json\/wp\/v2\/product\/12167\/revisions"}],"predecessor-version":[{"id":18883,"href":"https:\/\/sabanadelamartours.com\/cs\/wp-json\/wp\/v2\/product\/12167\/revisions\/18883"}],"wp:featuredmedia":[{"embeddable":true,"href":"https:\/\/sabanadelamartours.com\/cs\/wp-json\/wp\/v2\/media\/12492"}],"wp:attachment":[{"href":"https:\/\/sabanadelamartours.com\/cs\/wp-json\/wp\/v2\/media?parent=12167"}],"wp:term":[{"taxonomy":"product_brand","embeddable":true,"href":"https:\/\/sabanadelamartours.com\/cs\/wp-json\/wp\/v2\/product_brand?post=12167"},{"taxonomy":"product_cat","embeddable":true,"href":"https:\/\/sabanadelamartours.com\/cs\/wp-json\/wp\/v2\/product_cat?post=12167"},{"taxonomy":"product_tag","embeddable":true,"href":"https:\/\/sabanadelamartours.com\/cs\/wp-json\/wp\/v2\/product_tag?post=12167"}],"curies":[{"name":"wp","href":"https:\/\/api.w.org\/{rel}","templated":true}]}}