{"id":12258,"date":"2025-12-18T10:44:29","date_gmt":"2025-12-18T10:44:29","guid":{"rendered":"https:\/\/sabanadelamartours.com\/?post_type=product&#038;p=12258"},"modified":"2026-02-10T03:07:39","modified_gmt":"2026-02-10T03:07:39","slug":"-155","status":"publish","type":"product","link":"https:\/\/sabanadelamartours.com\/cs\/prohlidka\/-155\/","title":{"rendered":"Dobrodru\u017estv\u00ed v bugin\u00e1ch na Playa Rinc\u00f3n ze Saman\u00e1"},"content":{"rendered":"<p>Dobrodru\u017estv\u00ed s ko\u010d\u00e1rky: Pro\u017eijte vzru\u0161uj\u00edc\u00ed z\u00e1\u017eitek z j\u00edzdy v buggyn\u00e1ch, prozkoumejte malebn\u00e9 silnice dominik\u00e1nsk\u00e9ho venkova a vychutnejte si kr\u00e1sy Playa Rinc\u00f3n. Jedine\u010dn\u00fd z\u00e1\u017eitek, kter\u00fd v\u00e1m vyraz\u00ed dech! Playa Rinc\u00f3n: Odpo\u010di\u0148te si a zaplavte si v k\u0159i\u0161\u0165\u00e1lov\u011b \u010dist\u00fdch vod\u00e1ch Playa Rinc\u00f3n, jedn\u00e9 z nejkr\u00e1sn\u011bj\u0161\u00edch pl\u00e1\u017e\u00ed Karibiku. R\u00e1j, kter\u00fd si nem\u016f\u017eete nechat uj\u00edt! Kulturn\u00ed zast\u00e1vka: Nav\u0161tivte prav\u00fd dominik\u00e1nsk\u00fd d\u016fm a pod\u00edvejte se, jak se vyr\u00e1b\u00ed kakao a k\u00e1va. Pot\u011b\u0161te sv\u00e9 smysly exploz\u00ed jedine\u010dn\u00fdch chut\u00ed a v\u016fn\u00ed. Z\u00e1bava a objevov\u00e1n\u00ed: Tento p\u016fldenn\u00ed v\u00fdlet je ur\u010den pro ty, kte\u0159\u00ed hledaj\u00ed dokonalou kombinaci vzru\u0161en\u00ed, p\u0159\u00edrodn\u00edch kr\u00e1s a kulturn\u00edho pozn\u00e1v\u00e1n\u00ed. Den pln\u00fd dobrodru\u017estv\u00ed, kter\u00fd si budete pamatovat nav\u017edy!<\/p>","protected":false},"excerpt":{"rendered":"<div data-track=\"overview\" data-v-83a2b402=\"\">\n<section id=\"activity-overview\" class=\"activity-overview\" data-component=\"overview\" data-v-83a2b402=\"\" data-v-f3236c42=\"\">\n<p class=\"activity-overview__content\" data-test-id=\"activity-overview-content\" data-v-f3236c42=\"\">P\u0159ipravte se na dobrodru\u017estv\u00ed pln\u00e9 adrenalinu a z\u00e1bavy, p\u0159i kter\u00e9m pozn\u00e1te buginy a \u017eivou kulturu Dominik\u00e1nsk\u00e9 republiky.<\/p>\n<\/section>\n<\/div>\n<div data-track=\"key-details\" data-v-83a2b402=\"\"><\/div>","protected":false},"featured_media":12540,"template":"","meta":[],"product_brand":[],"product_cat":[97],"product_tag":[101,102],"class_list":{"0":"post-12258","1":"product","2":"type-product","3":"status-publish","4":"has-post-thumbnail","6":"product_cat-dominican-republic","7":"product_tag-excursion","8":"product_tag-tour","10":"first","11":"instock","12":"shipping-taxable","13":"product-type-external"},"_links":{"self":[{"href":"https:\/\/sabanadelamartours.com\/cs\/wp-json\/wp\/v2\/product\/12258","targetHints":{"allow":["GET"]}}],"collection":[{"href":"https:\/\/sabanadelamartours.com\/cs\/wp-json\/wp\/v2\/product"}],"about":[{"href":"https:\/\/sabanadelamartours.com\/cs\/wp-json\/wp\/v2\/types\/product"}],"version-history":[{"count":2,"href":"https:\/\/sabanadelamartours.com\/cs\/wp-json\/wp\/v2\/product\/12258\/revisions"}],"predecessor-version":[{"id":18887,"href":"https:\/\/sabanadelamartours.com\/cs\/wp-json\/wp\/v2\/product\/12258\/revisions\/18887"}],"wp:featuredmedia":[{"embeddable":true,"href":"https:\/\/sabanadelamartours.com\/cs\/wp-json\/wp\/v2\/media\/12540"}],"wp:attachment":[{"href":"https:\/\/sabanadelamartours.com\/cs\/wp-json\/wp\/v2\/media?parent=12258"}],"wp:term":[{"taxonomy":"product_brand","embeddable":true,"href":"https:\/\/sabanadelamartours.com\/cs\/wp-json\/wp\/v2\/product_brand?post=12258"},{"taxonomy":"product_cat","embeddable":true,"href":"https:\/\/sabanadelamartours.com\/cs\/wp-json\/wp\/v2\/product_cat?post=12258"},{"taxonomy":"product_tag","embeddable":true,"href":"https:\/\/sabanadelamartours.com\/cs\/wp-json\/wp\/v2\/product_tag?post=12258"}],"curies":[{"name":"wp","href":"https:\/\/api.w.org\/{rel}","templated":true}]}}