{"id":12267,"date":"2025-12-18T10:44:51","date_gmt":"2025-12-18T10:44:51","guid":{"rendered":"https:\/\/sabanadelamartours.com\/?post_type=product&#038;p=12267"},"modified":"2025-12-18T10:57:10","modified_gmt":"2025-12-18T10:57:10","slug":"-156","status":"publish","type":"product","link":"https:\/\/sabanadelamartours.com\/cs\/prohlidka\/-156\/","title":{"rendered":"P\u00e1rty lo\u010f se \u0161norchlov\u00e1n\u00edm a otev\u0159en\u00fdm barem v Punta Can\u011b"},"content":{"rendered":"<p>We&#8217;ll sail towards a beautiful coral reef, where you can snorkel and discover vibrant marine life. Then, back on the boat, you&#8217;ll enjoy our open bar with cocktails, beers, and more, while our entertainment team keeps the festive atmosphere alive with music, dancing, and games.<\/p>\n<p>Our next stop will be at a spectacular natural pool with crystal clear waters. Here, you can relax, swim, and take amazing photos. During this stop, we will serve a delicious snacks on board. Afterwards, we&#8217;ll start the return journey to the port, keeping the party spirit alive with music and drinks until the end of the trip. Upon arrival at the port, our team will bid you farewell, hoping you had a wonderful and unforgettable experience. Get ready to enjoy to the fullest!<\/p>","protected":false},"excerpt":{"rendered":"<div data-track=\"overview\" data-v-83a2b402=\"\">\n<section id=\"activity-overview\" class=\"activity-overview\" data-component=\"overview\" data-v-83a2b402=\"\" data-v-f3236c42=\"\">\n<p class=\"activity-overview__content\" data-test-id=\"activity-overview-content\" data-v-f3236c42=\"\">V\u00edtejte na palub\u011b na\u0161\u00ed nezapomenuteln\u00e9 party lodi se \u0161norchlov\u00e1n\u00edm, otev\u0159en\u00fdm barem a zast\u00e1vkou u p\u0159\u00edrodn\u00edho koupali\u0161t\u011b! Po p\u0159\u00edjezdu do p\u0159\u00edstavu v\u00e1s p\u0159iv\u00edt\u00e1 n\u00e1\u0161 t\u00fdm a nalod\u00edte se na na\u0161i p\u00e1rty lo\u010f.<\/p>\n<\/section>\n<\/div>\n<div data-track=\"key-details\" data-v-83a2b402=\"\"><\/div>","protected":false},"featured_media":12553,"template":"","meta":[],"product_brand":[],"product_cat":[97],"product_tag":[101,102],"class_list":{"0":"post-12267","1":"product","2":"type-product","3":"status-publish","4":"has-post-thumbnail","6":"product_cat-dominican-republic","7":"product_tag-excursion","8":"product_tag-tour","10":"first","11":"instock","12":"shipping-taxable","13":"product-type-external"},"_links":{"self":[{"href":"https:\/\/sabanadelamartours.com\/cs\/wp-json\/wp\/v2\/product\/12267","targetHints":{"allow":["GET"]}}],"collection":[{"href":"https:\/\/sabanadelamartours.com\/cs\/wp-json\/wp\/v2\/product"}],"about":[{"href":"https:\/\/sabanadelamartours.com\/cs\/wp-json\/wp\/v2\/types\/product"}],"version-history":[{"count":0,"href":"https:\/\/sabanadelamartours.com\/cs\/wp-json\/wp\/v2\/product\/12267\/revisions"}],"wp:featuredmedia":[{"embeddable":true,"href":"https:\/\/sabanadelamartours.com\/cs\/wp-json\/wp\/v2\/media\/12553"}],"wp:attachment":[{"href":"https:\/\/sabanadelamartours.com\/cs\/wp-json\/wp\/v2\/media?parent=12267"}],"wp:term":[{"taxonomy":"product_brand","embeddable":true,"href":"https:\/\/sabanadelamartours.com\/cs\/wp-json\/wp\/v2\/product_brand?post=12267"},{"taxonomy":"product_cat","embeddable":true,"href":"https:\/\/sabanadelamartours.com\/cs\/wp-json\/wp\/v2\/product_cat?post=12267"},{"taxonomy":"product_tag","embeddable":true,"href":"https:\/\/sabanadelamartours.com\/cs\/wp-json\/wp\/v2\/product_tag?post=12267"}],"curies":[{"name":"wp","href":"https:\/\/api.w.org\/{rel}","templated":true}]}}