{"id":12305,"date":"2025-12-18T10:46:32","date_gmt":"2025-12-18T10:46:32","guid":{"rendered":"https:\/\/sabanadelamartours.com\/?post_type=product&#038;p=12305"},"modified":"2026-02-10T03:08:39","modified_gmt":"2026-02-10T03:08:39","slug":"-160","status":"publish","type":"product","link":"https:\/\/sabanadelamartours.com\/cs\/prohlidka\/-160\/","title":{"rendered":"Ostrov Saona - \u00a1Pln\u00fd den s otev\u0159en\u00fdm barem, ob\u011bdem a zp\u00e1te\u010dn\u00ed cestou!"},"content":{"rendered":"<p>Ostrov Saona - \u00a1Pln\u00fd den s otev\u0159en\u00fdm barem, ob\u011bdem a zp\u00e1te\u010dn\u00ed j\u00edzdou!<\/p>\n<p>Vol\u00e1me v\u0161echny milovn\u00edky slunce a relaxace! Pono\u0159te se do r\u00e1je s na\u0161\u00ed nezapomenutelnou exkurz\u00ed na ostrov Saona.<\/p>\n<p>P\u0159edstavte si, jak se no\u0159\u00edte do nedot\u010den\u00e9ho b\u00edl\u00e9ho p\u00edsku, d\u00edv\u00e1te se na k\u0159i\u0161\u0165\u00e1lov\u011b \u010distou tyrkysovou vodu a c\u00edt\u00edte jemn\u00e9 pohlazen\u00ed palem pohupuj\u00edc\u00edch se ve v\u011btru. Na ostrov\u011b Saona na v\u00e1s \u010dek\u00e1 o\u00e1za klidu, kter\u00e1 rozplyne va\u0161e starosti.<\/p>\n<p>Pohodln\u011b v\u00e1s vyzvedneme ve va\u0161em hotelu a odvezeme v\u00e1s do Bayahibe, v\u00fdchoz\u00edho bodu va\u0161eho karibsk\u00e9ho dobrodru\u017estv\u00ed. Zde se nalod\u00edte na rychl\u00fd motorov\u00fd \u010dlun a vyd\u00e1te se na vzru\u0161uj\u00edc\u00ed j\u00edzdu po \u0161um\u00edc\u00edm mo\u0159i.<\/p>\n<p>Ale po\u010dkejte! T\u00edm na\u0161e dobrodru\u017estv\u00ed nekon\u010d\u00ed. V polovin\u011b cesty do Saony se zastav\u00edme u \u00fachvatn\u00e9ho p\u0159\u00edrodn\u00edho koupali\u0161t\u011b. Pono\u0159te se do tohoto k\u0159i\u0161\u0165\u00e1lov\u011b \u010dist\u00e9ho z\u00e1zraku obklopen\u00e9ho \u00fa\u017easnou scen\u00e9ri\u00ed - ide\u00e1ln\u00ed zp\u016fsob, jak se zchladit a p\u0159ipravit se na kouzlo ostrova Saona.<\/p>\n<p>Jakmile doraz\u00edme do na\u0161eho ostrovn\u00edho r\u00e1je, budete m\u00edt v\u00edce ne\u017e 3,5 hodiny na vytvo\u0159en\u00ed vzpom\u00ednek, kter\u00e9 v\u00e1m z\u016fstanou na cel\u00fd \u017eivot. Odpo\u010d\u00edvejte na pl\u00e1\u017ei, opalujte se nebo prozkoumejte skryt\u00e9 skvosty ostrova. M\u00e1te chu\u0165 na \u0161norchlov\u00e1n\u00ed? Pono\u0159te se do \u017eiv\u00fdch kor\u00e1lov\u00fdch \u00fates\u016f pln\u00fdch pestrobarevn\u00e9ho mo\u0159sk\u00e9ho \u017eivota. Nebo si jen odpo\u010di\u0148te pod pohupuj\u00edc\u00ed se palmou s osv\u011b\u017euj\u00edc\u00edm n\u00e1pojem v ruce.<\/p>\n<p>A\u017e odpoledn\u00ed slunce zbarv\u00ed oblohu do z\u00e1\u0159iv\u00fdch odst\u00edn\u016f, nalod\u00edme se na luxusn\u00ed katamar\u00e1n a v klidu se vyd\u00e1me na plavbu zp\u011bt do Bayahibe. Ale nebojte se, z\u00e1bava je\u0161t\u011b nekon\u010d\u00ed! P\u0159ipravte se protan\u010dit celou noc (nebo odpoledne, podle toho, kdy ve\u010d\u00edrek za\u010dne) s na\u0161\u00ed \u017eivou palubn\u00ed z\u00e1bavou. Je to dokonal\u00fd zp\u016fsob, jak oslavit nezapomenuteln\u00e9 dobrodru\u017estv\u00ed v r\u00e1ji.<\/p>\n<p>N\u00e1\u0161 all inclusive v\u00fdlet na ostrov Saona je celodenn\u00ed a trv\u00e1 p\u0159ibli\u017en\u011b 10 hodin. Je to p\u0159\u00edle\u017eitost uniknout v\u0161ednosti a vstoupit do sv\u011bta odpo\u010dinku a kr\u00e1sy. Rezervujte si sv\u016fj v\u00fdlet na ostrov Saona je\u0161t\u011b dnes a nechte se un\u00e1\u0161et r\u00e1jem!<\/p>","protected":false},"excerpt":{"rendered":"<div data-track=\"overview\" data-v-83a2b402=\"\">\n<section id=\"activity-overview\" class=\"activity-overview\" data-component=\"overview\" data-v-83a2b402=\"\" data-v-f3236c42=\"\">\n<p class=\"activity-overview__content\" data-test-id=\"activity-overview-content\" data-v-f3236c42=\"\">R\u00e1j ostrova Saona pro v\u00e1s!!! Ostrov Saona je jako r\u00e1j na zemi, obklopen\u00fd b\u00edl\u00fdmi p\u00edse\u010dn\u00fdmi pl\u00e1\u017eemi a k\u0159i\u0161\u0165\u00e1lov\u011b \u010distou tyrkysovou vodou.<\/p>\n<\/section>\n<\/div>\n<div data-track=\"key-details\" data-v-83a2b402=\"\"><\/div>","protected":false},"featured_media":12581,"template":"","meta":[],"product_brand":[],"product_cat":[97],"product_tag":[101,102],"class_list":{"0":"post-12305","1":"product","2":"type-product","3":"status-publish","4":"has-post-thumbnail","6":"product_cat-dominican-republic","7":"product_tag-excursion","8":"product_tag-tour","10":"first","11":"instock","12":"sale","13":"shipping-taxable","14":"product-type-external"},"_links":{"self":[{"href":"https:\/\/sabanadelamartours.com\/cs\/wp-json\/wp\/v2\/product\/12305","targetHints":{"allow":["GET"]}}],"collection":[{"href":"https:\/\/sabanadelamartours.com\/cs\/wp-json\/wp\/v2\/product"}],"about":[{"href":"https:\/\/sabanadelamartours.com\/cs\/wp-json\/wp\/v2\/types\/product"}],"version-history":[{"count":1,"href":"https:\/\/sabanadelamartours.com\/cs\/wp-json\/wp\/v2\/product\/12305\/revisions"}],"predecessor-version":[{"id":18888,"href":"https:\/\/sabanadelamartours.com\/cs\/wp-json\/wp\/v2\/product\/12305\/revisions\/18888"}],"wp:featuredmedia":[{"embeddable":true,"href":"https:\/\/sabanadelamartours.com\/cs\/wp-json\/wp\/v2\/media\/12581"}],"wp:attachment":[{"href":"https:\/\/sabanadelamartours.com\/cs\/wp-json\/wp\/v2\/media?parent=12305"}],"wp:term":[{"taxonomy":"product_brand","embeddable":true,"href":"https:\/\/sabanadelamartours.com\/cs\/wp-json\/wp\/v2\/product_brand?post=12305"},{"taxonomy":"product_cat","embeddable":true,"href":"https:\/\/sabanadelamartours.com\/cs\/wp-json\/wp\/v2\/product_cat?post=12305"},{"taxonomy":"product_tag","embeddable":true,"href":"https:\/\/sabanadelamartours.com\/cs\/wp-json\/wp\/v2\/product_tag?post=12305"}],"curies":[{"name":"wp","href":"https:\/\/api.w.org\/{rel}","templated":true}]}}