{"id":12392,"date":"2025-12-18T10:50:44","date_gmt":"2025-12-18T10:50:44","guid":{"rendered":"https:\/\/sabanadelamartours.com\/?post_type=product&#038;p=12392"},"modified":"2026-02-10T03:14:28","modified_gmt":"2026-02-10T03:14:28","slug":"-167","status":"publish","type":"product","link":"https:\/\/sabanadelamartours.com\/cs\/prohlidka\/-167\/","title":{"rendered":"Ron Barcerl\u00f3: Prohl\u00eddka rumov\u00e9 tov\u00e1rny s ochutn\u00e1vkou rumu"},"content":{"rendered":"<p>Ron Barcerl\u00f3: Prohl\u00eddka rumov\u00e9 tov\u00e1rny s ochutn\u00e1vkou rumu<\/p>\n<p>Nav\u0161tivte tov\u00e1rnu na v\u00fdrobu rumu Ron Barcelo, kde si m\u016f\u017eete prohl\u00e9dnout proces v\u00fdroby, sezn\u00e1mit se s histori\u00ed a ochutnat vynikaj\u00edc\u00ed produkty. Vychutnejte si jedine\u010dn\u00fd z\u00e1\u017eitek poskytovan\u00fd ekologicky \u0161etrnou spole\u010dnost\u00ed, kter\u00e1 se vyzna\u010duje v\u00fdrobou rum\u016f prvot\u0159\u00eddn\u00ed kvality.<\/p>\n<p>Nejprve si prohl\u00e9dnete cel\u00fd v\u00fdrobn\u00ed proces, kde nav\u0161t\u00edv\u00edte sklep na zr\u00e1n\u00ed, abyste mohli ocenit proces odpa\u0159ov\u00e1n\u00ed, pot\u00e9 d\u00edlnu na sudy, kde se p\u0159ipravuje \u0161kr\u00e1b\u00e1n\u00ed a p\u00e1len\u00ed p\u0159ed zr\u00e1n\u00edm, a pot\u00e9 proces st\u00e1\u010den\u00ed a balen\u00ed.<\/p>\n<p>Nakonec zajd\u011bte do n\u00e1v\u0161t\u011bvnick\u00e9ho centra, prohl\u00e9dn\u011bte si muzeum, kter\u00e9 podrobn\u011b popisuje historii rumu, a najd\u011bte degusta\u010dn\u00ed bar a obchod se suven\u00fdry.<\/p>\n<p>M\u016f\u017eete si tak\u00e9 vybrat variantu Imperial a vychutnat si ochutn\u00e1vku ve sklep\u011b Aging Cellar. Jedn\u00e1 se o 90minutovou prohl\u00eddku, p\u0159i kter\u00e9 se sezn\u00e1m\u00edte s pr\u00e9miov\u00fdm rumem Barcelo Imperial Rum. Budete m\u00edt k dispozici soukrom\u00e9ho v\u00e1\u0161niv\u00e9ho pr\u016fvodce, kter\u00fd v\u00e1s nau\u010d\u00ed, jak rum nejl\u00e9pe ocenit.<\/p>\n<p>D\u016fle\u017eit\u00e9: Tento poplatek zahrnuje pouze prohl\u00eddku uvnit\u0159 tov\u00e1rny, nezaji\u0161\u0165ujeme dopravu z va\u0161eho m\u00edsta.<\/p>","protected":false},"excerpt":{"rendered":"<div data-track=\"overview\" data-v-83a2b402=\"\">\n<section id=\"activity-overview\" class=\"activity-overview\" data-component=\"overview\" data-v-83a2b402=\"\" data-v-f3236c42=\"\">\n<p class=\"activity-overview__content\" data-test-id=\"activity-overview-content\" data-v-f3236c42=\"\">P\u0159i prohl\u00eddce tov\u00e1rny na v\u00fdrobu rumu Ron Barcel\u00f3 zjist\u00edte, jak se dominik\u00e1nsk\u00e1 cukrov\u00e1 t\u0159tina zpracov\u00e1v\u00e1 na lahodn\u00fd rum. Dozv\u00edte se o sklizni, destilaci, zr\u00e1n\u00ed a ochutn\u00e1te ocen\u011bn\u00fd produkt.<\/p>\n<\/section>\n<\/div>\n<div data-track=\"key-details\" data-v-83a2b402=\"\"><\/div>","protected":false},"featured_media":12642,"template":"","meta":[],"product_brand":[],"product_cat":[97],"product_tag":[101,102],"class_list":{"0":"post-12392","1":"product","2":"type-product","3":"status-publish","4":"has-post-thumbnail","6":"product_cat-dominican-republic","7":"product_tag-excursion","8":"product_tag-tour","10":"first","11":"instock","12":"shipping-taxable","13":"product-type-external"},"_links":{"self":[{"href":"https:\/\/sabanadelamartours.com\/cs\/wp-json\/wp\/v2\/product\/12392","targetHints":{"allow":["GET"]}}],"collection":[{"href":"https:\/\/sabanadelamartours.com\/cs\/wp-json\/wp\/v2\/product"}],"about":[{"href":"https:\/\/sabanadelamartours.com\/cs\/wp-json\/wp\/v2\/types\/product"}],"version-history":[{"count":2,"href":"https:\/\/sabanadelamartours.com\/cs\/wp-json\/wp\/v2\/product\/12392\/revisions"}],"predecessor-version":[{"id":18894,"href":"https:\/\/sabanadelamartours.com\/cs\/wp-json\/wp\/v2\/product\/12392\/revisions\/18894"}],"wp:featuredmedia":[{"embeddable":true,"href":"https:\/\/sabanadelamartours.com\/cs\/wp-json\/wp\/v2\/media\/12642"}],"wp:attachment":[{"href":"https:\/\/sabanadelamartours.com\/cs\/wp-json\/wp\/v2\/media?parent=12392"}],"wp:term":[{"taxonomy":"product_brand","embeddable":true,"href":"https:\/\/sabanadelamartours.com\/cs\/wp-json\/wp\/v2\/product_brand?post=12392"},{"taxonomy":"product_cat","embeddable":true,"href":"https:\/\/sabanadelamartours.com\/cs\/wp-json\/wp\/v2\/product_cat?post=12392"},{"taxonomy":"product_tag","embeddable":true,"href":"https:\/\/sabanadelamartours.com\/cs\/wp-json\/wp\/v2\/product_tag?post=12392"}],"curies":[{"name":"wp","href":"https:\/\/api.w.org\/{rel}","templated":true}]}}