{"id":12463,"date":"2025-12-18T10:53:34","date_gmt":"2025-12-18T10:53:34","guid":{"rendered":"https:\/\/sabanadelamartours.com\/?post_type=product&#038;p=12463"},"modified":"2026-02-09T05:25:02","modified_gmt":"2026-02-09T05:25:02","slug":"-173","status":"publish","type":"product","link":"https:\/\/sabanadelamartours.com\/cs\/prohlidka\/-173\/","title":{"rendered":"AMBER COVE-TAINO BAY Super Buggy Tour"},"content":{"rendered":"<p>Va\u0161e dobrodru\u017estv\u00ed za\u010d\u00edn\u00e1 ve chv\u00edli, kdy v\u00e1s vyzvedneme z Amber Cove nebo Taino Bay. Ze z\u00e1toky Amber Cove je to k na\u0161\u00ed stanici Super Buggy kr\u00e1tk\u00e1 dvouminutov\u00e1 j\u00edzda a ze z\u00e1toky Taino Bay rychl\u00e1 dvan\u00e1ctiminutov\u00e1 cesta. Po p\u0159\u00edjezdu v\u00e1m pr\u016fvodce poskytne bezpe\u010dnostn\u00ed instrukt\u00e1\u017e a p\u0159iprav\u00ed v\u00e1s na nadch\u00e1zej\u00edc\u00ed den.<\/p>\n<p>Vydejte se na vzru\u0161uj\u00edc\u00ed 75minutovou proj\u00ed\u017e\u010fku krajinou kolem dominik\u00e1nsk\u00fdch vesnic a n\u00e1dhern\u00fdch pl\u00e1\u017e\u00ed, abyste se pono\u0159ili do pulzuj\u00edc\u00edho m\u00edstn\u00edho \u017eivota a \u00fachvatn\u00fdch p\u0159\u00edrodn\u00edch scen\u00e9ri\u00ed.<\/p>\n<p>Cesta zahrnuje 15minutovou zast\u00e1vku v tov\u00e1rn\u011b na doutn\u00edky, kde m\u016f\u017eete ochutnat pan\u00e1ky MamaJuana a vychutnat si ochutn\u00e1vku hork\u00e9 \u010dokol\u00e1dy a k\u00e1vy, kter\u00e1 nab\u00edz\u00ed ochutn\u00e1vku dominik\u00e1nsk\u00e9 tradice.<\/p>\n<p>Dal\u0161\u00ed 15minutov\u00e1 zast\u00e1vka na pl\u00e1\u017ei v\u00e1m umo\u017en\u00ed osv\u011b\u017euj\u00edc\u00ed koupel v k\u0159i\u0161\u0165\u00e1lov\u011b \u010dist\u00e9 vod\u011b, kter\u00e1 je ide\u00e1ln\u00edm zp\u016fsobem, jak se zchladit.<\/p>\n<div class=\"toggle-content__content toggle-content__content--expanded toggle-content__content--packable\" data-v-59485d64=\"\">\n<div data-test-id=\"activity-full-description-text\" data-v-5835c99c=\"\">Prohl\u00eddku zakon\u010d\u00edte vysazen\u00edm v p\u0159\u00edstavu v\u00fdletn\u00ed lodi v Amber Cove nebo Taino Bay, \u010d\u00edm\u017e zavr\u0161\u00edte nezapomenuteln\u00fd den pln\u00fd pozn\u00e1v\u00e1n\u00ed a z\u00e1bavy.<\/div>\n<\/div>\n<div class=\"toggle-content__label-placeholder\" data-v-59485d64=\"\"><\/div>","protected":false},"excerpt":{"rendered":"<div data-track=\"overview\" data-v-83a2b402=\"\">\n<section id=\"activity-overview\" class=\"activity-overview\" data-component=\"overview\" data-v-83a2b402=\"\" data-v-f3236c42=\"\">\n<p class=\"activity-overview__content\" data-test-id=\"activity-overview-content\" data-v-f3236c42=\"\">Prozkoumejte Dominik\u00e1nskou republiku od venkovsk\u00fdch vesnic a\u017e po zlat\u00e9 p\u00edse\u010dn\u00e9 pl\u00e1\u017ee na v\u00fdlet\u011b super buggy. Nav\u0161tivte tradi\u010dn\u00ed tov\u00e1rnu na doutn\u00edky a ochutnejte m\u00edstn\u00ed k\u00e1vu a \u010dokol\u00e1du.<\/p>\n<\/section>\n<\/div>\n<div data-track=\"key-details\" data-v-83a2b402=\"\"><\/div>","protected":false},"featured_media":11646,"template":"","meta":[],"product_brand":[],"product_cat":[97],"product_tag":[101,102],"class_list":{"0":"post-12463","1":"product","2":"type-product","3":"status-publish","4":"has-post-thumbnail","6":"product_cat-dominican-republic","7":"product_tag-excursion","8":"product_tag-tour","10":"first","11":"instock","12":"shipping-taxable","13":"product-type-external"},"_links":{"self":[{"href":"https:\/\/sabanadelamartours.com\/cs\/wp-json\/wp\/v2\/product\/12463","targetHints":{"allow":["GET"]}}],"collection":[{"href":"https:\/\/sabanadelamartours.com\/cs\/wp-json\/wp\/v2\/product"}],"about":[{"href":"https:\/\/sabanadelamartours.com\/cs\/wp-json\/wp\/v2\/types\/product"}],"version-history":[{"count":1,"href":"https:\/\/sabanadelamartours.com\/cs\/wp-json\/wp\/v2\/product\/12463\/revisions"}],"predecessor-version":[{"id":18488,"href":"https:\/\/sabanadelamartours.com\/cs\/wp-json\/wp\/v2\/product\/12463\/revisions\/18488"}],"wp:featuredmedia":[{"embeddable":true,"href":"https:\/\/sabanadelamartours.com\/cs\/wp-json\/wp\/v2\/media\/11646"}],"wp:attachment":[{"href":"https:\/\/sabanadelamartours.com\/cs\/wp-json\/wp\/v2\/media?parent=12463"}],"wp:term":[{"taxonomy":"product_brand","embeddable":true,"href":"https:\/\/sabanadelamartours.com\/cs\/wp-json\/wp\/v2\/product_brand?post=12463"},{"taxonomy":"product_cat","embeddable":true,"href":"https:\/\/sabanadelamartours.com\/cs\/wp-json\/wp\/v2\/product_cat?post=12463"},{"taxonomy":"product_tag","embeddable":true,"href":"https:\/\/sabanadelamartours.com\/cs\/wp-json\/wp\/v2\/product_tag?post=12463"}],"curies":[{"name":"wp","href":"https:\/\/api.w.org\/{rel}","templated":true}]}}