{"id":12498,"date":"2025-12-18T10:54:54","date_gmt":"2025-12-18T10:54:54","guid":{"rendered":"https:\/\/sabanadelamartours.com\/?post_type=product&#038;p=12498"},"modified":"2026-01-06T13:10:24","modified_gmt":"2026-01-06T13:10:24","slug":"-178","status":"publish","type":"product","link":"https:\/\/sabanadelamartours.com\/cs\/prohlidka\/-178\/","title":{"rendered":"Bavaro Punta Cana: Prohl\u00eddka m\u011bsta s modely Harley E-Scooters"},"content":{"rendered":"<p>Jedine\u010dn\u00e1 a exkluzivn\u00ed prohl\u00eddka v t\u00e9to oblasti, jedin\u00e1 prohl\u00eddka s ekologick\u00fdmi elektrokoly, na kter\u00fdch se jezd\u00ed velmi snadno. Prohl\u00eddka trv\u00e1 p\u0159ibli\u017en\u011b 3 hodiny. V r\u00e1mci prohl\u00eddky nav\u0161t\u00edv\u00edte n\u011bkolik m\u00edst, kter\u00e1 si m\u016f\u017eete prohl\u00e9dnout, vyfotit nebo nakoupit n\u011bjak\u00e9 d\u00e1rky. Atmosf\u00e9ra a atmosf\u00e9ra jsou velmi z\u00e1bavn\u00e9 a pozornost je velmi osobn\u00ed, proto\u017ee skupiny jsou mal\u00e9.<\/p>\n<p>Plavte se po oblastech s n\u00e1dhern\u00fdmi scen\u00e9riemi a objevte v\u0161echny kr\u00e1sy Bavaro a jeho okol\u00ed. Na na\u0161\u00ed posledn\u00ed zast\u00e1vce budete m\u00edt mo\u017enost vychutnat si typicky dominik\u00e1nsk\u00fd ob\u011bd v restauraci Yeya nebo speci\u00e1ln\u00ed koktejl v Mixology Baru.<\/p>\n<p>Pokud chcete oslavit n\u011bjak\u00e9 v\u00fdro\u010d\u00ed, rozlu\u010dku se svobodou nebo jakoukoli ud\u00e1lost s p\u0159\u00e1teli a rodinou, vyzkou\u0161ejte n\u00e1s.<\/p>\n<p>V cen\u011b je zahrnuta doprava z v\u011bt\u0161iny st\u0159edisek a hotel\u016f v oblasti a zp\u011bt.<\/p>","protected":false},"excerpt":{"rendered":"<div data-track=\"overview\" data-v-83a2b402=\"\">\n<section id=\"activity-overview\" class=\"activity-overview\" data-component=\"overview\" data-v-83a2b402=\"\" data-v-f3236c42=\"\">\n<p class=\"activity-overview__content\" data-test-id=\"activity-overview-content\" data-v-f3236c42=\"\">Prozkoumejte skryt\u00e9 skvosty Bavaro a oblasti Down Town stylov\u011b na snadno ovladateln\u00e9m elektrick\u00e9m kole s n\u011bkolika zast\u00e1vkami, abyste si u\u017eili to, co Bavaro nab\u00edz\u00ed, a vytvo\u0159ili si nezapomenuteln\u00e9 vzpom\u00ednky.<\/p>\n<\/section>\n<\/div>\n<div data-track=\"key-details\" data-v-83a2b402=\"\"><\/div>","protected":false},"featured_media":12759,"template":"","meta":[],"product_brand":[],"product_cat":[97],"product_tag":[101,102],"class_list":{"0":"post-12498","1":"product","2":"type-product","3":"status-publish","4":"has-post-thumbnail","6":"product_cat-dominican-republic","7":"product_tag-excursion","8":"product_tag-tour","10":"first","11":"instock","12":"shipping-taxable","13":"product-type-external"},"_links":{"self":[{"href":"https:\/\/sabanadelamartours.com\/cs\/wp-json\/wp\/v2\/product\/12498","targetHints":{"allow":["GET"]}}],"collection":[{"href":"https:\/\/sabanadelamartours.com\/cs\/wp-json\/wp\/v2\/product"}],"about":[{"href":"https:\/\/sabanadelamartours.com\/cs\/wp-json\/wp\/v2\/types\/product"}],"version-history":[{"count":1,"href":"https:\/\/sabanadelamartours.com\/cs\/wp-json\/wp\/v2\/product\/12498\/revisions"}],"predecessor-version":[{"id":18552,"href":"https:\/\/sabanadelamartours.com\/cs\/wp-json\/wp\/v2\/product\/12498\/revisions\/18552"}],"wp:featuredmedia":[{"embeddable":true,"href":"https:\/\/sabanadelamartours.com\/cs\/wp-json\/wp\/v2\/media\/12759"}],"wp:attachment":[{"href":"https:\/\/sabanadelamartours.com\/cs\/wp-json\/wp\/v2\/media?parent=12498"}],"wp:term":[{"taxonomy":"product_brand","embeddable":true,"href":"https:\/\/sabanadelamartours.com\/cs\/wp-json\/wp\/v2\/product_brand?post=12498"},{"taxonomy":"product_cat","embeddable":true,"href":"https:\/\/sabanadelamartours.com\/cs\/wp-json\/wp\/v2\/product_cat?post=12498"},{"taxonomy":"product_tag","embeddable":true,"href":"https:\/\/sabanadelamartours.com\/cs\/wp-json\/wp\/v2\/product_tag?post=12498"}],"curies":[{"name":"wp","href":"https:\/\/api.w.org\/{rel}","templated":true}]}}