{"id":12523,"date":"2025-12-18T10:55:48","date_gmt":"2025-12-18T10:55:48","guid":{"rendered":"https:\/\/sabanadelamartours.com\/?post_type=product&#038;p=12523"},"modified":"2026-02-10T03:19:29","modified_gmt":"2026-02-10T03:19:29","slug":"-181","status":"publish","type":"product","link":"https:\/\/sabanadelamartours.com\/cs\/prohlidka\/-181\/","title":{"rendered":"Z Punta Cany: Hlubokomo\u0159sk\u00fd rybolov na lodi s n\u00e1poji"},"content":{"rendered":"<p>Experience the thrill of deep sea fishing with this tour that includes hotel pickup and drop-off from Punta Cana. Take a tour that is caters to both the seasoned angler and beginners. Go out to open waters where you can target marlin, sailfish, tuna, and mahi-mahi.<\/p>\n<p>Be picked up at your hotel and transfer to the boat to bmbark on an offshore journey and test your skills against some of the biggest game fish in the Caribbean on a deep sea fishing excursion. Use state-of-the-art gear and an experienced captain, to have the best chance to hook a trophy fish.<\/p>\n<p>Set sail with a captain and crew that are passionate about fishing and are happy to ensure you have an incredible time on the water. Have all the high-quality fishing gear, bait, and hydration you need, so you can focus on reeling in the big catch.<\/p>\n<p>Return to your accommodation with your catch at the end of your tour.<\/p>","protected":false},"excerpt":{"rendered":"<div data-track=\"overview\" data-v-83a2b402=\"\">\n<section id=\"activity-overview\" class=\"activity-overview\" data-component=\"overview\" data-v-83a2b402=\"\" data-v-f3236c42=\"\">\n<p class=\"activity-overview__content\" data-test-id=\"activity-overview-content\" data-v-f3236c42=\"\">U\u017eijte si nezapomenuteln\u00e9 ryb\u00e1\u0159sk\u00e9 dobrodru\u017estv\u00ed v nedot\u010den\u00fdch vod\u00e1ch Punta Cany. Vychutnejte si pivo, limon\u00e1du a vodu v cen\u011b a m\u011bjte k dispozici ve\u0161ker\u00e9 vybaven\u00ed, kter\u00e9 pot\u0159ebujete k uloven\u00ed sv\u00e9ho vysn\u011bn\u00e9ho \u00falovku.<\/p>\n<\/section>\n<\/div>\n<div data-track=\"key-details\" data-v-83a2b402=\"\"><\/div>","protected":false},"featured_media":12811,"template":"","meta":[],"product_brand":[],"product_cat":[97],"product_tag":[101,102],"class_list":{"0":"post-12523","1":"product","2":"type-product","3":"status-publish","4":"has-post-thumbnail","6":"product_cat-dominican-republic","7":"product_tag-excursion","8":"product_tag-tour","10":"first","11":"instock","12":"shipping-taxable","13":"product-type-external"},"_links":{"self":[{"href":"https:\/\/sabanadelamartours.com\/cs\/wp-json\/wp\/v2\/product\/12523","targetHints":{"allow":["GET"]}}],"collection":[{"href":"https:\/\/sabanadelamartours.com\/cs\/wp-json\/wp\/v2\/product"}],"about":[{"href":"https:\/\/sabanadelamartours.com\/cs\/wp-json\/wp\/v2\/types\/product"}],"version-history":[{"count":1,"href":"https:\/\/sabanadelamartours.com\/cs\/wp-json\/wp\/v2\/product\/12523\/revisions"}],"predecessor-version":[{"id":18900,"href":"https:\/\/sabanadelamartours.com\/cs\/wp-json\/wp\/v2\/product\/12523\/revisions\/18900"}],"wp:featuredmedia":[{"embeddable":true,"href":"https:\/\/sabanadelamartours.com\/cs\/wp-json\/wp\/v2\/media\/12811"}],"wp:attachment":[{"href":"https:\/\/sabanadelamartours.com\/cs\/wp-json\/wp\/v2\/media?parent=12523"}],"wp:term":[{"taxonomy":"product_brand","embeddable":true,"href":"https:\/\/sabanadelamartours.com\/cs\/wp-json\/wp\/v2\/product_brand?post=12523"},{"taxonomy":"product_cat","embeddable":true,"href":"https:\/\/sabanadelamartours.com\/cs\/wp-json\/wp\/v2\/product_cat?post=12523"},{"taxonomy":"product_tag","embeddable":true,"href":"https:\/\/sabanadelamartours.com\/cs\/wp-json\/wp\/v2\/product_tag?post=12523"}],"curies":[{"name":"wp","href":"https:\/\/api.w.org\/{rel}","templated":true}]}}