{"id":12539,"date":"2025-12-18T10:56:28","date_gmt":"2025-12-18T10:56:28","guid":{"rendered":"https:\/\/sabanadelamartours.com\/?post_type=product&#038;p=12539"},"modified":"2026-02-10T03:21:42","modified_gmt":"2026-02-10T03:21:42","slug":"-182","status":"publish","type":"product","link":"https:\/\/sabanadelamartours.com\/cs\/prohlidka\/-182\/","title":{"rendered":"Dominik\u00e1nsk\u00e9 va\u0159en\u00ed a proch\u00e1zka s kapuc\u00ed"},"content":{"rendered":"<p>Pono\u0159te se do hlavn\u00edho m\u011bsta Santo Dominga na t\u00e9to p\u011b\u0161\u00ed prohl\u00eddce vzd\u00e1len\u00e9 asi 3 minuty od koloni\u00e1ln\u00ed z\u00f3ny. B\u011bhem t\u00e9to p\u016fldenn\u00ed exkurze se vydejte za m\u00edstn\u00edmi pr\u016fvodci, kte\u0159\u00ed se v t\u011bchto oblastech narodili a vyrostli, a prohl\u00e9dn\u011bte si n\u011bkter\u00e1 z m\u00edstn\u00edch skryt\u00fdch m\u00edst, nasko\u010dte na \u201cCarro De Concho\u201d (typick\u00fd zp\u016fsob dopravy), kter\u00fd proj\u00ed\u017ed\u00ed srdcem r\u016fzn\u00fdch \u010dtvrt\u00ed dominik\u00e1nsk\u00e9ho hlavn\u00edho m\u011bsta, zastavte se u na\u0161eho n\u00e1pisu kapuce, nav\u0161tivte studio, kde vzniklo mnoho dembowsk\u00fdch hit\u016f, nav\u0161tivte typick\u00fd d\u016fm, pomozte na\u0161im m\u00edstn\u00edm uva\u0159it typick\u00e9 dominik\u00e1nsk\u00e9 j\u00eddlo nebo ochutnejte typick\u00e9 dominik\u00e1nsk\u00e9 placky (dom\u00e1c\u00ed j\u00eddlo je nab\u00edzeno p\u0159i rezervaci pro dv\u011b a v\u00edce osob), dominik\u00e1nskou zmrzlinu (helado de fundita) a vychutnejte si fantastick\u00fd v\u00fdhled na Santo Domingo z v\u00fd\u0161ky na\u0161\u00ed lanovky a proje\u010fte se na\u0161\u00edm modern\u00edm metrem.<\/p>","protected":false},"excerpt":{"rendered":"<div data-track=\"overview\" data-v-83a2b402=\"\">\n<section id=\"activity-overview\" class=\"activity-overview\" data-component=\"overview\" data-v-83a2b402=\"\" data-v-f3236c42=\"\">\n<p class=\"activity-overview__content\" data-test-id=\"activity-overview-content\" data-v-f3236c42=\"\">Pokud jste zv\u011bdav\u00fd \u010dlov\u011bk, p\u0159idejte se k na\u0161im pozn\u00e1vac\u00edm v\u00fdlet\u016fm s m\u00edstn\u00edmi obyvateli a ci\u0165te se jako autentick\u00fd m\u00edstn\u00ed obyvatel, proto\u017ee v\u00e1m bezpe\u010dn\u011b a organizovan\u011b uk\u00e1\u017eeme druhou stranu Santo Dominga.<\/p>\n<\/section>\n<\/div>\n<div data-track=\"key-details\" data-v-83a2b402=\"\"><\/div>","protected":false},"featured_media":12819,"template":"","meta":[],"product_brand":[],"product_cat":[97],"product_tag":[101,102],"class_list":{"0":"post-12539","1":"product","2":"type-product","3":"status-publish","4":"has-post-thumbnail","6":"product_cat-dominican-republic","7":"product_tag-excursion","8":"product_tag-tour","10":"first","11":"instock","12":"sale","13":"shipping-taxable","14":"product-type-external"},"_links":{"self":[{"href":"https:\/\/sabanadelamartours.com\/cs\/wp-json\/wp\/v2\/product\/12539","targetHints":{"allow":["GET"]}}],"collection":[{"href":"https:\/\/sabanadelamartours.com\/cs\/wp-json\/wp\/v2\/product"}],"about":[{"href":"https:\/\/sabanadelamartours.com\/cs\/wp-json\/wp\/v2\/types\/product"}],"version-history":[{"count":1,"href":"https:\/\/sabanadelamartours.com\/cs\/wp-json\/wp\/v2\/product\/12539\/revisions"}],"predecessor-version":[{"id":18901,"href":"https:\/\/sabanadelamartours.com\/cs\/wp-json\/wp\/v2\/product\/12539\/revisions\/18901"}],"wp:featuredmedia":[{"embeddable":true,"href":"https:\/\/sabanadelamartours.com\/cs\/wp-json\/wp\/v2\/media\/12819"}],"wp:attachment":[{"href":"https:\/\/sabanadelamartours.com\/cs\/wp-json\/wp\/v2\/media?parent=12539"}],"wp:term":[{"taxonomy":"product_brand","embeddable":true,"href":"https:\/\/sabanadelamartours.com\/cs\/wp-json\/wp\/v2\/product_brand?post=12539"},{"taxonomy":"product_cat","embeddable":true,"href":"https:\/\/sabanadelamartours.com\/cs\/wp-json\/wp\/v2\/product_cat?post=12539"},{"taxonomy":"product_tag","embeddable":true,"href":"https:\/\/sabanadelamartours.com\/cs\/wp-json\/wp\/v2\/product_tag?post=12539"}],"curies":[{"name":"wp","href":"https:\/\/api.w.org\/{rel}","templated":true}]}}