{"id":12580,"date":"2025-12-18T10:58:19","date_gmt":"2025-12-18T10:58:19","guid":{"rendered":"https:\/\/sabanadelamartours.com\/?post_type=product&#038;p=12580"},"modified":"2026-02-10T03:28:31","modified_gmt":"2026-02-10T03:28:31","slug":"-186","status":"publish","type":"product","link":"https:\/\/sabanadelamartours.com\/cs\/prohlidka\/-186\/","title":{"rendered":"Las Terrenas : Adrenalinov\u00e1 t\u00fara na zipline v Saman\u011b"},"content":{"rendered":"<p>Vydejte se na vzru\u0161uj\u00edc\u00ed zip line s jednou z nejdel\u0161\u00edch v Dominik\u00e1nsk\u00e9 republice , z nich\u017e ka\u017ed\u00e1 nab\u00edz\u00ed \u00fa\u017easn\u00fd v\u00fdhled a adrenalinov\u00fd z\u00e1\u017eitek.<\/p>\n<p>Na\u0161e dobrodru\u017estv\u00ed zahrnuje pohodlnou dopravu do va\u0161eho hotelu a zp\u011bt od 9 do 12 hodin, kdy pojedeme po p\u011bkn\u00e9 silnici z Las Terrenas do Samany maxim\u00e1ln\u011b 30 minut j\u00edzdy.<\/p>\n<p>Doprovod\u00ed v\u00e1s na\u0161i odborn\u00ed pr\u016fvodci, kte\u0159\u00ed v\u00e1m poskytnou odborn\u00e9 informace a zajist\u00ed va\u0161i bezpe\u010dnost na ka\u017ed\u00e9m kroku. P\u0159ipravte se na dobrodru\u017estv\u00ed, kter\u00e9mu se nic nevyrovn\u00e1!<\/p>","protected":false},"excerpt":{"rendered":"<div data-track=\"overview\" data-v-83a2b402=\"\">\n<section id=\"activity-overview\" class=\"activity-overview\" data-component=\"overview\" data-v-83a2b402=\"\" data-v-f3236c42=\"\">\n<p class=\"activity-overview__content\" data-test-id=\"activity-overview-content\" data-v-f3236c42=\"\">Za\u017eijte nejlep\u0161\u00ed adrenalinov\u00fd v\u00fdlet na poloostrov\u011b Samana, kter\u00fd se nach\u00e1z\u00ed v bl\u00edzkosti Las Terrenas, a u\u017eijte si neuv\u011b\u0159iteln\u00fd p\u016fldenn\u00ed v\u00fdlet.<\/p>\n<\/section>\n<\/div>\n<div data-track=\"key-details\" data-v-83a2b402=\"\"><\/div>","protected":false},"featured_media":12863,"template":"","meta":[],"product_brand":[],"product_cat":[97],"product_tag":[101,102],"class_list":{"0":"post-12580","1":"product","2":"type-product","3":"status-publish","4":"has-post-thumbnail","6":"product_cat-dominican-republic","7":"product_tag-excursion","8":"product_tag-tour","10":"first","11":"instock","12":"shipping-taxable","13":"product-type-external"},"_links":{"self":[{"href":"https:\/\/sabanadelamartours.com\/cs\/wp-json\/wp\/v2\/product\/12580","targetHints":{"allow":["GET"]}}],"collection":[{"href":"https:\/\/sabanadelamartours.com\/cs\/wp-json\/wp\/v2\/product"}],"about":[{"href":"https:\/\/sabanadelamartours.com\/cs\/wp-json\/wp\/v2\/types\/product"}],"version-history":[{"count":1,"href":"https:\/\/sabanadelamartours.com\/cs\/wp-json\/wp\/v2\/product\/12580\/revisions"}],"predecessor-version":[{"id":18904,"href":"https:\/\/sabanadelamartours.com\/cs\/wp-json\/wp\/v2\/product\/12580\/revisions\/18904"}],"wp:featuredmedia":[{"embeddable":true,"href":"https:\/\/sabanadelamartours.com\/cs\/wp-json\/wp\/v2\/media\/12863"}],"wp:attachment":[{"href":"https:\/\/sabanadelamartours.com\/cs\/wp-json\/wp\/v2\/media?parent=12580"}],"wp:term":[{"taxonomy":"product_brand","embeddable":true,"href":"https:\/\/sabanadelamartours.com\/cs\/wp-json\/wp\/v2\/product_brand?post=12580"},{"taxonomy":"product_cat","embeddable":true,"href":"https:\/\/sabanadelamartours.com\/cs\/wp-json\/wp\/v2\/product_cat?post=12580"},{"taxonomy":"product_tag","embeddable":true,"href":"https:\/\/sabanadelamartours.com\/cs\/wp-json\/wp\/v2\/product_tag?post=12580"}],"curies":[{"name":"wp","href":"https:\/\/api.w.org\/{rel}","templated":true}]}}