{"id":12647,"date":"2025-12-18T11:00:58","date_gmt":"2025-12-18T11:00:58","guid":{"rendered":"https:\/\/sabanadelamartours.com\/?post_type=product&#038;p=12647"},"modified":"2026-02-11T03:46:17","modified_gmt":"2026-02-11T03:46:17","slug":"-192","status":"publish","type":"product","link":"https:\/\/sabanadelamartours.com\/cs\/prohlidka\/-192\/","title":{"rendered":"Punta Cana: Canta Punta: Prohl\u00eddka na bugin\u00e1ch s pl\u00e1\u017e\u00ed a cenotem"},"content":{"rendered":"<h4 class=\"product_title entry-title\">Punta Cana: Canta Punta: Prohl\u00eddka na bugin\u00e1ch s pl\u00e1\u017e\u00ed a cenotem<\/h4>\n<p>Vydejte se na vzru\u0161uj\u00edc\u00ed cestu rozmanitou krajinou Punta Cany s na\u0161\u00edm dobrodru\u017estv\u00edm s buginami. Tento v\u00fdlet nab\u00edz\u00ed jedine\u010dnou kombinaci vzru\u0161en\u00ed, p\u0159\u00edrodn\u00edch kr\u00e1s a kulturn\u00edho pozn\u00e1n\u00ed, co\u017e z n\u011bj \u010din\u00ed nezapomenuteln\u00fd z\u00e1\u017eitek.<\/p>\n<p>Za\u010d\u00e1tek dobrodru\u017estv\u00ed:<\/p>\n<p>Vyzvednut\u00ed v hotelu: Vyzvednut\u00ed z hotelu v Punta Can\u011b: Va\u0161e dobrodru\u017estv\u00ed za\u010d\u00edn\u00e1 pohodln\u00fdm vyzvednut\u00edm z hotelu v Punta Can\u011b. N\u00e1\u0161 p\u0159\u00e1telsk\u00fd t\u00fdm v\u00e1s p\u0159iv\u00edt\u00e1 a doprav\u00ed na v\u00fdchoz\u00ed m\u00edsto prohl\u00eddky.<\/p>\n<p>Bezpe\u010dnostn\u00ed briefing: Po p\u0159\u00edjezdu na ran\u010d obdr\u017e\u00edte podrobnou bezpe\u010dnostn\u00ed instrukt\u00e1\u017e a pokyny k ovl\u00e1d\u00e1n\u00ed bugin. A\u0165 u\u017e si vyberete dvoum\u00edstnou nebo \u010dty\u0159m\u00edstnou buggynu, \u010dek\u00e1 v\u00e1s pohodln\u00e1 a bezpe\u010dn\u00e1 j\u00edzda.<\/p>\n<p>Objevov\u00e1n\u00ed Punta Cany:<\/p>\n<p>Proj\u00ed\u017e\u010fka krajinou: Vydejte se na vzru\u0161uj\u00edc\u00ed j\u00edzdu dominik\u00e1nskou krajinou. Poci\u0165te n\u00e1por v\u011btru a vzru\u0161en\u00ed z proj\u00ed\u017ed\u011bn\u00ed r\u016fznorod\u00fdm ter\u00e9nem.<\/p>\n<p>Pl\u00e1\u017e Macao: P\u0159ije\u010fte na \u00fa\u017easnou pl\u00e1\u017e Macao, kter\u00e1 je zn\u00e1m\u00e1 svou k\u0159i\u0161\u0165\u00e1lov\u011b \u010distou vodou a nedot\u010den\u00fdm p\u00edskem. Zde m\u016f\u017eete pod\u00e9l pob\u0159e\u017e\u00ed rozjet sv\u00e9 buginy a vytvo\u0159it si tak nezapomenuteln\u00e9 okam\u017eiky.<\/p>\n<p>Kulturn\u00ed z\u00e1\u017eitek:<\/p>\n<p>M\u00edstn\u00ed ran\u010de: Nav\u0161tivte m\u00edstn\u00ed ran\u010de, kde se sezn\u00e1m\u00edte s v\u00fdrobou kl\u00ed\u010dov\u00fdch produkt\u016f Dominik\u00e1nsk\u00e9 republiky: k\u00e1vy, kakaa a tab\u00e1ku. Sezn\u00e1m\u00edte se s m\u00edstn\u00edmi farm\u00e1\u0159i, pochop\u00edte jejich postupy a ochutn\u00e1te autentick\u00e9 produkty.<\/p>\n<p>N\u00e1kup suven\u00fdr\u016f: Vyu\u017eijte mo\u017enosti zakoupit si \u010derstv\u011b vyrobenou k\u00e1vu, kakao a tab\u00e1kov\u00e9 v\u00fdrobky, kter\u00e9 jsou ide\u00e1ln\u00ed pro to, abyste si dom\u016f odnesli kousek dominik\u00e1nsk\u00e9 kultury.<\/p>\n<p>P\u0159\u00edrodn\u00ed eskap\u00e1da:<\/p>\n<p>Plavba v cenote: Vydejte se do skryt\u00e9ho cenotu. Pono\u0159te se do osv\u011b\u017euj\u00edc\u00ed vody tohoto p\u0159\u00edrodn\u00edho jez\u00edrka obklopen\u00e9ho bujnou vegetac\u00ed a klidnou kr\u00e1sou.<\/p>\n<p>Z\u00e1v\u011br prohl\u00eddky:<\/p>\n<p>Zp\u00e1te\u010dn\u00ed cesta: Po p\u0159ibli\u017en\u011b 4 hodin\u00e1ch dobrodru\u017estv\u00ed, pr\u016fzkumu a z\u00e1bavy se vr\u00e1t\u00edte zp\u011bt na ran\u010d.<\/p>\n<p>Odvoz do hotelu: N\u00e1\u0161 t\u00fdm v\u00e1s odveze zp\u011bt do hotelu, kde si m\u016f\u017eete odpo\u010dinout a zavzpom\u00ednat na vzru\u0161uj\u00edc\u00ed z\u00e1\u017eitky z cel\u00e9ho dne.<\/p>\n<div class=\"toggle-content__content toggle-content__content--expanded toggle-content__content--packable\" data-v-59485d64=\"\">\n<div data-test-id=\"activity-full-description-text\" data-v-5835c99c=\"\">Toto dobrodru\u017estv\u00ed s buginami v Punta Can\u011b je v\u00edc ne\u017e jen v\u00fdlet; je to p\u0159\u00edle\u017eitost spojit se s p\u0159\u00edrodou, poznat m\u00edstn\u00ed kulturu a za\u017e\u00edt adrenalinovou j\u00edzdu v ter\u00e9nu. Tento v\u00fdlet je ide\u00e1ln\u00ed pro milovn\u00edky dobrodru\u017estv\u00ed i kultury a slibuje den pln\u00fd vzru\u0161en\u00ed a objevov\u00e1n\u00ed.<\/div>\n<\/div>\n<div class=\"toggle-content__label-placeholder\" data-v-59485d64=\"\"><\/div>","protected":false},"excerpt":{"rendered":"<div data-track=\"overview\" data-v-83a2b402=\"\">\n<section id=\"activity-overview\" class=\"activity-overview\" data-component=\"overview\" data-v-83a2b402=\"\" data-v-f3236c42=\"\">\n<p class=\"activity-overview__content\" data-test-id=\"activity-overview-content\" data-v-f3236c42=\"\">Vydejte se na vzru\u0161uj\u00edc\u00ed dobrodru\u017estv\u00ed na bugin\u00e1ch v Punta Can\u011b, prozkoumejte malebnou pl\u00e1\u017e Macao, poznejte m\u00edstn\u00ed kulturu na tradi\u010dn\u00edch ran\u010d\u00edch a osv\u011b\u017ete se v klidn\u00e9m cenotu.<\/p>\n<\/section>\n<\/div>\n<div data-track=\"key-details\" data-v-83a2b402=\"\"><\/div>","protected":false},"featured_media":12913,"template":"","meta":[],"product_brand":[],"product_cat":[97],"product_tag":[101,102],"class_list":{"0":"post-12647","1":"product","2":"type-product","3":"status-publish","4":"has-post-thumbnail","6":"product_cat-dominican-republic","7":"product_tag-excursion","8":"product_tag-tour","10":"first","11":"instock","12":"shipping-taxable","13":"product-type-external"},"_links":{"self":[{"href":"https:\/\/sabanadelamartours.com\/cs\/wp-json\/wp\/v2\/product\/12647","targetHints":{"allow":["GET"]}}],"collection":[{"href":"https:\/\/sabanadelamartours.com\/cs\/wp-json\/wp\/v2\/product"}],"about":[{"href":"https:\/\/sabanadelamartours.com\/cs\/wp-json\/wp\/v2\/types\/product"}],"version-history":[{"count":1,"href":"https:\/\/sabanadelamartours.com\/cs\/wp-json\/wp\/v2\/product\/12647\/revisions"}],"predecessor-version":[{"id":18909,"href":"https:\/\/sabanadelamartours.com\/cs\/wp-json\/wp\/v2\/product\/12647\/revisions\/18909"}],"wp:featuredmedia":[{"embeddable":true,"href":"https:\/\/sabanadelamartours.com\/cs\/wp-json\/wp\/v2\/media\/12913"}],"wp:attachment":[{"href":"https:\/\/sabanadelamartours.com\/cs\/wp-json\/wp\/v2\/media?parent=12647"}],"wp:term":[{"taxonomy":"product_brand","embeddable":true,"href":"https:\/\/sabanadelamartours.com\/cs\/wp-json\/wp\/v2\/product_brand?post=12647"},{"taxonomy":"product_cat","embeddable":true,"href":"https:\/\/sabanadelamartours.com\/cs\/wp-json\/wp\/v2\/product_cat?post=12647"},{"taxonomy":"product_tag","embeddable":true,"href":"https:\/\/sabanadelamartours.com\/cs\/wp-json\/wp\/v2\/product_tag?post=12647"}],"curies":[{"name":"wp","href":"https:\/\/api.w.org\/{rel}","templated":true}]}}