{"id":12648,"date":"2025-12-18T11:00:58","date_gmt":"2025-12-18T11:00:58","guid":{"rendered":"https:\/\/sabanadelamartours.com\/?post_type=product&#038;p=12648"},"modified":"2026-01-06T14:32:27","modified_gmt":"2026-01-06T14:32:27","slug":"-692","status":"publish","type":"product","link":"https:\/\/sabanadelamartours.com\/cs\/prohlidka\/-692\/","title":{"rendered":"Bayahibe: N\u00e1rodn\u00ed park: Proch\u00e1zka d\u017eungl\u00ed a \u0161norchlov\u00e1n\u00ed v cenot\u00e1ch"},"content":{"rendered":"<p>Na t\u00e9to prohl\u00eddce s pr\u016fvodcem, kter\u00e1 zahrnuje vyzvednut\u00ed a odvoz z hotelu v Bayahibe, objev\u00edte nadpozemsk\u00fd zp\u016fsob, jak\u00fdm se sv\u011btlo odr\u00e1\u017e\u00ed od n\u00e1padn\u011b modr\u00e9 vody a st\u011bn Cenotes Chicho. Prozkoumejte podmo\u0159sk\u00fd sv\u011bt pomoc\u00ed \u0161norchlovac\u00edho vybaven\u00ed, kter\u00e9 je sou\u010d\u00e1st\u00ed balen\u00ed.<\/p>\n<p>Vyzvednut\u00ed je p\u0159\u00edmo z va\u0161eho hotelu v Dominiku (rekreanti z Bayahibe nebo hotelu Hilton dojdou do na\u0161eho pot\u00e1p\u011b\u010dsk\u00e9ho centra p\u011b\u0161ky ~10\u2032) a b\u011bhem p\u0159epravy m\u016f\u017eete odpo\u010d\u00edvat v tax\u00edku. Za\u010dn\u011bte proch\u00e1zku po vyzna\u010den\u00e9 stezce v n\u00e1rodn\u00edm parku Cotubanama a obdivujte skv\u011blou fl\u00f3ru a faunu po cest\u011b k cenot\u016fm.<\/p>\n<p>Rozsvi\u0165te baterku a sestupte do jeskyn\u011b s \u0161irok\u00fdm vchodem. Na konci schodi\u0161t\u011b se zchla\u010fte ve vod\u011b o teplot\u011b 25 \u00b0C. Vychutnejte si kr\u00e1su m\u00edsta se stalaktity, stalagmity a sloupy.<\/p>\n<div class=\"toggle-content__content toggle-content__content--expanded toggle-content__content--packable\" data-v-59485d64=\"\">\n<div data-test-id=\"activity-full-description-text\" data-v-5835c99c=\"\">Pod\u00edvejte se pod vlny tohoto sladkovodn\u00edho pramene, kter\u00fd je posv\u00e1tn\u00fdm m\u00edstem pro d\u00e1vn\u00e9 obyvatele ostrova Hispaniola. Jakmile se osv\u011b\u017e\u00edte, vra\u0165te se d\u017eungl\u00ed zp\u011bt na parkovi\u0161t\u011b. Ne\u017e se vr\u00e1t\u00edte do sv\u00e9ho ubytov\u00e1n\u00ed v Bayahibe, dop\u0159ejte si aperitiv.<\/div>\n<\/div>\n<div class=\"toggle-content__label-placeholder\" data-v-59485d64=\"\"><\/div>","protected":false},"excerpt":{"rendered":"<div data-track=\"overview\" data-v-83a2b402=\"\">\n<section id=\"activity-overview\" class=\"activity-overview\" data-component=\"overview\" data-v-83a2b402=\"\" data-v-f3236c42=\"\">\n<p class=\"activity-overview__content\" data-test-id=\"activity-overview-content\" data-v-f3236c42=\"\">Vydejte se z Bayahibe na proch\u00e1zku bujnou d\u017eungl\u00ed n\u00e1rodn\u00edho parku Cotubanama. \u0160norchlujte v p\u0159\u00edrodn\u00edm baz\u00e9nu Cenotes Chicho s k\u0159i\u0161\u0165\u00e1lov\u011b \u010distou vodou pod stalaktity a stalagmity.<\/p>\n<\/section>\n<\/div>\n<div data-track=\"key-details\" data-v-83a2b402=\"\"><\/div>","protected":false},"featured_media":11742,"template":"","meta":[],"product_brand":[],"product_cat":[97],"product_tag":[101,102],"class_list":{"0":"post-12648","1":"product","2":"type-product","3":"status-publish","4":"has-post-thumbnail","6":"product_cat-dominican-republic","7":"product_tag-excursion","8":"product_tag-tour","10":"first","11":"instock","12":"shipping-taxable","13":"product-type-external"},"_links":{"self":[{"href":"https:\/\/sabanadelamartours.com\/cs\/wp-json\/wp\/v2\/product\/12648","targetHints":{"allow":["GET"]}}],"collection":[{"href":"https:\/\/sabanadelamartours.com\/cs\/wp-json\/wp\/v2\/product"}],"about":[{"href":"https:\/\/sabanadelamartours.com\/cs\/wp-json\/wp\/v2\/types\/product"}],"version-history":[{"count":2,"href":"https:\/\/sabanadelamartours.com\/cs\/wp-json\/wp\/v2\/product\/12648\/revisions"}],"predecessor-version":[{"id":18562,"href":"https:\/\/sabanadelamartours.com\/cs\/wp-json\/wp\/v2\/product\/12648\/revisions\/18562"}],"wp:featuredmedia":[{"embeddable":true,"href":"https:\/\/sabanadelamartours.com\/cs\/wp-json\/wp\/v2\/media\/11742"}],"wp:attachment":[{"href":"https:\/\/sabanadelamartours.com\/cs\/wp-json\/wp\/v2\/media?parent=12648"}],"wp:term":[{"taxonomy":"product_brand","embeddable":true,"href":"https:\/\/sabanadelamartours.com\/cs\/wp-json\/wp\/v2\/product_brand?post=12648"},{"taxonomy":"product_cat","embeddable":true,"href":"https:\/\/sabanadelamartours.com\/cs\/wp-json\/wp\/v2\/product_cat?post=12648"},{"taxonomy":"product_tag","embeddable":true,"href":"https:\/\/sabanadelamartours.com\/cs\/wp-json\/wp\/v2\/product_tag?post=12648"}],"curies":[{"name":"wp","href":"https:\/\/api.w.org\/{rel}","templated":true}]}}