{"id":12658,"date":"2025-12-18T11:01:22","date_gmt":"2025-12-18T11:01:22","guid":{"rendered":"https:\/\/sabanadelamartours.com\/?post_type=product&#038;p=12658"},"modified":"2026-02-11T03:47:32","modified_gmt":"2026-02-11T03:47:32","slug":"-193","status":"publish","type":"product","link":"https:\/\/sabanadelamartours.com\/cs\/prohlidka\/-193\/","title":{"rendered":"Prohl\u00eddka ostrova Saona: Katamar\u00e1n a rychl\u00fd \u010dlun - All Inclusive"},"content":{"rendered":"<p><strong>Prohl\u00eddka ostrova Saona: Katamar\u00e1n a motorov\u00fd \u010dlun - All-Inclusive<\/strong><\/p>\n<p>Prohl\u00eddka ostrova Saona je z\u00e1\u017eitek na cel\u00fd \u017eivot! Tento z\u00e1jezd mus\u00edte absolvovat, u\u017eijte si tento r\u00e1j na ostrov\u011b Saona.<\/p>\n<p>Prohl\u00eddku ostrova Saona zah\u00e1j\u00edte pohodln\u00fdm vyzvednut\u00edm v hotelu a dopravou do Bayahibe. Po p\u0159\u00edjezdu se nalod\u00edte na rychl\u00fd \u010dlun a vyd\u00e1te se na vzru\u0161uj\u00edc\u00ed cestu na ostrov Saona po kr\u00e1sn\u00e9m Karibsk\u00e9m mo\u0159i. Cestou budete m\u00edt p\u0159\u00edle\u017eitost zastavit a 45 minut relaxovat u n\u00e1dhern\u00e9ho p\u0159\u00edrodn\u00edho baz\u00e9nu. Po zast\u00e1vce bude va\u0161e cesta pokra\u010dovat a\u017e na ostrov Saona, kde budete m\u00edt p\u0159ibli\u017en\u011b 3 hodiny a 30 minut na to, abyste si u\u017eili kr\u00e1sy a aktivity ostrova.<\/p>\n<p>P\u0159ibli\u017en\u011b ve 14:35 se nalod\u00edte na luxusn\u00ed katamar\u00e1n, kter\u00fdm se vr\u00e1t\u00edte do Bayahibe. B\u011bhem 1 hodiny a 30 minut na katamar\u00e1nu se m\u016f\u017eete pono\u0159it do \u017eiv\u00e9 party atmosf\u00e9ry a u\u017e\u00edt si tanec s na\u0161imi z\u00e1bavn\u00fdmi anim\u00e1tory. Po n\u00e1vratu do Bayahibe na v\u00e1s bude \u010dekat na\u0161e doprava, kter\u00e1 v\u00e1s pohodln\u011b odveze zp\u011bt do va\u0161eho hotelu.<\/p>\n<p>Tento celodenn\u00ed v\u00fdlet se kon\u00e1 denn\u011b a obvykle trv\u00e1 p\u0159ibli\u017en\u011b 10 hodin, tak\u017ee m\u00e1te dostatek \u010dasu na to, abyste si vychutnali kr\u00e1sy a z\u00e1\u017eitky ostrova Saona.<\/p>\n<div class=\"toggle-content__label-placeholder\" data-v-59485d64=\"\"><\/div>","protected":false},"excerpt":{"rendered":"<div data-track=\"overview\" data-v-83a2b402=\"\">\n<section id=\"activity-overview\" class=\"activity-overview\" data-component=\"overview\" data-v-83a2b402=\"\" data-v-f3236c42=\"\">\n<p class=\"activity-overview__content\" data-test-id=\"activity-overview-content\" data-v-f3236c42=\"\">Ostrov Saona je jako r\u00e1j na zemi, obklopen\u00fd b\u00edl\u00fdmi p\u00edse\u010dn\u00fdmi pl\u00e1\u017eemi, tyrkysov\u011b \u010distou vodou a nes\u010detn\u00fdmi palmami, kter\u00e9 vyb\u00edzej\u00ed k odpo\u010dinku.<\/p>\n<\/section>\n<\/div>\n<div data-track=\"key-details\" data-v-83a2b402=\"\"><\/div>","protected":false},"featured_media":12932,"template":"","meta":[],"product_brand":[],"product_cat":[97],"product_tag":[101,102],"class_list":{"0":"post-12658","1":"product","2":"type-product","3":"status-publish","4":"has-post-thumbnail","6":"product_cat-dominican-republic","7":"product_tag-excursion","8":"product_tag-tour","10":"first","11":"instock","12":"shipping-taxable","13":"product-type-external"},"_links":{"self":[{"href":"https:\/\/sabanadelamartours.com\/cs\/wp-json\/wp\/v2\/product\/12658","targetHints":{"allow":["GET"]}}],"collection":[{"href":"https:\/\/sabanadelamartours.com\/cs\/wp-json\/wp\/v2\/product"}],"about":[{"href":"https:\/\/sabanadelamartours.com\/cs\/wp-json\/wp\/v2\/types\/product"}],"version-history":[{"count":1,"href":"https:\/\/sabanadelamartours.com\/cs\/wp-json\/wp\/v2\/product\/12658\/revisions"}],"predecessor-version":[{"id":18910,"href":"https:\/\/sabanadelamartours.com\/cs\/wp-json\/wp\/v2\/product\/12658\/revisions\/18910"}],"wp:featuredmedia":[{"embeddable":true,"href":"https:\/\/sabanadelamartours.com\/cs\/wp-json\/wp\/v2\/media\/12932"}],"wp:attachment":[{"href":"https:\/\/sabanadelamartours.com\/cs\/wp-json\/wp\/v2\/media?parent=12658"}],"wp:term":[{"taxonomy":"product_brand","embeddable":true,"href":"https:\/\/sabanadelamartours.com\/cs\/wp-json\/wp\/v2\/product_brand?post=12658"},{"taxonomy":"product_cat","embeddable":true,"href":"https:\/\/sabanadelamartours.com\/cs\/wp-json\/wp\/v2\/product_cat?post=12658"},{"taxonomy":"product_tag","embeddable":true,"href":"https:\/\/sabanadelamartours.com\/cs\/wp-json\/wp\/v2\/product_tag?post=12658"}],"curies":[{"name":"wp","href":"https:\/\/api.w.org\/{rel}","templated":true}]}}