{"id":12701,"date":"2025-12-18T11:02:56","date_gmt":"2025-12-18T11:02:56","guid":{"rendered":"https:\/\/sabanadelamartours.com\/?post_type=product&#038;p=12701"},"modified":"2026-01-06T14:38:11","modified_gmt":"2026-01-06T14:38:11","slug":"-198","status":"publish","type":"product","link":"https:\/\/sabanadelamartours.com\/cs\/prohlidka\/-198\/","title":{"rendered":"\u0160norchlov\u00e1n\u00ed a den na pl\u00e1\u017ei Sosua"},"content":{"rendered":"<p><strong>\u0160norchlov\u00e1n\u00ed a den na pl\u00e1\u017ei Sosua<\/strong><\/p>\n<p>Z ubytov\u00e1n\u00ed v\u00e1s vyzvedne taxi. Prohl\u00eddku za\u010dn\u011bte v z\u00e1toce Sosua, kde v\u00e1s p\u0159iv\u00edt\u00e1 k\u0159i\u0161\u0165\u00e1lov\u011b \u010dist\u00e1 tepl\u00e1 voda a 1 km dlouh\u00e1 p\u00edse\u010dn\u00e1 pl\u00e1\u017e. P\u0159ed n\u00e1stupem na lo\u010f dostanete masku, ploutve a nafukovac\u00ed vestu na \u0161norchlov\u00e1n\u00ed. Pr\u016fvodce v\u00e1m poskytne ve\u0161ker\u00e9 pokyny pot\u0159ebn\u00e9 pro \u0161norchlov\u00e1n\u00ed.<\/p>\n<p>Prvn\u00ed m\u00edsto pro \u0161norchlov\u00e1n\u00ed je u T\u0159\u00ed skal a pot\u00e9 se vr\u00e1t\u00edte do z\u00e1toky Sosua, kde najdete druh\u00fd \u00fates.<\/p>\n<div class=\"toggle-content__content toggle-content__content--expanded toggle-content__content--packable\" data-v-59485d64=\"\">\n<div data-test-id=\"activity-full-description-text\" data-v-5835c99c=\"\">Po \u0161norchlov\u00e1n\u00ed budete m\u00edt k dispozici leh\u00e1tko na pl\u00e1\u017ei Sosua, kde si m\u016f\u017eete odpo\u010dinout, zaplavat si a pokochat se kr\u00e1snou krajinou. Na pl\u00e1\u017ei Sosua najdete spoustu obchod\u016f, bar\u016f a restaurac\u00ed - budete m\u00edt \u010das na n\u00e1kupy, j\u00eddlo a pit\u00ed (na vlastn\u00ed n\u00e1klady).<\/div>\n<div data-test-id=\"activity-full-description-text\" data-v-5835c99c=\"\"><\/div>\n<\/div>\n<div class=\"toggle-content__label-placeholder\" data-v-59485d64=\"\">Podmo\u0159sk\u00fd sv\u011bt v Sosuy si u\u017eijete na lodi, kter\u00e1 v\u00e1s zaveze ke dv\u011bma r\u016fzn\u00fdm \u00fates\u016fm pro \u0161norchlov\u00e1n\u00ed. \u0160norchlovac\u00ed vybaven\u00ed a instruktor budou k dispozici. Po \u0161norchlov\u00e1n\u00ed si vychutnejte kr\u00e1snou scen\u00e9rii z leh\u00e1tka.<\/div>\n<div data-v-59485d64=\"\">\n<div class=\"woocommerce-product-details__short-description\">\n<div data-track=\"key-details\" data-v-83a2b402=\"\"><\/div>\n<\/div>\n<\/div>","protected":false},"excerpt":{"rendered":"<div data-track=\"overview\" data-v-83a2b402=\"\">\n<section id=\"activity-overview\" class=\"activity-overview\" data-component=\"overview\" data-v-83a2b402=\"\" data-v-f3236c42=\"\">\n<p class=\"activity-overview__content\" data-test-id=\"activity-overview-content\" data-v-f3236c42=\"\">V Sosuy si u\u017eijete podmo\u0159sk\u00fd sv\u011bt, lod\u00ed se dostanete ke dv\u011bma r\u016fzn\u00fdm \u00fates\u016fm pro \u0161norchlov\u00e1n\u00ed. \u0160norchlovac\u00ed vybaven\u00ed a instruktor budou k dispozici. Po \u0161norchlov\u00e1n\u00ed si vychutnejte kr\u00e1snou scen\u00e9rii z leh\u00e1tka.<\/p>\n<\/section>\n<\/div>\n<div data-track=\"key-details\" data-v-83a2b402=\"\"><\/div>","protected":false},"featured_media":12967,"template":"","meta":[],"product_brand":[],"product_cat":[97],"product_tag":[101,102],"class_list":{"0":"post-12701","1":"product","2":"type-product","3":"status-publish","4":"has-post-thumbnail","6":"product_cat-dominican-republic","7":"product_tag-excursion","8":"product_tag-tour","10":"first","11":"instock","12":"shipping-taxable","13":"product-type-external"},"_links":{"self":[{"href":"https:\/\/sabanadelamartours.com\/cs\/wp-json\/wp\/v2\/product\/12701","targetHints":{"allow":["GET"]}}],"collection":[{"href":"https:\/\/sabanadelamartours.com\/cs\/wp-json\/wp\/v2\/product"}],"about":[{"href":"https:\/\/sabanadelamartours.com\/cs\/wp-json\/wp\/v2\/types\/product"}],"version-history":[{"count":1,"href":"https:\/\/sabanadelamartours.com\/cs\/wp-json\/wp\/v2\/product\/12701\/revisions"}],"predecessor-version":[{"id":18565,"href":"https:\/\/sabanadelamartours.com\/cs\/wp-json\/wp\/v2\/product\/12701\/revisions\/18565"}],"wp:featuredmedia":[{"embeddable":true,"href":"https:\/\/sabanadelamartours.com\/cs\/wp-json\/wp\/v2\/media\/12967"}],"wp:attachment":[{"href":"https:\/\/sabanadelamartours.com\/cs\/wp-json\/wp\/v2\/media?parent=12701"}],"wp:term":[{"taxonomy":"product_brand","embeddable":true,"href":"https:\/\/sabanadelamartours.com\/cs\/wp-json\/wp\/v2\/product_brand?post=12701"},{"taxonomy":"product_cat","embeddable":true,"href":"https:\/\/sabanadelamartours.com\/cs\/wp-json\/wp\/v2\/product_cat?post=12701"},{"taxonomy":"product_tag","embeddable":true,"href":"https:\/\/sabanadelamartours.com\/cs\/wp-json\/wp\/v2\/product_tag?post=12701"}],"curies":[{"name":"wp","href":"https:\/\/api.w.org\/{rel}","templated":true}]}}