{"id":12745,"date":"2025-12-18T11:04:56","date_gmt":"2025-12-18T11:04:56","guid":{"rendered":"https:\/\/sabanadelamartours.com\/?post_type=product&#038;p=12745"},"modified":"2026-01-06T14:40:24","modified_gmt":"2026-01-06T14:40:24","slug":"-201","status":"publish","type":"product","link":"https:\/\/sabanadelamartours.com\/cs\/prohlidka\/-201\/","title":{"rendered":"Z Punta Canta: Cayo Levantado: Plavba za pozorov\u00e1n\u00edm velryb s Cayo Levantado"},"content":{"rendered":"<p><strong>Z Punta Canta: Cayo Levantado: Plavba za pozorov\u00e1n\u00edm velryb s Cayo Levantado<\/strong><\/p>\n<p>Vydejte se z hotel\u016f v\u00fdchodn\u00ed rovinou mezi zelenou krajinou s rozlehl\u00fdmi pastvinami a mal\u00fdmi m\u011bsty, mezi horami a mo\u0159em, abyste pro\u017eili toto nezapomenuteln\u00e9 dobrodru\u017estv\u00ed.<\/p>\n<p>Prvn\u00ed zast\u00e1vka je v p\u0159\u00edstavu Las Ca\u00f1itas, kde se nalod\u00edme na lo\u010f, kter\u00e1 n\u00e1s odveze do rezervace keporkak\u016f, kde n\u00e1s \u010dek\u00e1 p\u0159ibli\u017en\u011b dvouap\u016flhodinov\u00e1 plavba po mo\u0159i.<\/p>\n<p>Po skon\u010den\u00ed pozorov\u00e1n\u00ed se vyd\u00e1me na Cayo Levantado nebo Isla Bacardi, kde si u mo\u0159e vychutn\u00e1me vynikaj\u00edc\u00ed ob\u011bd formou typick\u00e9ho bufetu. Po ob\u011bd\u011b si odpoledne m\u016f\u017eete u\u017e\u00edt osv\u011b\u017euj\u00edc\u00ed koup\u00e1n\u00ed v k\u0159i\u0161\u0165\u00e1lov\u00fdch vod\u00e1ch s b\u00edl\u00fdm p\u00edskem nebo si jen tak lehnout do st\u00ednu kokosov\u00fdch palem a vychutnat si dobr\u00e9 Cuba-Libre. Na konci pobytu na pl\u00e1\u017ei v Cayo Levantado se op\u011bt nalod\u00edme, p\u0159eplujeme Samansk\u00fd z\u00e1liv zp\u011bt k molu Las Ca\u00f1itas a autobusem se vr\u00e1t\u00edme do hotel\u016f v B\u00e1varo a Bayahibe.<\/p>\n<div class=\"woocommerce-product-details__short-description\">\n<div data-track=\"overview\" data-v-83a2b402=\"\">\n<section id=\"activity-overview\" class=\"activity-overview\" data-component=\"overview\" data-v-83a2b402=\"\" data-v-f3236c42=\"\">\n<p class=\"activity-overview__content\" data-test-id=\"activity-overview-content\" data-v-f3236c42=\"\">Na v\u00fdlet\u011b z Bayahibe nebo Punta Canta m\u016f\u017eete pozorovat keporkaky a plavit se pod\u00e9l pob\u0159e\u017e\u00ed Samany a Michesu. Nav\u0161tivte Cayo Levantado, kde si m\u016f\u017eete zaplavat a poob\u011bdvat p\u0159\u00edmo u vln.<\/p>\n<\/section>\n<\/div>\n<div data-track=\"key-details\" data-v-83a2b402=\"\"><\/div>\n<\/div>","protected":false},"excerpt":{"rendered":"<div data-track=\"overview\" data-v-83a2b402=\"\">\n<section id=\"activity-overview\" class=\"activity-overview\" data-component=\"overview\" data-v-83a2b402=\"\" data-v-f3236c42=\"\">\n<p class=\"activity-overview__content\" data-test-id=\"activity-overview-content\" data-v-f3236c42=\"\">Na v\u00fdlet\u011b z Bayahibe nebo Punta Canta m\u016f\u017eete pozorovat keporkaky a plavit se pod\u00e9l pob\u0159e\u017e\u00ed Samany a Michesu. Nav\u0161tivte Cayo Levantado, kde si m\u016f\u017eete zaplavat a poob\u011bdvat p\u0159\u00edmo u vln.<\/p>\n<\/section>\n<\/div>\n<div data-track=\"key-details\" data-v-83a2b402=\"\"><\/div>","protected":false},"featured_media":12986,"template":"","meta":[],"product_brand":[],"product_cat":[97],"product_tag":[101,102],"class_list":{"0":"post-12745","1":"product","2":"type-product","3":"status-publish","4":"has-post-thumbnail","6":"product_cat-dominican-republic","7":"product_tag-excursion","8":"product_tag-tour","10":"first","11":"instock","12":"shipping-taxable","13":"product-type-external"},"_links":{"self":[{"href":"https:\/\/sabanadelamartours.com\/cs\/wp-json\/wp\/v2\/product\/12745","targetHints":{"allow":["GET"]}}],"collection":[{"href":"https:\/\/sabanadelamartours.com\/cs\/wp-json\/wp\/v2\/product"}],"about":[{"href":"https:\/\/sabanadelamartours.com\/cs\/wp-json\/wp\/v2\/types\/product"}],"version-history":[{"count":1,"href":"https:\/\/sabanadelamartours.com\/cs\/wp-json\/wp\/v2\/product\/12745\/revisions"}],"predecessor-version":[{"id":18567,"href":"https:\/\/sabanadelamartours.com\/cs\/wp-json\/wp\/v2\/product\/12745\/revisions\/18567"}],"wp:featuredmedia":[{"embeddable":true,"href":"https:\/\/sabanadelamartours.com\/cs\/wp-json\/wp\/v2\/media\/12986"}],"wp:attachment":[{"href":"https:\/\/sabanadelamartours.com\/cs\/wp-json\/wp\/v2\/media?parent=12745"}],"wp:term":[{"taxonomy":"product_brand","embeddable":true,"href":"https:\/\/sabanadelamartours.com\/cs\/wp-json\/wp\/v2\/product_brand?post=12745"},{"taxonomy":"product_cat","embeddable":true,"href":"https:\/\/sabanadelamartours.com\/cs\/wp-json\/wp\/v2\/product_cat?post=12745"},{"taxonomy":"product_tag","embeddable":true,"href":"https:\/\/sabanadelamartours.com\/cs\/wp-json\/wp\/v2\/product_tag?post=12745"}],"curies":[{"name":"wp","href":"https:\/\/api.w.org\/{rel}","templated":true}]}}