{"id":12810,"date":"2025-12-18T11:07:15","date_gmt":"2025-12-18T11:07:15","guid":{"rendered":"https:\/\/sabanadelamartours.com\/?post_type=product&#038;p=12810"},"modified":"2025-12-18T11:17:14","modified_gmt":"2025-12-18T11:17:14","slug":"-205","status":"publish","type":"product","link":"https:\/\/sabanadelamartours.com\/cs\/prohlidka\/-205\/","title":{"rendered":"Prohl\u00eddka ostrova Saona ze Santo Dominga s ob\u011bdem a vyzvednut\u00edm"},"content":{"rendered":"<p><strong>Prohl\u00eddka ostrova Saona ze Santo Dominga s ob\u011bdem a vyzvednut\u00edm<\/strong><\/p>\n<p>Vydejte se na nezapomenutelnou cestu z pulzuj\u00edc\u00edho m\u011bsta Santo Domingo do nedot\u010den\u00e9ho r\u00e1je ostrova Saona s na\u0161\u00ed exkluzivn\u00ed exkurz\u00ed.<\/p>\n<p>Dobrodru\u017estv\u00ed za\u010d\u00edn\u00e1 ve chv\u00edli, kdy v\u00e1s odvezeme z va\u0161eho hotelu pohodln\u00fdm dopravn\u00edm prost\u0159edkem a p\u0159iprav\u00edme v\u00e1m p\u016fdu pro strhuj\u00edc\u00ed z\u00e1\u017eitek. Po dvouhodinov\u00e9 vyhl\u00eddkov\u00e9 j\u00edzd\u011b doraz\u00edme do Bayahibe, kde se t\u011b\u0161\u00edme na z\u00e1zraky, kter\u00e9 n\u00e1s \u010dekaj\u00ed.<\/p>\n<p>Pot\u00e9 se nalod\u00edte na lo\u010f a 35 minut se budete plavit po azurov\u00fdch vod\u00e1ch, dokud nedoraz\u00edte k \u00fachvatn\u00e9mu p\u0159\u00edrodn\u00edmu baz\u00e9nu, skryt\u00e9mu klenotu zn\u00e1m\u00e9mu svou k\u0159i\u0161\u0165\u00e1lovou vodou. Ne\u017e budeme pokra\u010dovat v plavb\u011b na ikonick\u00fd ostrov Saona, kter\u00fd je \u00fato\u010di\u0161t\u011bm klidu v n\u00e1rodn\u00edm parku Cotubanam\u00e1, str\u00e1v\u00edme chv\u00edle odpo\u010dinku a budeme se kochat jeho klidnou kr\u00e1sou.<\/p>\n<p>Po p\u0159\u00edjezdu m\u00e1te 3 hodiny na to, abyste se odd\u00e1vali ostrovn\u00edm radov\u00e1nk\u00e1m. A\u0165 u\u017e se jedn\u00e1 o leno\u0161en\u00ed na nedot\u010den\u00e9m p\u00edsku, \u0161norchlov\u00e1n\u00ed uprost\u0159ed \u017eiv\u00e9ho mo\u0159sk\u00e9ho \u017eivota nebo objevov\u00e1n\u00ed sv\u011b\u017e\u00ed krajiny, mo\u017enosti jsou neomezen\u00e9.<\/p>\n<p>Den se ch\u00fdl\u00ed ke konci, lou\u010d\u00edme se s ostrovem Saona a vyplouv\u00e1me na palub\u011b luxusn\u00edho katamar\u00e1nu. P\u0159ipravte se tan\u010dit a u\u017e\u00edvat si \u017eiv\u00e9 atmosf\u00e9ry, proto\u017ee na\u0161i energi\u010dt\u00ed anim\u00e1to\u0159i se b\u011bhem 1,5hodinov\u00e9 cesty zp\u011bt do Bayahibe staraj\u00ed o z\u00e1bavu.<\/p>\n<p>D\u00edky plynul\u00fdm p\u0159echod\u016fm mezi jednotliv\u00fdmi destinacemi, dostatku voln\u00e9ho \u010dasu na pr\u016fzkum a \u017eiv\u00e9 zp\u00e1te\u010dn\u00ed cest\u011b slibuje n\u00e1\u0161 z\u00e1jezd okouzluj\u00edc\u00ed kombinaci odpo\u010dinku a dobrodru\u017estv\u00ed. Unikn\u011bte v\u0161ednosti a vydejte se s n\u00e1mi na den pln\u00fd nezapomenuteln\u00fdch z\u00e1\u017eitk\u016f do tropick\u00e9ho r\u00e1je ostrova Saona.<\/p>\n<div class=\"woocommerce-product-details__short-description\">\n<div data-track=\"overview\" data-v-83a2b402=\"\">\n<section id=\"activity-overview\" class=\"activity-overview\" data-component=\"overview\" data-v-83a2b402=\"\" data-v-f3236c42=\"\">\n<p class=\"activity-overview__content\" data-test-id=\"activity-overview-content\" data-v-f3236c42=\"\">\u00dat\u011bk na ostrov Saona! \u010cek\u00e1 na v\u00e1s b\u00edl\u00fd p\u00edsek, tyrkysov\u00e1 voda a dobrodru\u017estv\u00ed na katamar\u00e1nu. Ob\u011bd v cen\u011b. Ze Santo Dominga<\/p>\n<\/section>\n<\/div>\n<\/div>","protected":false},"excerpt":{"rendered":"<div data-track=\"overview\" data-v-83a2b402=\"\">\n<section id=\"activity-overview\" class=\"activity-overview\" data-component=\"overview\" data-v-83a2b402=\"\" data-v-f3236c42=\"\">\n<p class=\"activity-overview__content\" data-test-id=\"activity-overview-content\" data-v-f3236c42=\"\">\u00dat\u011bk na ostrov Saona! \u010cek\u00e1 na v\u00e1s b\u00edl\u00fd p\u00edsek, tyrkysov\u00e1 voda a dobrodru\u017estv\u00ed na katamar\u00e1nu. Ob\u011bd v cen\u011b. Ze Santo Dominga<\/p>\n<\/section>\n<\/div>\n<div data-track=\"key-details\" data-v-83a2b402=\"\"><\/div>","protected":false},"featured_media":13039,"template":"","meta":[],"product_brand":[],"product_cat":[97],"product_tag":[101,102],"class_list":{"0":"post-12810","1":"product","2":"type-product","3":"status-publish","4":"has-post-thumbnail","6":"product_cat-dominican-republic","7":"product_tag-excursion","8":"product_tag-tour","10":"first","11":"instock","12":"shipping-taxable","13":"product-type-external"},"_links":{"self":[{"href":"https:\/\/sabanadelamartours.com\/cs\/wp-json\/wp\/v2\/product\/12810","targetHints":{"allow":["GET"]}}],"collection":[{"href":"https:\/\/sabanadelamartours.com\/cs\/wp-json\/wp\/v2\/product"}],"about":[{"href":"https:\/\/sabanadelamartours.com\/cs\/wp-json\/wp\/v2\/types\/product"}],"version-history":[{"count":0,"href":"https:\/\/sabanadelamartours.com\/cs\/wp-json\/wp\/v2\/product\/12810\/revisions"}],"wp:featuredmedia":[{"embeddable":true,"href":"https:\/\/sabanadelamartours.com\/cs\/wp-json\/wp\/v2\/media\/13039"}],"wp:attachment":[{"href":"https:\/\/sabanadelamartours.com\/cs\/wp-json\/wp\/v2\/media?parent=12810"}],"wp:term":[{"taxonomy":"product_brand","embeddable":true,"href":"https:\/\/sabanadelamartours.com\/cs\/wp-json\/wp\/v2\/product_brand?post=12810"},{"taxonomy":"product_cat","embeddable":true,"href":"https:\/\/sabanadelamartours.com\/cs\/wp-json\/wp\/v2\/product_cat?post=12810"},{"taxonomy":"product_tag","embeddable":true,"href":"https:\/\/sabanadelamartours.com\/cs\/wp-json\/wp\/v2\/product_tag?post=12810"}],"curies":[{"name":"wp","href":"https:\/\/api.w.org\/{rel}","templated":true}]}}