{"id":12837,"date":"2025-12-18T11:08:11","date_gmt":"2025-12-18T11:08:11","guid":{"rendered":"https:\/\/sabanadelamartours.com\/?post_type=product&#038;p=12837"},"modified":"2026-02-11T03:52:02","modified_gmt":"2026-02-11T03:52:02","slug":"-206","status":"publish","type":"product","link":"https:\/\/sabanadelamartours.com\/cs\/prohlidka\/-206\/","title":{"rendered":"Ostrov Saona: Plavba po pl\u00e1\u017e\u00edch a p\u0159\u00edrodn\u00edch koupali\u0161t\u00edch s ob\u011bdem"},"content":{"rendered":"<p><strong>Ostrov Saona: Plavba po pl\u00e1\u017e\u00edch a p\u0159\u00edrodn\u00edch koupali\u0161t\u00edch s ob\u011bdem<\/strong><\/p>\n<p>\u201cObjevte Isla Saona, nejvyhled\u00e1van\u011bj\u0161\u00ed v\u00fdlet v Dominik\u00e1nsk\u00e9 republice. Pono\u0159te se do kr\u00e1sy tohoto tropick\u00e9ho r\u00e1je, kde se palmy pohupuj\u00ed v m\u00edrn\u00e9m v\u00e1nku, nedot\u010den\u00fd b\u00edl\u00fd p\u00edsek se t\u00e1hne, kam a\u017e oko dohl\u00e9dne, a k\u0159i\u0161\u0165\u00e1lov\u011b \u010dist\u00e9 tyrkysov\u00e9 vody jemn\u011b om\u00fdvaj\u00ed pob\u0159e\u017e\u00ed.<\/p>\n<p>Tento v\u00fdlet je skute\u010dn\u00fdm snem milovn\u00edk\u016f p\u0159\u00edrody a nab\u00edz\u00ed autentick\u00fd z\u00e1\u017eitek. Budete m\u00edt p\u0159\u00edle\u017eitost prozkoumat t\u0159i nejodlehlej\u0161\u00ed pl\u00e1\u017ee Saony, z nich\u017e ka\u017ed\u00e1 se py\u0161n\u00ed teplou tyrkysovou vodou, sv\u011b\u017e\u00edmi zelen\u00fdmi palmami a rozlehl\u00fdm b\u00edl\u00fdm p\u00edskem. D\u00e1vejte pozor na okouzluj\u00edc\u00ed podmo\u0159sk\u00fd \u017eivot, jako jsou hv\u011bzdice, mo\u0159sk\u00e9 \u017eelvy a z\u00e1\u0159iv\u00e9 kor\u00e1ly.<\/p>\n<p>V r\u00e1mci t\u00e9to nezapomenuteln\u00e9 cesty nav\u0161t\u00edv\u00edme tak\u00e9 p\u016fvabnou a \u017eivou ryb\u00e1\u0159skou vesnici Mano Juan, kter\u00e1 n\u00e1m poskytne fascinuj\u00edc\u00ed pohled na bohatou historii a kulturu ostrova. P\u0159i proch\u00e1zce touto malebnou vesnic\u00ed se vr\u00e1t\u00edte o krok zp\u011bt v \u010dase a pono\u0159\u00edte se do jej\u00ed pestr\u00e9 atmosf\u00e9ry a uvoln\u011bn\u00e9ho zp\u016fsobu \u017eivota.\u201d<\/p>\n<div class=\"woocommerce-product-details__short-description\">\n<div data-track=\"overview\" data-v-83a2b402=\"\">\n<section id=\"activity-overview\" class=\"activity-overview\" data-component=\"overview\" data-v-83a2b402=\"\" data-v-f3236c42=\"\">\n<p class=\"activity-overview__content\" data-test-id=\"activity-overview-content\" data-v-f3236c42=\"\">B\u011bhem tohoto v\u00fdletu lod\u00ed z Los Melones se spojte s p\u0159\u00edrodou na ostrov\u011b Saona. Zaplavte si v tyrkysov\u00fdch vod\u00e1ch, odpo\u010di\u0148te si s koktejlem na idylick\u00e9 tropick\u00e9 pl\u00e1\u017ei a vychutnejte si ob\u011bd, kter\u00fd si m\u016f\u017eete d\u00e1t sami.<\/p>\n<\/section>\n<\/div>\n<div data-track=\"key-details\" data-v-83a2b402=\"\"><\/div>\n<\/div>\n<p>&nbsp;<\/p>","protected":false},"excerpt":{"rendered":"<div data-track=\"overview\" data-v-83a2b402=\"\">\n<section id=\"activity-overview\" class=\"activity-overview\" data-component=\"overview\" data-v-83a2b402=\"\" data-v-f3236c42=\"\">\n<p class=\"activity-overview__content\" data-test-id=\"activity-overview-content\" data-v-f3236c42=\"\">B\u011bhem tohoto v\u00fdletu lod\u00ed z Los Melones se spojte s p\u0159\u00edrodou na ostrov\u011b Saona. Zaplavte si v tyrkysov\u00fdch vod\u00e1ch, odpo\u010di\u0148te si s koktejlem na idylick\u00e9 tropick\u00e9 pl\u00e1\u017ei a vychutnejte si ob\u011bd, kter\u00fd si m\u016f\u017eete d\u00e1t sami.<\/p>\n<\/section>\n<\/div>\n<div data-track=\"key-details\" data-v-83a2b402=\"\"><\/div>","protected":false},"featured_media":13052,"template":"","meta":[],"product_brand":[],"product_cat":[97],"product_tag":[101,102],"class_list":{"0":"post-12837","1":"product","2":"type-product","3":"status-publish","4":"has-post-thumbnail","6":"product_cat-dominican-republic","7":"product_tag-excursion","8":"product_tag-tour","10":"first","11":"instock","12":"shipping-taxable","13":"product-type-external"},"_links":{"self":[{"href":"https:\/\/sabanadelamartours.com\/cs\/wp-json\/wp\/v2\/product\/12837","targetHints":{"allow":["GET"]}}],"collection":[{"href":"https:\/\/sabanadelamartours.com\/cs\/wp-json\/wp\/v2\/product"}],"about":[{"href":"https:\/\/sabanadelamartours.com\/cs\/wp-json\/wp\/v2\/types\/product"}],"version-history":[{"count":1,"href":"https:\/\/sabanadelamartours.com\/cs\/wp-json\/wp\/v2\/product\/12837\/revisions"}],"predecessor-version":[{"id":18917,"href":"https:\/\/sabanadelamartours.com\/cs\/wp-json\/wp\/v2\/product\/12837\/revisions\/18917"}],"wp:featuredmedia":[{"embeddable":true,"href":"https:\/\/sabanadelamartours.com\/cs\/wp-json\/wp\/v2\/media\/13052"}],"wp:attachment":[{"href":"https:\/\/sabanadelamartours.com\/cs\/wp-json\/wp\/v2\/media?parent=12837"}],"wp:term":[{"taxonomy":"product_brand","embeddable":true,"href":"https:\/\/sabanadelamartours.com\/cs\/wp-json\/wp\/v2\/product_brand?post=12837"},{"taxonomy":"product_cat","embeddable":true,"href":"https:\/\/sabanadelamartours.com\/cs\/wp-json\/wp\/v2\/product_cat?post=12837"},{"taxonomy":"product_tag","embeddable":true,"href":"https:\/\/sabanadelamartours.com\/cs\/wp-json\/wp\/v2\/product_tag?post=12837"}],"curies":[{"name":"wp","href":"https:\/\/api.w.org\/{rel}","templated":true}]}}