{"id":12861,"date":"2025-12-18T11:09:04","date_gmt":"2025-12-18T11:09:04","guid":{"rendered":"https:\/\/sabanadelamartours.com\/?post_type=product&#038;p=12861"},"modified":"2026-02-11T03:54:18","modified_gmt":"2026-02-11T03:54:18","slug":"sabana-de-la-mar-taxi-do-punta-cana-soukromy-transfer","status":"publish","type":"product","link":"https:\/\/sabanadelamartours.com\/cs\/prohlidka\/sabana-de-la-mar-taxi-do-punta-cana-soukromy-transfer\/","title":{"rendered":"Sabana de la Mar Taxi do Punta Cana \/ Transfer soukrom\u00fd"},"content":{"rendered":"<div class=\"wpb-content-wrapper\"><div class=\"vc_row wpb_row st bg-holder\"><div class='container'><div class='row'>\n\t<div class=\"wpb_column column_container col-md-12\"><div class=\"vc_column-inner wpb_wrapper\">\n\t\t\t\n\t<div class=\"wpb_text_column wpb_content_element\" >\n\t\t<div class=\"wpb_wrapper\">\n\t\t\t<p>[mkdf_section_title title_tag=\u201d\u201d disable_break_words=\u201dno\u201d subtitle_tag=\u201d\u201d text_font_weight=\u201d\u201d title=\u201dPunta Cana to Sabana de la Mar Taxi \/ Transfer Private\u201d subtitle=\u201dZ Punta Cana\u201d text=\u201dPozn\u00e1mka: Toto je varianta soukrom\u00e9ho transferu z Punta Cana do Sabana de la mar nebo ze Sabana de la mar do Punta Cana. Pokud budete cht\u00edt p\u0159idat dal\u0161\u00ed n\u00e1v\u0161t\u011bvn\u00edky, nev\u00e1hejte n\u00e1s kontaktovat.\u201d]<\/p>\n\n\t\t<\/div>\n\t<\/div>\n<\/div>\n\t<\/div> \n<\/div><!--End .row--><\/div><!--End .container--><\/div><div class=\"vc_row wpb_row st bg-holder\"><div class='container'><div class='row'>\n\t<div class=\"wpb_column column_container col-md-12\"><div class=\"vc_column-inner wpb_wrapper\">\n\t\t\t<div class=\"vc_empty_space\"   style=\"height: 32px\"><span class=\"vc_empty_space_inner\"><\/span><\/div><div class=\"vc_btn3-container vc_btn3-inline vc_do_btn\" ><a class=\"vc_general vc_btn3 vc_btn3-size-md vc_btn3-shape-rounded vc_btn3-style-modern vc_btn3-color-green\" href=\"https:\/\/bookingadventures.tours\/booking.php?tour_id=6c46b6d75497756d7ee194109970e87a\" title=\"\" target=\"_blank\" rel=\"noopener\">REZERVOVAT<\/a><\/div><div class=\"woocommerce columns-4\"><ul class=\"products columns-4\">\n<li class=\"product type-product post-11655 status-publish first instock product_cat-dominican-republic product_tag-excursion product_tag-tour has-post-thumbnail shipping-taxable product-type-external\">\r\n\t<a href=\"https:\/\/sabanadelamartours.com\/cs\/prohlidka\/-108\/\" class=\"woocommerce-LoopProduct-link woocommerce-loop-product__link\"><img fetchpriority=\"high\" decoding=\"async\" width=\"300\" height=\"300\" src=\"https:\/\/sabanadelamartours.com\/wp-content\/uploads\/2025\/12\/99-39-300x300.jpg\" class=\"attachment-woocommerce_thumbnail size-woocommerce_thumbnail\" alt=\"Saman\u00e1: Saman\u00e1: Opi\u010d\u00ed zem\u011b a prohl\u00eddka kamionu Safari pod \u0161ir\u00fdm nebem\" srcset=\"https:\/\/sabanadelamartours.com\/wp-content\/uploads\/2025\/12\/99-39-300x300.jpg 300w, https:\/\/sabanadelamartours.com\/wp-content\/uploads\/2025\/12\/99-39-1536x1536.jpg 1536w, https:\/\/sabanadelamartours.com\/wp-content\/uploads\/2025\/12\/99-39-2048x2048.jpg 2048w, https:\/\/sabanadelamartours.com\/wp-content\/uploads\/2025\/12\/99-39-100x100.jpg 100w, https:\/\/sabanadelamartours.com\/wp-content\/uploads\/2025\/12\/99-39-266x266.jpg 266w\" sizes=\"(max-width: 300px) 100vw, 300px\" \/><h2 class=\"woocommerce-loop-product__title\">Saman\u00e1: Saman\u00e1: Opi\u010d\u00ed zem\u011b a prohl\u00eddka kamionu Safari pod \u0161ir\u00fdm nebem<\/h2>\n\t<span class=\"price\"><span class=\"woocs_price_code\" data-currency=\"\" data-redraw-id=\"69ea730b8546b\"  data-product-id=\"11655\"><span class=\"woocommerce-Price-amount amount\"><bdi>65.00<span class=\"woocommerce-Price-currencySymbol\">&#36;<\/span><\/bdi><\/span><\/span><\/span>\n<\/a><a href=\"https:\/\/tourreservationlink.com\/en\/booking\/saman-monkeyland-and-open-air-safari-truck-tour\" aria-describedby=\"woocommerce_loop_add_to_cart_link_describedby_11655\" data-quantity=\"1\" class=\"button product_type_external\" data-product_id=\"11655\" data-product_sku=\"\" aria-label=\"KUPTE SI VSTUPENKY\" rel=\"nofollow noopener\" target=\"_blank\">KUPTE SI VSTUPENKY<\/a>\t<span id=\"woocommerce_loop_add_to_cart_link_describedby_11655\" class=\"screen-reader-text\">\n\t\t\t<\/span>\n<\/li>\r\n<\/ul>\n<\/div><div class=\"vc_empty_space\"   style=\"height: 32px\"><span class=\"vc_empty_space_inner\"><\/span><\/div><\/div>\n\t<\/div> \n<\/div><!--End .row--><\/div><!--End .container--><\/div><div class=\"vc_row wpb_row st bg-holder\"><div class='container'><div class='row'>\n\t<div class=\"wpb_column column_container col-md-12\"><div class=\"vc_column-inner wpb_wrapper\">\n\t\t\t\n\t<div class=\"wpb_text_column wpb_content_element\" >\n\t\t<div class=\"wpb_wrapper\">\n\t\t\t<h4>Kontaktujte n\u00e1s?<\/h4>\n<h5><em><strong>Rezervace dobrodru\u017estv\u00ed<\/strong><\/em><\/h5>\n<p><em><strong>M\u00edstn\u00ed obyvatel\u00e9<\/strong> a <strong>N\u00e1rodn\u00ed str\u00e1nky<\/strong> Pr\u016fvodci a slu\u017eby pro hosty<\/em><\/p>\n<p><span class=\"text-turquoise\">Rezervace:<\/span> V\u00fdlety a exkurze v Dom. Rep.<\/p>\n<p>&nbsp;<\/p>\n<h4><b><i>Storno podm\u00ednky<\/i><\/b><\/h4>\n<p>Chcete-li z\u00edskat plnou n\u00e1hradu, p\u0159e\u010dt\u011bte si pros\u00edm na\u0161e z\u00e1sady pro zru\u0161en\u00ed rezervace.\u00a0<a href=\"https:\/\/ticketswhales.com\/online-booking\/\" target=\"_blank\" rel=\"noopener\" data-saferedirecturl=\"https:\/\/www.google.com\/url?q=https:\/\/ticketswhales.com\/online-booking\/&amp;source=gmail&amp;ust=1672449202351000&amp;usg=AOvVaw1yAeVAPktmaVCqDujgUn90\">Klikn\u011bte zde<\/a>. Pokud je rezervace zru\u0161ena v den cesty, finan\u010dn\u00ed prost\u0159edky propadaj\u00ed.<\/p>\n\n\t\t<\/div>\n\t<\/div>\n<div class=\"vc_btn3-container vc_btn3-inline vc_do_btn\" ><a class=\"vc_general vc_btn3 vc_btn3-size-md vc_btn3-shape-rounded vc_btn3-style-modern vc_btn3-color-green\" href=\"https:\/\/bookingadventures.tours\/booking.php?tour_id=6c46b6d75497756d7ee194109970e87a\" title=\"\" target=\"_blank\" rel=\"noopener\">REZERVOVAT<\/a><\/div><\/div>\n\t<\/div> \n<\/div><!--End .row--><\/div><!--End .container--><\/div><div class=\"vc_row wpb_row st bg-holder\"><div class='container'><div class='row'>\n\t<div class=\"wpb_column column_container col-md-12\"><div class=\"vc_column-inner wpb_wrapper\">\n\t\t\t<div class=\"vc_empty_space\"   style=\"height: 32px\"><span class=\"vc_empty_space_inner\"><\/span><\/div>\n\t<div class=\"wpb_text_column wpb_content_element\" >\n\t\t<div class=\"wpb_wrapper\">\n\t\t\t<h4>Kontaktujte n\u00e1s?<\/h4>\n<h5>Rezervace dobrodru\u017estv\u00ed<\/h5>\n<p><em><strong>M\u00edstn\u00ed obyvatel\u00e9<\/strong>\u00a0a\u00a0<strong>N\u00e1rodn\u00ed str\u00e1nky<\/strong>\u00a0Pr\u016fvodci a slu\u017eby pro hosty<\/em><\/p>\n<p><span class=\"text-turquoise\">Rezervace:<\/span>\u00a0V\u00fdlety a exkurze v Dom. Rep.<\/p>\n<p><img decoding=\"async\" class=\"emoji\" draggable=\"false\" src=\"https:\/\/s.w.org\/images\/core\/emoji\/11.2.0\/svg\/1f4de.svg\" alt=\"\ud83d\udcde\" \/>\u00a0Tel \/ Whatsapp\u00a0\u00a0<a href=\"tel:+1-809-720-6035\">+1-809-720-6035<\/a>.<\/p>\n<p><img decoding=\"async\" class=\"emoji\" draggable=\"false\" src=\"https:\/\/s.w.org\/images\/core\/emoji\/11.2.0\/svg\/1f4e9.svg\" alt=\"\ud83d\udce9\" \/>\u00a0<a href=\"mailto:info@bookingadventures.com.do\">info@bookingadventures.com.do<\/a><\/p>\n<p><strong>Jsme flexibiln\u00ed nastaven\u00ed soukrom\u00e9 prohl\u00eddky p\u0159es Whatsapp:\u00a0<a href=\"tel:+18097206035\">+18097206035.<\/a><\/strong><\/p>\n\n\t\t<\/div>\n\t<\/div>\n<div class=\"vc_empty_space\"   style=\"height: 32px\"><span class=\"vc_empty_space_inner\"><\/span><\/div><\/div>\n\t<\/div> \n<\/div><!--End .row--><\/div><!--End .container--><\/div><div class=\"vc_row wpb_row st bg-holder\"><div class='container'><div class='row'>\n\t<div class=\"wpb_column column_container col-md-12\"><div class=\"vc_column-inner wpb_wrapper\">\n\t\t\t<div class=\"vc_btn3-container vc_btn3-inline vc_do_btn\" ><a class=\"vc_general vc_btn3 vc_btn3-size-md vc_btn3-shape-rounded vc_btn3-style-modern vc_btn3-color-green\" href=\"https:\/\/bookingadventures.tours\/booking.php?slug=\" title=\"\" target=\"_blank\" rel=\"noopener\">REZERVOVAT<\/a><\/div><\/div>\n\t<\/div> \n<\/div><!--End .row--><\/div><!--End .container--><\/div>\n<\/div>","protected":false},"excerpt":{"rendered":"<p>Pozn\u00e1mka: Jedn\u00e1 se o mo\u017enost soukrom\u00e9ho transferu z Punta Cany do Sabana de la mar nebo ze Sabana de la mar do Punta Cany. Pokud chcete p\u0159idat dal\u0161\u00ed n\u00e1v\u0161t\u011bvn\u00edky, nev\u00e1hejte n\u00e1s kontaktovat.<\/p>\n<p><strong>Do pozn\u00e1mky k rezervaci uve\u010fte \u010das a m\u00edsto pobytu a m\u00edsto v Sabana de la mar nebo Punta Cana, kter\u00e9 nav\u0161t\u011bvujete.<\/strong><\/p>\n<p>M\u00edsto vyzvednut\u00ed:<\/p>\n<p>M\u00edsto p\u0159ed\u00e1n\u00ed:<\/p>\n<p>\u010cas:<\/p>\n<p><em><strong>Zvolte pros\u00edm datum p\u0159evodu :\u00a0<\/strong><\/em><\/p>","protected":false},"featured_media":13096,"template":"","meta":[],"product_brand":[],"product_cat":[139,141,142,143,144,116,145],"product_tag":[147,148,150,154,155],"class_list":{"0":"post-12861","1":"product","2":"type-product","3":"status-publish","4":"has-post-thumbnail","6":"product_cat-1-punta-cana","7":"product_cat-punta-cana-buggy-tour","8":"product_cat-punta-cana-group-tours","9":"product_cat-punta-cana-buggies","10":"product_cat-tours-and-excursion-punta-cana","11":"product_cat-tours-and-excursions","12":"product_cat-tours-excursions-punta-cana-dominican-republic","13":"product_tag-de-aeropuerto-punta-cana-puj-a-sabana-de-la-mar","14":"product_tag-de-punta-cana-a-sabana-de-la-mar-en-2-horas","15":"product_tag-punta-cana-to-sabana-del-mar","16":"product_tag-shuttles-from-punta-cana-to-sabana-de-la-mar","17":"product_tag-taxi-punta-cana-sabana-de-la-mar-dominican-republic","19":"first","20":"instock","21":"sale","22":"sold-individually","23":"shipping-taxable","24":"product-type-external"},"_links":{"self":[{"href":"https:\/\/sabanadelamartours.com\/cs\/wp-json\/wp\/v2\/product\/12861","targetHints":{"allow":["GET"]}}],"collection":[{"href":"https:\/\/sabanadelamartours.com\/cs\/wp-json\/wp\/v2\/product"}],"about":[{"href":"https:\/\/sabanadelamartours.com\/cs\/wp-json\/wp\/v2\/types\/product"}],"version-history":[{"count":1,"href":"https:\/\/sabanadelamartours.com\/cs\/wp-json\/wp\/v2\/product\/12861\/revisions"}],"predecessor-version":[{"id":18921,"href":"https:\/\/sabanadelamartours.com\/cs\/wp-json\/wp\/v2\/product\/12861\/revisions\/18921"}],"wp:featuredmedia":[{"embeddable":true,"href":"https:\/\/sabanadelamartours.com\/cs\/wp-json\/wp\/v2\/media\/13096"}],"wp:attachment":[{"href":"https:\/\/sabanadelamartours.com\/cs\/wp-json\/wp\/v2\/media?parent=12861"}],"wp:term":[{"taxonomy":"product_brand","embeddable":true,"href":"https:\/\/sabanadelamartours.com\/cs\/wp-json\/wp\/v2\/product_brand?post=12861"},{"taxonomy":"product_cat","embeddable":true,"href":"https:\/\/sabanadelamartours.com\/cs\/wp-json\/wp\/v2\/product_cat?post=12861"},{"taxonomy":"product_tag","embeddable":true,"href":"https:\/\/sabanadelamartours.com\/cs\/wp-json\/wp\/v2\/product_tag?post=12861"}],"curies":[{"name":"wp","href":"https:\/\/api.w.org\/{rel}","templated":true}]}}