{"id":12882,"date":"2025-12-18T11:09:49","date_gmt":"2025-12-18T11:09:49","guid":{"rendered":"https:\/\/sabanadelamartours.com\/?post_type=product&#038;p=12882"},"modified":"2026-01-06T14:50:25","modified_gmt":"2026-01-06T14:50:25","slug":"dobrodruzstvi-na-terennich-vozech-4x4-v-punta-cane","status":"publish","type":"product","link":"https:\/\/sabanadelamartours.com\/cs\/prohlidka\/dobrodruzstvi-na-terennich-vozech-4x4-v-punta-cane\/","title":{"rendered":"Dobrodru\u017estv\u00ed na \u010dty\u0159kolk\u00e1ch 4\u00d74 v Punta Can\u011b"},"content":{"rendered":"<p><strong>Dobrodru\u017estv\u00ed na \u010dty\u0159kolk\u00e1ch 4\u00d74 v Punta Can\u011b<\/strong><\/p>\n<p>Itiner\u00e1\u0159<\/p>\n<p>Toto je typick\u00fd itiner\u00e1\u0159 tohoto produktu<\/p>\n<p>Zast\u00e1vka na: Buggies and ATV punta cana, G\u00e9nesis #10, Samaritano 1ro, Punta Cana 23000, Dominik\u00e1nsk\u00e1 republika<\/p>\n<p>R\u00e1no, v poledne nebo odpoledne v\u00e1s vyzvedneme z va\u0161eho hotelu v Punta Can\u011b, p\u0159ijedete na ran\u010d 4\u00d74 Atv &amp; Utv, kde v\u00e1s v\u00e1\u0161 p\u0159\u00e1telsk\u00fd pr\u016fvodce kr\u00e1tce pou\u010d\u00ed o bezpe\u010dnosti a ochran\u011b zdrav\u00ed, a pak teprve za\u010dne z\u00e1bava. Nastartujte motor a p\u0159ipravte se na dobrodru\u017estv\u00ed sv\u00e9ho \u017eivota.<\/p>\n<p>Doba trv\u00e1n\u00ed: 20 minut<\/p>\n<p>Zast\u00e1vka na: Macao, 23000 Punta Cana, Dominik\u00e1nsk\u00e1 republika<\/p>\n<p>Prvn\u00ed zast\u00e1vka: Za\u010d\u00edn\u00e1te prohl\u00eddku a objevujete n\u00e1dhern\u00e1 m\u00edsta a c\u00edt\u00edte sv\u011b\u017e\u00ed v\u00e1nek, kter\u00fd v\u00e1s hlad\u00ed po tv\u00e1\u0159i. Cestou po n\u00e1ro\u010dn\u00fdch stezk\u00e1ch mezi lesy a sv\u011b\u017e\u00edmi tropick\u00fdmi zahradami doraz\u00edte na ekologickou farmu. Zde se dozv\u00edte fakta o dominik\u00e1nsk\u00e9m kokosov\u00e9m oleji, tab\u00e1ku a rumu Mamajuana. Ochutn\u00e1te tak\u00e9 bohatou chu\u0165 dominik\u00e1nsk\u00e9 k\u00e1vy a dom\u00e1c\u00ed \u010dokol\u00e1dy.<\/p>\n<p>Doba trv\u00e1n\u00ed: 20 minut<\/p>\n<p>Zast\u00e1vka na: Pl\u00e1\u017e Macao, Punta Cana 23000 Dominik\u00e1nsk\u00e1 republika<\/p>\n<p>Druh\u00e1 zast\u00e1vka: Playa Macao, kter\u00e1 pat\u0159\u00ed mezi p\u011bt nej\u00fa\u017easn\u011bj\u0161\u00edch pl\u00e1\u017e\u00ed v zemi, je \u0161irok\u00e1, sv\u011btl\u00e1, lemovan\u00e1 palmami a d\u00edky sv\u00fdm vln\u00e1m obl\u00edben\u00e1 mezi surfa\u0159i. Nach\u00e1z\u00ed se na \u00fapln\u00e9m severu regionu Punta Cana.<\/p>\n<p>Doba trv\u00e1n\u00ed: 15 minut<\/p>\n<p>Zast\u00e1vka na: Los Hoyos del Salado (Cenote), Los hoyos del molina, Hig\u00fcey 23000, Dominik\u00e1nsk\u00e1 republika<\/p>\n<p>T\u0159et\u00ed zast\u00e1vka: Svat\u00fd t\u00fdden, ve vodn\u00ed jeskyni je povoleno pouze fotografovat, koupat se sm\u00ed pouze do ned\u011ble 4. dubna. T\u0159et\u00ed zast\u00e1vka: Vltava, v n\u00ed\u017e se nach\u00e1zej\u00ed vodn\u00ed n\u00e1dr\u017ee, se nach\u00e1z\u00ed v tzv: P\u0159i pokra\u010dov\u00e1n\u00ed obdivujte malebn\u00e9 typick\u00e9 dominik\u00e1nsk\u00e9 domky, palmov\u00e9 a ban\u00e1nov\u00e9 plant\u00e1\u017ee a pod\u011blte se o n\u00e1\u0161 nejv\u00fdznamn\u011bj\u0161\u00ed p\u0159\u00edrodn\u00ed zdroj, ekologick\u00fd park Ta\u00edno. A\u017e se tam ocitnete, vychutnejte si p\u016fsobivou p\u0159\u00edrodn\u00ed krajinu, pono\u0159te se a osv\u011b\u017ete se v prameni \u010dist\u00e9 a k\u0159i\u0161\u0165\u00e1lov\u00e9 vody.<\/p>\n<p>Doba trv\u00e1n\u00ed: Doba trv\u00e1n\u00ed: 15 minut.<\/p>","protected":false},"excerpt":{"rendered":"<div data-track=\"overview\" data-v-83a2b402=\"\">\n<section id=\"activity-overview\" class=\"activity-overview\" data-component=\"overview\" data-v-83a2b402=\"\" data-v-f3236c42=\"\">\n<p class=\"activity-overview__content\" data-test-id=\"activity-overview-content\" data-v-f3236c42=\"\">Nasedn\u011bte do v\u00fdkonn\u00e9ho ter\u00e9nn\u00edho vozidla, kter\u00e9 je ur\u010deno pro drsn\u00fd ter\u00e9n vnitrozem\u00ed Dominik\u00e1nsk\u00e9 republiky, a vydejte se lesem na m\u00edstn\u00ed ekologickou farmu.<\/p>\n<\/section>\n<\/div>\n<div data-track=\"key-details\" data-v-83a2b402=\"\"><\/div>","protected":false},"featured_media":13116,"template":"","meta":[],"product_brand":[],"product_cat":[97],"product_tag":[101,102],"class_list":{"0":"post-12882","1":"product","2":"type-product","3":"status-publish","4":"has-post-thumbnail","6":"product_cat-dominican-republic","7":"product_tag-excursion","8":"product_tag-tour","10":"first","11":"instock","12":"shipping-taxable","13":"product-type-external"},"_links":{"self":[{"href":"https:\/\/sabanadelamartours.com\/cs\/wp-json\/wp\/v2\/product\/12882","targetHints":{"allow":["GET"]}}],"collection":[{"href":"https:\/\/sabanadelamartours.com\/cs\/wp-json\/wp\/v2\/product"}],"about":[{"href":"https:\/\/sabanadelamartours.com\/cs\/wp-json\/wp\/v2\/types\/product"}],"version-history":[{"count":1,"href":"https:\/\/sabanadelamartours.com\/cs\/wp-json\/wp\/v2\/product\/12882\/revisions"}],"predecessor-version":[{"id":18571,"href":"https:\/\/sabanadelamartours.com\/cs\/wp-json\/wp\/v2\/product\/12882\/revisions\/18571"}],"wp:featuredmedia":[{"embeddable":true,"href":"https:\/\/sabanadelamartours.com\/cs\/wp-json\/wp\/v2\/media\/13116"}],"wp:attachment":[{"href":"https:\/\/sabanadelamartours.com\/cs\/wp-json\/wp\/v2\/media?parent=12882"}],"wp:term":[{"taxonomy":"product_brand","embeddable":true,"href":"https:\/\/sabanadelamartours.com\/cs\/wp-json\/wp\/v2\/product_brand?post=12882"},{"taxonomy":"product_cat","embeddable":true,"href":"https:\/\/sabanadelamartours.com\/cs\/wp-json\/wp\/v2\/product_cat?post=12882"},{"taxonomy":"product_tag","embeddable":true,"href":"https:\/\/sabanadelamartours.com\/cs\/wp-json\/wp\/v2\/product_tag?post=12882"}],"curies":[{"name":"wp","href":"https:\/\/api.w.org\/{rel}","templated":true}]}}