{"id":12904,"date":"2025-12-18T11:10:39","date_gmt":"2025-12-18T11:10:39","guid":{"rendered":"https:\/\/sabanadelamartours.com\/?post_type=product&#038;p=12904"},"modified":"2025-12-18T11:20:46","modified_gmt":"2025-12-18T11:20:46","slug":"party-lod","status":"publish","type":"product","link":"https:\/\/sabanadelamartours.com\/cs\/prohlidka\/party-lod\/","title":{"rendered":"P\u00e1rty lo\u010f"},"content":{"rendered":"<p>P\u00e1rty lo\u010f Nab\u00edz\u00edme dopravu, kter\u00e1 v\u00e1s vyzvedne u va\u0161eho m\u00edstn\u00edho Airbnb nebo resortu Jakmile doraz\u00edte na m\u00edsto, p\u0159eprav\u00edme v\u00e1s charterovou lod\u00ed na p\u00e1rty lo\u010f. Z v\u00fdchoz\u00edho m\u00edsta uvid\u00edte m\u00edstn\u00ed letoviska a sv\u011btozn\u00e1m\u00e9 pl\u00e1\u017ee. Va\u0161\u00ed prvn\u00ed zast\u00e1vkou bude \u0161norchlov\u00e1n\u00ed, kde budete s ofici\u00e1ln\u00edm licencovan\u00fdm plav\u010d\u00edkem, kter\u00fd s v\u00e1mi bude ve vod\u011b a uk\u00e1\u017ee v\u00e1m um\u00edst\u011bn\u00ed \u017eiv\u00fdch t\u00fddn\u016f a tak\u00e9 mo\u0159sk\u00fd \u017eivot. Po 45 a\u017e 1 hodin\u011b \u0161norchlov\u00e1n\u00ed ve vod\u011b a sk\u00e1k\u00e1n\u00ed z tobog\u00e1nu na p\u00e1rty lodi se vyd\u00e1te na dal\u0161\u00ed m\u00edsto, kter\u00fdm je Ostrov delf\u00edn\u016f.<\/p>\n<p>Jsou Dolphin Island uvid\u00edte r\u016fzn\u00e9 mo\u0159sk\u00e9 sv\u011btla v\u010detn\u011b delf\u00edn\u016f mo\u0159sk\u00fdch mro\u017e\u016f \u017eralok\u016f rejnok\u016f \u00faho\u0159\u016f p\u0159edstaven\u00ed a \u010dinnosti. Po 45 a\u017e 1 hodin\u011b, kdy uvid\u00edte show, p\u0159ij\u010fte k p\u0159\u00edrodn\u00edmu baz\u00e9nu. U p\u0159\u00edrodn\u00edho baz\u00e9nu str\u00e1v\u00edte hodinu a p\u016fl s v\u00edce ne\u017e 50 dal\u0161\u00edmi katamar\u00e1ny pln\u00fdmi turist\u016f, kte\u0159\u00ed mohou nasko\u010dit na sv\u00e9 lod\u011b a u\u017e\u00edvat si sv\u00fdch aktivit. U p\u0159\u00edrodn\u00edho j\u00eddla jsou plovouc\u00ed bary ve vod\u011b jsou plovouc\u00ed restaurace ve vod\u011b jsou plovouc\u00ed p\u016fj\u010dovny vodn\u00edch d\u00fdmek ve vod\u011b. Poskytujeme dron, kter\u00fd po\u0159\u00edd\u00ed videa, a poskytujeme fotografy, kte\u0159\u00ed v\u00e1s vyfot\u00ed p\u0159i va\u0161em \u00fa\u017easn\u00e9m dobrodru\u017estv\u00ed a vzru\u0161en\u00ed. Na z\u00e1v\u011br \u00fa\u017easn\u00e9ho dne v\u00e1s doprav\u00edme zp\u011bt 20 km do p\u016fvodn\u00ed destinace.<\/p>\n<p>&nbsp;<\/p>\n<div class=\"woocommerce-product-details__short-description\">\n<div data-track=\"overview\" data-v-83a2b402=\"\">\n<section id=\"activity-overview\" class=\"activity-overview\" data-component=\"overview\" data-v-83a2b402=\"\" data-v-f3236c42=\"\">\n<p class=\"activity-overview__content\" data-test-id=\"activity-overview-content\" data-v-f3236c42=\"\">Neomezen\u00e9 mno\u017estv\u00ed alkoholu Neomezen\u00e9 mno\u017estv\u00ed ob\u010derstven\u00ed Neomezen\u00e9 mno\u017estv\u00ed hudby Neomezen\u00e9 mno\u017estv\u00ed pozitivn\u00ed energie Neomezen\u00e9 mno\u017estv\u00ed vzru\u0161en\u00ed Neomezen\u00e1 z\u00e1bava<\/p>\n<\/section>\n<\/div>\n<div data-track=\"key-details\" data-v-83a2b402=\"\"><\/div>\n<\/div>","protected":false},"excerpt":{"rendered":"<div data-track=\"overview\" data-v-83a2b402=\"\">\n<section id=\"activity-overview\" class=\"activity-overview\" data-component=\"overview\" data-v-83a2b402=\"\" data-v-f3236c42=\"\">\n<p class=\"activity-overview__content\" data-test-id=\"activity-overview-content\" data-v-f3236c42=\"\">Neomezen\u00e9 mno\u017estv\u00ed alkoholu Neomezen\u00e9 mno\u017estv\u00ed ob\u010derstven\u00ed Neomezen\u00e9 mno\u017estv\u00ed hudby Neomezen\u00e9 mno\u017estv\u00ed pozitivn\u00ed energie Neomezen\u00e9 mno\u017estv\u00ed vzru\u0161en\u00ed Neomezen\u00e1 z\u00e1bava<\/p>\n<\/section>\n<\/div>\n<div data-track=\"key-details\" data-v-83a2b402=\"\"><\/div>","protected":false},"featured_media":13140,"template":"","meta":[],"product_brand":[],"product_cat":[97],"product_tag":[101,102],"class_list":{"0":"post-12904","1":"product","2":"type-product","3":"status-publish","4":"has-post-thumbnail","6":"product_cat-dominican-republic","7":"product_tag-excursion","8":"product_tag-tour","10":"first","11":"instock","12":"shipping-taxable","13":"product-type-external"},"_links":{"self":[{"href":"https:\/\/sabanadelamartours.com\/cs\/wp-json\/wp\/v2\/product\/12904","targetHints":{"allow":["GET"]}}],"collection":[{"href":"https:\/\/sabanadelamartours.com\/cs\/wp-json\/wp\/v2\/product"}],"about":[{"href":"https:\/\/sabanadelamartours.com\/cs\/wp-json\/wp\/v2\/types\/product"}],"version-history":[{"count":0,"href":"https:\/\/sabanadelamartours.com\/cs\/wp-json\/wp\/v2\/product\/12904\/revisions"}],"wp:featuredmedia":[{"embeddable":true,"href":"https:\/\/sabanadelamartours.com\/cs\/wp-json\/wp\/v2\/media\/13140"}],"wp:attachment":[{"href":"https:\/\/sabanadelamartours.com\/cs\/wp-json\/wp\/v2\/media?parent=12904"}],"wp:term":[{"taxonomy":"product_brand","embeddable":true,"href":"https:\/\/sabanadelamartours.com\/cs\/wp-json\/wp\/v2\/product_brand?post=12904"},{"taxonomy":"product_cat","embeddable":true,"href":"https:\/\/sabanadelamartours.com\/cs\/wp-json\/wp\/v2\/product_cat?post=12904"},{"taxonomy":"product_tag","embeddable":true,"href":"https:\/\/sabanadelamartours.com\/cs\/wp-json\/wp\/v2\/product_tag?post=12904"}],"curies":[{"name":"wp","href":"https:\/\/api.w.org\/{rel}","templated":true}]}}