{"id":12921,"date":"2025-12-18T11:11:16","date_gmt":"2025-12-18T11:11:16","guid":{"rendered":"https:\/\/sabanadelamartours.com\/?post_type=product&#038;p=12921"},"modified":"2026-02-11T03:58:07","modified_gmt":"2026-02-11T03:58:07","slug":"-214","status":"publish","type":"product","link":"https:\/\/sabanadelamartours.com\/cs\/prohlidka\/-214\/","title":{"rendered":"Punta Cana: ... Rychlostn\u00ed \u010dlun a \u0161norchlov\u00e1n\u00ed s..."},"content":{"rendered":"<p>Mo\u017enost pln\u011b ovl\u00e1dat motorov\u00fd \u010dlun a projet se pod\u00e9l pob\u0159e\u017e\u00ed Punta Cany. B\u011bhem plavby se zastav\u00edte u kor\u00e1lov\u00e9ho \u00fatesu, kde m\u016f\u017eete \u0161norchlovat, nav\u0161t\u00edv\u00edte kr\u00e1sn\u00e9 p\u0159\u00edrodn\u00ed koupali\u0161t\u011b a ud\u011bl\u00e1te si p\u0159est\u00e1vku na ob\u010derstven\u00ed.<\/p>\n<p>Do v\u00fdchoz\u00edho bodu se dostanete snadno - v cen\u011b jsou zahrnuty transfery tam i zp\u011bt. Z\u016fsta\u0148te pln\u00ed energie d\u00edky ob\u010derstven\u00ed. Ud\u011blejte si p\u0159est\u00e1vku na \u0161norchlov\u00e1n\u00ed - zap\u016fj\u010den\u00ed vybaven\u00ed je v cen\u011b.<\/p>\n<p>Pro dobrodru\u017en\u00e9 povahy je p\u0159ipraveno odpoledne pln\u00e9 \u017eiv\u00e9 akce, b\u011bhem kter\u00e9ho budete m\u00edt plnou kontrolu nad vlastn\u00ed lod\u00ed proplouvaj\u00edc\u00ed n\u00e1dhern\u00fdm pob\u0159e\u017e\u00edm Punta Cany.<\/p>\n<p>B\u011bhem dobrodru\u017estv\u00ed na rychl\u00e9m \u010dlunu v Punta Can\u011b za\u017eij\u00ed host\u00e9 adrenalinovou j\u00edzdu po tyrkysov\u00e9m pob\u0159e\u017e\u00ed a z\u00e1rove\u0148 si budou u\u017e\u00edvat sv\u011b\u017e\u00edho mo\u0159sk\u00e9ho v\u00e1nku za kr\u00e1sn\u00e9ho slune\u010dn\u00e9ho dne. B\u011bhem plavby lod\u00ed se zastav\u00edte u nedalek\u00e9ho kor\u00e1lov\u00e9ho \u00fatesu, kde budete moci \u0161norchlovat, co\u017e je n\u011bco, co v Punta Can\u011b mus\u00edte ud\u011blat. Na motorov\u00e9m \u010dlunu dojedete k p\u0159\u00edrodn\u00edmu baz\u00e9nu a str\u00e1v\u00edte zde kouzeln\u00fdch 30 minut s ob\u010derstven\u00edm a kr\u00e1sn\u00fdm panoramatick\u00fdm v\u00fdhledem na Punta Canu.<\/p>","protected":false},"excerpt":{"rendered":"<div data-track=\"overview\" data-v-83a2b402=\"\">\n<section id=\"activity-overview\" class=\"activity-overview\" data-component=\"overview\" data-v-83a2b402=\"\" data-v-f3236c42=\"\">\n<p class=\"activity-overview__content\" data-test-id=\"activity-overview-content\" data-v-f3236c42=\"\">Za\u017eijte vzru\u0161en\u00ed z j\u00edzdy na vlastn\u00edm motorov\u00e9m \u010dlunu pod\u00e9l pob\u0159e\u017e\u00ed Punta Cany. \u0160norchlujte u kor\u00e1lov\u00e9ho \u00fatesu, zaplavte si v p\u0159\u00edrodn\u00edm baz\u00e9nu a u\u017eijte si kr\u00e1tkou p\u0159est\u00e1vku na ob\u010derstven\u00ed.<\/p>\n<\/section>\n<\/div>\n<div data-track=\"key-details\" data-v-83a2b402=\"\"><\/div>","protected":false},"featured_media":13160,"template":"","meta":[],"product_brand":[],"product_cat":[97],"product_tag":[101,102],"class_list":{"0":"post-12921","1":"product","2":"type-product","3":"status-publish","4":"has-post-thumbnail","6":"product_cat-dominican-republic","7":"product_tag-excursion","8":"product_tag-tour","10":"first","11":"instock","12":"shipping-taxable","13":"product-type-external"},"_links":{"self":[{"href":"https:\/\/sabanadelamartours.com\/cs\/wp-json\/wp\/v2\/product\/12921","targetHints":{"allow":["GET"]}}],"collection":[{"href":"https:\/\/sabanadelamartours.com\/cs\/wp-json\/wp\/v2\/product"}],"about":[{"href":"https:\/\/sabanadelamartours.com\/cs\/wp-json\/wp\/v2\/types\/product"}],"version-history":[{"count":1,"href":"https:\/\/sabanadelamartours.com\/cs\/wp-json\/wp\/v2\/product\/12921\/revisions"}],"predecessor-version":[{"id":18924,"href":"https:\/\/sabanadelamartours.com\/cs\/wp-json\/wp\/v2\/product\/12921\/revisions\/18924"}],"wp:featuredmedia":[{"embeddable":true,"href":"https:\/\/sabanadelamartours.com\/cs\/wp-json\/wp\/v2\/media\/13160"}],"wp:attachment":[{"href":"https:\/\/sabanadelamartours.com\/cs\/wp-json\/wp\/v2\/media?parent=12921"}],"wp:term":[{"taxonomy":"product_brand","embeddable":true,"href":"https:\/\/sabanadelamartours.com\/cs\/wp-json\/wp\/v2\/product_brand?post=12921"},{"taxonomy":"product_cat","embeddable":true,"href":"https:\/\/sabanadelamartours.com\/cs\/wp-json\/wp\/v2\/product_cat?post=12921"},{"taxonomy":"product_tag","embeddable":true,"href":"https:\/\/sabanadelamartours.com\/cs\/wp-json\/wp\/v2\/product_tag?post=12921"}],"curies":[{"name":"wp","href":"https:\/\/api.w.org\/{rel}","templated":true}]}}