{"id":13000,"date":"2025-12-18T11:15:10","date_gmt":"2025-12-18T11:15:10","guid":{"rendered":"https:\/\/sabanadelamartours.com\/?post_type=product&#038;p=13000"},"modified":"2026-01-06T14:59:39","modified_gmt":"2026-01-06T14:59:39","slug":"-224","status":"publish","type":"product","link":"https:\/\/sabanadelamartours.com\/cs\/prohlidka\/-224\/","title":{"rendered":"Z Punta Cany: Canta Punta: Pozorov\u00e1n\u00ed velryb a prohl\u00eddka Montany Redonda"},"content":{"rendered":"<p>P\u0159ije\u010fte na jeden den a poznejte tohoto obrovsk\u00e9ho savce a neuv\u011b\u0159iteln\u00fd p\u0159\u00edb\u011bh jeho migrace v Samansk\u00e9m z\u00e1livu. Odjezd bude kolem 7:30 a na molo Miches doraz\u00edte kolem 9:15.<\/p>\n<p>Na molu se pod\u00e1v\u00e1 sn\u00eddan\u011b. Pozorov\u00e1n\u00ed velryb bude prob\u00edhat na pohodln\u00e9m motorov\u00e9m katamar\u00e1nu a potrv\u00e1 2h00 a 3h30. Do p\u0159\u00edstavu Miches se vr\u00e1t\u00edte mezi 12h30 a 1h30.<\/p>\n<p>Odjezd z Miches do Montany Redonda (20\/25 minut j\u00edzdy). V\u00fdstup na Montanu Redondu se uskute\u010dn\u00ed v n\u00e1kladn\u00edm aut\u011b Safari (p\u0159ipravte se, vyraz\u00ed v\u00e1m to dech!). Ob\u011bd se pod\u00e1v\u00e1 na svahu hory s panoramatick\u00fdm v\u00fdhledem na pob\u0159e\u017e\u00ed Atlantiku. Na j\u00eddeln\u00edm l\u00edstku: vep\u0159ov\u00e9 maso, ku\u0159ec\u00ed maso, ryb\u00ed fil\u00e9, r\u00fd\u017ee, sal\u00e1ty a \u010derstv\u00e9 ovoce.<\/p>\n<p>N\u00e1vrat do hotel\u016f p\u0159es vnitrozem\u00ed, p\u0159\u00edrodn\u00ed a autentickou Dominik\u00e1nskou republikou, daleko od tradi\u010dn\u00edch turistick\u00fdch okruh\u016f. Po v\u0161ech t\u011bchto \u00fa\u017easn\u00fdch objevech se kolem 17.30-18.00 hod. vr\u00e1t\u00edte do hotelu.<\/p>","protected":false},"excerpt":{"rendered":"<div data-track=\"overview\" data-v-83a2b402=\"\">\n<section id=\"activity-overview\" class=\"activity-overview\" data-component=\"overview\" data-v-83a2b402=\"\" data-v-f3236c42=\"\">\n<p class=\"activity-overview__content\" data-test-id=\"activity-overview-content\" data-v-f3236c42=\"\">Za\u010dn\u011bte v Punta Can\u011b a nalod\u011bte se na katamar\u00e1n, abyste si u\u017eili plavbu za pozorov\u00e1n\u00edm velryb, a pak se vydejte na prohl\u00eddku Montany Redondy v safari voze. Ob\u011bdvejte na ho\u0159e a z\u00e1rove\u0148 se kochejte panoramatick\u00fdm v\u00fdhledem na mo\u0159e.<\/p>\n<\/section>\n<\/div>\n<div data-track=\"key-details\" data-v-83a2b402=\"\"><\/div>","protected":false},"featured_media":13229,"template":"","meta":[],"product_brand":[],"product_cat":[97],"product_tag":[101,102],"class_list":{"0":"post-13000","1":"product","2":"type-product","3":"status-publish","4":"has-post-thumbnail","6":"product_cat-dominican-republic","7":"product_tag-excursion","8":"product_tag-tour","10":"first","11":"instock","12":"shipping-taxable","13":"product-type-external"},"_links":{"self":[{"href":"https:\/\/sabanadelamartours.com\/cs\/wp-json\/wp\/v2\/product\/13000","targetHints":{"allow":["GET"]}}],"collection":[{"href":"https:\/\/sabanadelamartours.com\/cs\/wp-json\/wp\/v2\/product"}],"about":[{"href":"https:\/\/sabanadelamartours.com\/cs\/wp-json\/wp\/v2\/types\/product"}],"version-history":[{"count":1,"href":"https:\/\/sabanadelamartours.com\/cs\/wp-json\/wp\/v2\/product\/13000\/revisions"}],"predecessor-version":[{"id":18576,"href":"https:\/\/sabanadelamartours.com\/cs\/wp-json\/wp\/v2\/product\/13000\/revisions\/18576"}],"wp:featuredmedia":[{"embeddable":true,"href":"https:\/\/sabanadelamartours.com\/cs\/wp-json\/wp\/v2\/media\/13229"}],"wp:attachment":[{"href":"https:\/\/sabanadelamartours.com\/cs\/wp-json\/wp\/v2\/media?parent=13000"}],"wp:term":[{"taxonomy":"product_brand","embeddable":true,"href":"https:\/\/sabanadelamartours.com\/cs\/wp-json\/wp\/v2\/product_brand?post=13000"},{"taxonomy":"product_cat","embeddable":true,"href":"https:\/\/sabanadelamartours.com\/cs\/wp-json\/wp\/v2\/product_cat?post=13000"},{"taxonomy":"product_tag","embeddable":true,"href":"https:\/\/sabanadelamartours.com\/cs\/wp-json\/wp\/v2\/product_tag?post=13000"}],"curies":[{"name":"wp","href":"https:\/\/api.w.org\/{rel}","templated":true}]}}