{"id":13051,"date":"2025-12-18T11:17:15","date_gmt":"2025-12-18T11:17:15","guid":{"rendered":"https:\/\/sabanadelamartours.com\/?post_type=product&#038;p=13051"},"modified":"2026-01-06T15:35:48","modified_gmt":"2026-01-06T15:35:48","slug":"-229","status":"publish","type":"product","link":"https:\/\/sabanadelamartours.com\/cs\/prohlidka\/-229\/","title":{"rendered":"Park T\u0159i o\u010di a maj\u00e1k Colon Experience"},"content":{"rendered":"<p>V doprovodu na\u0161ich m\u00edstn\u00edch pr\u016fvodc\u016f si prohl\u00e9dnete dv\u011b v\u00fdjime\u010dn\u00e1 m\u00edsta v Santo Domingu, nejprve n\u00e1rodn\u00ed park pln\u00fd historie, kultury a kouzla, a pot\u00e9 se vyd\u00e1me k maj\u00e1ku v Colonu, n\u00e1dhern\u00e9 architektu\u0159e, o n\u00ed\u017e se dozv\u00edte neuv\u011b\u0159iteln\u00e9 a m\u00e1lo zn\u00e1m\u00e9 informace.<\/p>\n<p>V\u00fdlet za\u010d\u00edn\u00e1me v n\u00e1rodn\u00edm parku Los Tres Ojos. Skryt\u00e1 kr\u00e1sa uvnit\u0159 jeskyn\u011b, kter\u00e1 ukr\u00fdv\u00e1 4 jezera, kter\u00e1 byla na za\u010d\u00e1tku pouze 1, dnes odd\u011blen\u00e9 od sebe maj\u00ed velmi odli\u0161n\u00e9 vlastnosti.<\/p>\n<div class=\"toggle-content__content toggle-content__content--expanded toggle-content__content--packable\" data-v-59485d64=\"\">\n<div data-test-id=\"activity-full-description-text\" data-v-5835c99c=\"\">Pot\u00e9 se vyd\u00e1me do Kolumbova maj\u00e1ku, muzea\/mauzolea pln\u00e9ho historie a kultury. Bude to den pln\u00fd pozn\u00e1n\u00ed a z\u00e1bavy.<\/div>\n<\/div>\n<div class=\"toggle-content__label-placeholder\" data-v-59485d64=\"\"><\/div>","protected":false},"excerpt":{"rendered":"<div data-track=\"overview\" data-v-83a2b402=\"\">\n<section id=\"activity-overview\" class=\"activity-overview\" data-component=\"overview\" data-v-83a2b402=\"\" data-v-f3236c42=\"\">\n<p class=\"activity-overview__content\" data-test-id=\"activity-overview-content\" data-v-f3236c42=\"\">Dv\u011b n\u00e1dhern\u00e1 m\u00edsta, kter\u00e1 m\u016f\u017eete nav\u0161t\u00edvit b\u011bhem jedin\u00e9ho dne, se dozv\u00edte o jejich v\u00fdvoji, zaj\u00edmavostech a budete se moci pokochat n\u00e1rodn\u00ed fl\u00f3rou a faunou.<\/p>\n<\/section>\n<\/div>\n<div data-track=\"key-details\" data-v-83a2b402=\"\"><\/div>","protected":false},"featured_media":13279,"template":"","meta":[],"product_brand":[],"product_cat":[97],"product_tag":[101,102],"class_list":{"0":"post-13051","1":"product","2":"type-product","3":"status-publish","4":"has-post-thumbnail","6":"product_cat-dominican-republic","7":"product_tag-excursion","8":"product_tag-tour","10":"first","11":"instock","12":"shipping-taxable","13":"product-type-external"},"_links":{"self":[{"href":"https:\/\/sabanadelamartours.com\/cs\/wp-json\/wp\/v2\/product\/13051","targetHints":{"allow":["GET"]}}],"collection":[{"href":"https:\/\/sabanadelamartours.com\/cs\/wp-json\/wp\/v2\/product"}],"about":[{"href":"https:\/\/sabanadelamartours.com\/cs\/wp-json\/wp\/v2\/types\/product"}],"version-history":[{"count":1,"href":"https:\/\/sabanadelamartours.com\/cs\/wp-json\/wp\/v2\/product\/13051\/revisions"}],"predecessor-version":[{"id":18579,"href":"https:\/\/sabanadelamartours.com\/cs\/wp-json\/wp\/v2\/product\/13051\/revisions\/18579"}],"wp:featuredmedia":[{"embeddable":true,"href":"https:\/\/sabanadelamartours.com\/cs\/wp-json\/wp\/v2\/media\/13279"}],"wp:attachment":[{"href":"https:\/\/sabanadelamartours.com\/cs\/wp-json\/wp\/v2\/media?parent=13051"}],"wp:term":[{"taxonomy":"product_brand","embeddable":true,"href":"https:\/\/sabanadelamartours.com\/cs\/wp-json\/wp\/v2\/product_brand?post=13051"},{"taxonomy":"product_cat","embeddable":true,"href":"https:\/\/sabanadelamartours.com\/cs\/wp-json\/wp\/v2\/product_cat?post=13051"},{"taxonomy":"product_tag","embeddable":true,"href":"https:\/\/sabanadelamartours.com\/cs\/wp-json\/wp\/v2\/product_tag?post=13051"}],"curies":[{"name":"wp","href":"https:\/\/api.w.org\/{rel}","templated":true}]}}