{"id":13106,"date":"2025-12-18T11:19:34","date_gmt":"2025-12-18T11:19:34","guid":{"rendered":"https:\/\/sabanadelamartours.com\/?post_type=product&#038;p=13106"},"modified":"2026-02-11T04:42:07","modified_gmt":"2026-02-11T04:42:07","slug":"-234","status":"publish","type":"product","link":"https:\/\/sabanadelamartours.com\/cs\/prohlidka\/-234\/","title":{"rendered":"Dobrodru\u017estv\u00ed v Puerto Plata: Prohl\u00eddka m\u011bsta + buggy + pl\u00e1\u017e"},"content":{"rendered":"<p>Objevte podstatu Puerto Plata: Prohl\u00eddka m\u011bsta a dobrodru\u017estv\u00ed v bugin\u00e1ch<\/p>\n<p>Prozkoumejte historii a kulturu:<\/p>\n<p>Muzeum jantaru: Pono\u0159te se do fascinuj\u00edc\u00edho sv\u011bta jantaru, obdivujte p\u016fsobiv\u00e9 kousky a seznamte se s jeho histori\u00ed a v\u00fdznamem v regionu.<\/p>\n<p>Muzeum rumu Macorix: Objevte proces v\u00fdroby dominik\u00e1nsk\u00e9ho rumu, ochutnejte n\u011bkter\u00e9 z nejlep\u0161\u00edch m\u00edstn\u00edch odr\u016fd a pochopte, pro\u010d je tento rum tak cen\u011bn\u00fd po cel\u00e9m sv\u011bt\u011b.<\/p>\n<p>Proch\u00e1zka kouzlem historick\u00e9ho centra:<\/p>\n<p>Historick\u00e9 centrum Puerto Plata: Projd\u011bte se ulicemi zdoben\u00fdmi elegantn\u00edmi s\u00eddly a budovami v neoklasicistn\u00edm a viktori\u00e1nsk\u00e9m stylu, z nich\u017e ka\u017ed\u00e1 m\u00e1 jedine\u010dnou historii a kouzlo.<\/p>\n<p>Nav\u0161tivte nejmalebn\u011bj\u0161\u00ed z\u00e1kout\u00ed:<\/p>\n<p>Parasol Street: Ulice s pestr\u00fdmi barvami, ide\u00e1ln\u00ed pro nezapomenuteln\u00e9 fotografie pod slune\u010dn\u00edky, kter\u00e9 zdob\u00ed oblohu.<\/p>\n<p>Paseo de Do\u00f1a Blanca: Klidn\u00e9 a okouzluj\u00edc\u00ed z\u00e1kout\u00ed, ide\u00e1ln\u00ed pro klidnou proch\u00e1zku.<\/p>\n<p>Paseo Melosa: Tato proch\u00e1zka je pln\u00e1 \u017eivota a radosti a nakaz\u00ed v\u00e1s svou energi\u00ed.<\/p>\n<p>Calle de los Murales a Calle Chichiguas: V t\u011bchto ulic\u00edch m\u016f\u017eete obdivovat m\u00edstn\u00ed kreativitu, kter\u00e1 se projevuje v podob\u011b barevn\u00fdch n\u00e1st\u011bnn\u00fdch maleb a drak\u016f, je\u017e nab\u00edzej\u00ed um\u011bleck\u00fd a jedine\u010dn\u00fd n\u00e1dech.<\/p>\n<p>Prohl\u00eddka bulv\u00e1ru Malec\u00f3n:<\/p>\n<p>Malec\u00f3n a pevnost Fortaleza de San Felipe: Vychutnejte si mo\u0159sk\u00fd v\u00e1nek a n\u00e1dhern\u00e9 v\u00fdhledy p\u0159i proch\u00e1zce po Malec\u00f3nu, kter\u00e1 vyvrchol\u00ed u historick\u00e9 pevnosti Fortaleza de San Felipe, pam\u00e1tky op\u0159eden\u00e9 p\u0159\u00edb\u011bhy a p\u016fsobiv\u00fdm v\u00fdhledem na oce\u00e1n.<\/p>\n<p>Extr\u00e9mn\u00ed dobrodru\u017estv\u00ed na bugin\u00e1ch:<\/p>\n<div class=\"toggle-content__content toggle-content__content--expanded toggle-content__content--packable\" data-v-59485d64=\"\">\n<div data-test-id=\"activity-full-description-text\" data-v-5835c99c=\"\">Po prohl\u00eddce m\u011bsta se p\u0159ipravte na vzru\u0161uj\u00edc\u00ed v\u00fdlet ve sd\u00edlen\u00fdch bugin\u00e1ch. P\u0159i cest\u011b po stezk\u00e1ch pln\u00fdch dobrodru\u017estv\u00ed poc\u00edt\u00edte adrenalin a budete si u\u017e\u00edvat jedine\u010dnou krajinu Puerto Plata. Tato aktivita v\u00e1s zavede na kr\u00e1snou pl\u00e1\u017e, kde si m\u016f\u017eete odpo\u010dinout, vykoupat se v jej\u00ed k\u0159i\u0161\u0165\u00e1lov\u011b \u010dist\u00e9 vod\u011b a vychutnat si p\u0159\u00edrodn\u00ed prost\u0159ed\u00ed.<\/div>\n<\/div>\n<div class=\"toggle-content__label-placeholder\" data-v-59485d64=\"\"><\/div>","protected":false},"excerpt":{"rendered":"<div data-track=\"overview\" data-v-83a2b402=\"\">\n<section id=\"activity-overview\" class=\"activity-overview\" data-component=\"overview\" data-v-83a2b402=\"\" data-v-f3236c42=\"\">\n<p class=\"activity-overview__content\" data-test-id=\"activity-overview-content\" data-v-f3236c42=\"\">P\u0159ipravte se na kompletn\u00ed z\u00e1\u017eitek v Puerto Plata, kter\u00fd spojuje bohatou historii m\u011bsta se vzru\u0161uj\u00edc\u00edm extr\u00e9mn\u00edm dobrodru\u017estv\u00edm.<\/p>\n<\/section>\n<\/div>\n<div data-track=\"key-details\" data-v-83a2b402=\"\"><\/div>","protected":false},"featured_media":13319,"template":"","meta":[],"product_brand":[],"product_cat":[97],"product_tag":[101,102],"class_list":{"0":"post-13106","1":"product","2":"type-product","3":"status-publish","4":"has-post-thumbnail","6":"product_cat-dominican-republic","7":"product_tag-excursion","8":"product_tag-tour","10":"first","11":"instock","12":"shipping-taxable","13":"product-type-external"},"_links":{"self":[{"href":"https:\/\/sabanadelamartours.com\/cs\/wp-json\/wp\/v2\/product\/13106","targetHints":{"allow":["GET"]}}],"collection":[{"href":"https:\/\/sabanadelamartours.com\/cs\/wp-json\/wp\/v2\/product"}],"about":[{"href":"https:\/\/sabanadelamartours.com\/cs\/wp-json\/wp\/v2\/types\/product"}],"version-history":[{"count":1,"href":"https:\/\/sabanadelamartours.com\/cs\/wp-json\/wp\/v2\/product\/13106\/revisions"}],"predecessor-version":[{"id":18936,"href":"https:\/\/sabanadelamartours.com\/cs\/wp-json\/wp\/v2\/product\/13106\/revisions\/18936"}],"wp:featuredmedia":[{"embeddable":true,"href":"https:\/\/sabanadelamartours.com\/cs\/wp-json\/wp\/v2\/media\/13319"}],"wp:attachment":[{"href":"https:\/\/sabanadelamartours.com\/cs\/wp-json\/wp\/v2\/media?parent=13106"}],"wp:term":[{"taxonomy":"product_brand","embeddable":true,"href":"https:\/\/sabanadelamartours.com\/cs\/wp-json\/wp\/v2\/product_brand?post=13106"},{"taxonomy":"product_cat","embeddable":true,"href":"https:\/\/sabanadelamartours.com\/cs\/wp-json\/wp\/v2\/product_cat?post=13106"},{"taxonomy":"product_tag","embeddable":true,"href":"https:\/\/sabanadelamartours.com\/cs\/wp-json\/wp\/v2\/product_tag?post=13106"}],"curies":[{"name":"wp","href":"https:\/\/api.w.org\/{rel}","templated":true}]}}