{"id":13156,"date":"2025-12-18T11:21:20","date_gmt":"2025-12-18T11:21:20","guid":{"rendered":"https:\/\/sabanadelamartours.com\/?post_type=product&#038;p=13156"},"modified":"2026-02-11T04:48:12","modified_gmt":"2026-02-11T04:48:12","slug":"-240","status":"publish","type":"product","link":"https:\/\/sabanadelamartours.com\/cs\/prohlidka\/-240\/","title":{"rendered":"Punta Cana: P\u016fldenn\u00ed v\u00fdlet Monkey Land Safari Tour"},"content":{"rendered":"<p>After being picked up from your accommodation, begin your safari adventure. Start the tour with a visit to a typical farmhouse where you can socialize with Dominicans and learn how to live off the land and its organic products. There you will have the opportunity to taste roasted coffee and cocoa. Then, head to the beautiful botanical garden, where you will learn about the native plants and flowers of the island.<\/p>\n<p>For the next 45 minutes, enjoy a guided visit that will allow you to interact closely with the beautiful and friendly squirrel monkeys at Monkeyland. These charming and intelligent monkeys have been cared for by a Canadian couple with 35 years of experience working with animals, including 12 years at the Toronto Zoo teaching the monkeys to trust and enjoy the company of humans.<\/p>\n<div class=\"toggle-content__content toggle-content__content--expanded toggle-content__content--packable\" data-v-59485d64=\"\">\n<div data-test-id=\"activity-full-description-text\" data-v-5835c99c=\"\">During the tour, explore 5 acres of a beautiful piece of land that the monkeys have made their home. The monkeys are completely accustomed to human contact. They come down from the trees to sit on your shoulder and eat from your hands &#8211; beware, monkeys love all things shiny and interesting! Little monkeys love to pose for the cameras and will probably sit and, if allowed, see themselves on camera. adorable! come and share an unforgettable experience!<\/div>\n<\/div>\n<div class=\"toggle-content__label-placeholder\" data-v-59485d64=\"\"><\/div>","protected":false},"excerpt":{"rendered":"<div data-track=\"overview\" data-v-83a2b402=\"\">\n<section id=\"activity-overview\" class=\"activity-overview\" data-component=\"overview\" data-v-83a2b402=\"\" data-v-f3236c42=\"\">\n<p class=\"activity-overview__content\" data-test-id=\"activity-overview-content\" data-v-f3236c42=\"\">M\u011bjte jedine\u010dnou p\u0159\u00edle\u017eitost komunikovat s rodinou opic veverek v centru, kter\u00e9 vede kanadsk\u00fd p\u00e1r. Nechte opice j\u00edst p\u0159\u00edmo z misky s ovocem, kterou dr\u017e\u00edte v rukou, a p\u00f3zovat pro v\u00e1s.<\/p>\n<\/section>\n<\/div>\n<div data-track=\"key-details\" data-v-83a2b402=\"\"><\/div>","protected":false},"featured_media":13384,"template":"","meta":[],"product_brand":[],"product_cat":[97],"product_tag":[101,102],"class_list":{"0":"post-13156","1":"product","2":"type-product","3":"status-publish","4":"has-post-thumbnail","6":"product_cat-dominican-republic","7":"product_tag-excursion","8":"product_tag-tour","10":"first","11":"instock","12":"shipping-taxable","13":"product-type-external"},"_links":{"self":[{"href":"https:\/\/sabanadelamartours.com\/cs\/wp-json\/wp\/v2\/product\/13156","targetHints":{"allow":["GET"]}}],"collection":[{"href":"https:\/\/sabanadelamartours.com\/cs\/wp-json\/wp\/v2\/product"}],"about":[{"href":"https:\/\/sabanadelamartours.com\/cs\/wp-json\/wp\/v2\/types\/product"}],"version-history":[{"count":1,"href":"https:\/\/sabanadelamartours.com\/cs\/wp-json\/wp\/v2\/product\/13156\/revisions"}],"predecessor-version":[{"id":18943,"href":"https:\/\/sabanadelamartours.com\/cs\/wp-json\/wp\/v2\/product\/13156\/revisions\/18943"}],"wp:featuredmedia":[{"embeddable":true,"href":"https:\/\/sabanadelamartours.com\/cs\/wp-json\/wp\/v2\/media\/13384"}],"wp:attachment":[{"href":"https:\/\/sabanadelamartours.com\/cs\/wp-json\/wp\/v2\/media?parent=13156"}],"wp:term":[{"taxonomy":"product_brand","embeddable":true,"href":"https:\/\/sabanadelamartours.com\/cs\/wp-json\/wp\/v2\/product_brand?post=13156"},{"taxonomy":"product_cat","embeddable":true,"href":"https:\/\/sabanadelamartours.com\/cs\/wp-json\/wp\/v2\/product_cat?post=13156"},{"taxonomy":"product_tag","embeddable":true,"href":"https:\/\/sabanadelamartours.com\/cs\/wp-json\/wp\/v2\/product_tag?post=13156"}],"curies":[{"name":"wp","href":"https:\/\/api.w.org\/{rel}","templated":true}]}}