{"id":13166,"date":"2025-12-18T11:21:45","date_gmt":"2025-12-18T11:21:45","guid":{"rendered":"https:\/\/sabanadelamartours.com\/?post_type=product&#038;p=13166"},"modified":"2026-01-07T09:58:58","modified_gmt":"2026-01-07T09:58:58","slug":"-241","status":"publish","type":"product","link":"https:\/\/sabanadelamartours.com\/cs\/prohlidka\/-241\/","title":{"rendered":"Punta Cana: V\u00fdlet na parasailingu kolem pob\u0159e\u017e\u00ed Bavaro"},"content":{"rendered":"<div class=\"toggle-content__content toggle-content__content--expanded toggle-content__content--packable\" data-v-59485d64=\"\">\n<div data-test-id=\"activity-full-description-text\" data-v-5835c99c=\"\">Enjoying a beautiful aerial view once you get on your parasailing you will be able to see all the coasts of Bavaro a beautiful panoramic view from top to bottom of all the hotels that are in the area of Bavaro Macao, uvero, punta cana, juanillo, Cap Cana and the area of the head of toro ver\u00f3n punta cana something very mission before everyone a beach full of coconut Star something not to forget it is worth coming and enjoy a beautiful view from above you can see everything with crystal clear water also a whole barrier Coraline with transparent water blue different natural colors I recommend that you come and see it for yourself so that you can see something once you are in Punta Cana enjoying your vacation before your tourism season in the tourist area of Bavaro.<\/div>\n<\/div>\n<div class=\"toggle-content__label-placeholder\" data-v-59485d64=\"\"><\/div>","protected":false},"excerpt":{"rendered":"<div data-track=\"overview\" data-v-83a2b402=\"\">\n<section id=\"activity-overview\" class=\"activity-overview\" data-component=\"overview\" data-v-83a2b402=\"\" data-v-f3236c42=\"\">\n<p class=\"activity-overview__content\" data-test-id=\"activity-overview-content\" data-v-f3236c42=\"\">Obdivujte pob\u0159e\u017e\u00ed B\u00e1varo a Punta Cany z nezapomenuteln\u00e9ho pohledu ze vzduchu b\u011bhem v\u00fdletu na parasailingu s pr\u016fvodcem. B\u011bhem 15minutov\u00e9ho parasailingu si z oblohy prohl\u00e9dnete Macao, Uvero Alto a Juanillo.<\/p>\n<\/section>\n<\/div>\n<div data-track=\"key-details\" data-v-83a2b402=\"\"><\/div>","protected":false},"featured_media":13390,"template":"","meta":[],"product_brand":[],"product_cat":[97],"product_tag":[101,102],"class_list":{"0":"post-13166","1":"product","2":"type-product","3":"status-publish","4":"has-post-thumbnail","6":"product_cat-dominican-republic","7":"product_tag-excursion","8":"product_tag-tour","10":"first","11":"instock","12":"shipping-taxable","13":"product-type-external"},"_links":{"self":[{"href":"https:\/\/sabanadelamartours.com\/cs\/wp-json\/wp\/v2\/product\/13166","targetHints":{"allow":["GET"]}}],"collection":[{"href":"https:\/\/sabanadelamartours.com\/cs\/wp-json\/wp\/v2\/product"}],"about":[{"href":"https:\/\/sabanadelamartours.com\/cs\/wp-json\/wp\/v2\/types\/product"}],"version-history":[{"count":1,"href":"https:\/\/sabanadelamartours.com\/cs\/wp-json\/wp\/v2\/product\/13166\/revisions"}],"predecessor-version":[{"id":18582,"href":"https:\/\/sabanadelamartours.com\/cs\/wp-json\/wp\/v2\/product\/13166\/revisions\/18582"}],"wp:featuredmedia":[{"embeddable":true,"href":"https:\/\/sabanadelamartours.com\/cs\/wp-json\/wp\/v2\/media\/13390"}],"wp:attachment":[{"href":"https:\/\/sabanadelamartours.com\/cs\/wp-json\/wp\/v2\/media?parent=13166"}],"wp:term":[{"taxonomy":"product_brand","embeddable":true,"href":"https:\/\/sabanadelamartours.com\/cs\/wp-json\/wp\/v2\/product_brand?post=13166"},{"taxonomy":"product_cat","embeddable":true,"href":"https:\/\/sabanadelamartours.com\/cs\/wp-json\/wp\/v2\/product_cat?post=13166"},{"taxonomy":"product_tag","embeddable":true,"href":"https:\/\/sabanadelamartours.com\/cs\/wp-json\/wp\/v2\/product_tag?post=13166"}],"curies":[{"name":"wp","href":"https:\/\/api.w.org\/{rel}","templated":true}]}}