{"id":13216,"date":"2025-12-18T11:24:08","date_gmt":"2025-12-18T11:24:08","guid":{"rendered":"https:\/\/sabanadelamartours.com\/?post_type=product&#038;p=13216"},"modified":"2026-02-11T04:50:20","modified_gmt":"2026-02-11T04:50:20","slug":"-248","status":"publish","type":"product","link":"https:\/\/sabanadelamartours.com\/cs\/prohlidka\/-248\/","title":{"rendered":"Transfery z leti\u0161t\u011b Santo Domingo do\/z Punta Cany"},"content":{"rendered":"<p>Rezervujte si soukrom\u00fd transfer. Vyberte si jednosm\u011brn\u00fd transfer z leti\u0161t\u011b Santo Domingo do sv\u00e9ho hotelu v Punta Can\u011b nebo naopak. Pokud chcete, objednejte si tak\u00e9 jednosm\u011brn\u00fd transfer z leti\u0161t\u011b do Macaa nebo Uvero Alto. Na leti\u0161ti pak vyhl\u00ed\u017eejte ceduli se sv\u00fdm jm\u00e9nem.<\/p>\n<div class=\"toggle-content__content toggle-content__content--expanded toggle-content__content--packable\" data-v-59485d64=\"\">\n<div data-test-id=\"activity-full-description-text\" data-v-5835c99c=\"\">Nasedn\u011bte do auta a je\u010fte do hotelu, kde dokon\u010d\u00edte transfer. Pokud transferujete z hotelu, setkejte se s \u0159idi\u010dem v hotelov\u00e9 hale, nasedn\u011bte do auta a odje\u010fte na leti\u0161t\u011b. Odpo\u010di\u0148te si v chladn\u00e9m klimatizovan\u00e9m voze a kochejte se krajinou. P\u0159ije\u010fte s dostate\u010dnou \u010dasovou rezervou.<\/div>\n<\/div>\n<div class=\"toggle-content__label-placeholder\" data-v-59485d64=\"\"><\/div>","protected":false},"excerpt":{"rendered":"<div data-track=\"overview\" data-v-83a2b402=\"\">\n<section id=\"activity-overview\" class=\"activity-overview\" data-component=\"overview\" data-v-83a2b402=\"\" data-v-f3236c42=\"\">\n<p class=\"activity-overview__content\" data-test-id=\"activity-overview-content\" data-v-f3236c42=\"\">Rezervujte si soukrom\u00fd transfer z leti\u0161t\u011b Santo Domingo do hotelu v Punta Can\u011b nebo naopak. Cestujte pohodln\u00fdm klimatizovan\u00fdm vozem.<\/p>\n<\/section>\n<\/div>\n<div data-track=\"key-details\" data-v-83a2b402=\"\"><\/div>","protected":false},"featured_media":13429,"template":"","meta":[],"product_brand":[],"product_cat":[97],"product_tag":[101,102],"class_list":{"0":"post-13216","1":"product","2":"type-product","3":"status-publish","4":"has-post-thumbnail","6":"product_cat-dominican-republic","7":"product_tag-excursion","8":"product_tag-tour","10":"first","11":"instock","12":"shipping-taxable","13":"product-type-external"},"_links":{"self":[{"href":"https:\/\/sabanadelamartours.com\/cs\/wp-json\/wp\/v2\/product\/13216","targetHints":{"allow":["GET"]}}],"collection":[{"href":"https:\/\/sabanadelamartours.com\/cs\/wp-json\/wp\/v2\/product"}],"about":[{"href":"https:\/\/sabanadelamartours.com\/cs\/wp-json\/wp\/v2\/types\/product"}],"version-history":[{"count":1,"href":"https:\/\/sabanadelamartours.com\/cs\/wp-json\/wp\/v2\/product\/13216\/revisions"}],"predecessor-version":[{"id":18945,"href":"https:\/\/sabanadelamartours.com\/cs\/wp-json\/wp\/v2\/product\/13216\/revisions\/18945"}],"wp:featuredmedia":[{"embeddable":true,"href":"https:\/\/sabanadelamartours.com\/cs\/wp-json\/wp\/v2\/media\/13429"}],"wp:attachment":[{"href":"https:\/\/sabanadelamartours.com\/cs\/wp-json\/wp\/v2\/media?parent=13216"}],"wp:term":[{"taxonomy":"product_brand","embeddable":true,"href":"https:\/\/sabanadelamartours.com\/cs\/wp-json\/wp\/v2\/product_brand?post=13216"},{"taxonomy":"product_cat","embeddable":true,"href":"https:\/\/sabanadelamartours.com\/cs\/wp-json\/wp\/v2\/product_cat?post=13216"},{"taxonomy":"product_tag","embeddable":true,"href":"https:\/\/sabanadelamartours.com\/cs\/wp-json\/wp\/v2\/product_tag?post=13216"}],"curies":[{"name":"wp","href":"https:\/\/api.w.org\/{rel}","templated":true}]}}