{"id":13246,"date":"2025-12-18T11:25:21","date_gmt":"2025-12-18T11:25:21","guid":{"rendered":"https:\/\/sabanadelamartours.com\/?post_type=product&#038;p=13246"},"modified":"2026-01-07T10:38:55","modified_gmt":"2026-01-07T10:38:55","slug":"-252","status":"publish","type":"product","link":"https:\/\/sabanadelamartours.com\/cs\/prohlidka\/-252\/","title":{"rendered":"Samana: Celodenn\u00ed v\u00fdlet s pr\u016fvodcem, ob\u011bd formou bufetu a pozorov\u00e1n\u00ed velryb"},"content":{"rendered":"<p>U\u017eijte si jedine\u010dnou ud\u00e1lost v Dominik\u00e1nsk\u00e9 republice - pozorov\u00e1n\u00ed keporkak\u016f, kte\u0159\u00ed jednou ro\u010dn\u011b, od ledna do konce b\u0159ezna, nav\u0161t\u011bvuj\u00ed na\u0161e b\u0159ehy v z\u00e1toce Samana a p\u0159ich\u00e1zej\u00ed se p\u00e1\u0159it a rodit ml\u00e1\u010fata.<\/p>\n<p>Z\u00e1\u017eitek za\u010d\u00edn\u00e1 odjezdem z hotel\u016f a cestou p\u0159es v\u00fdchodn\u00ed planinu sm\u011brem k Las Ca\u00f1itas de Miches.<\/p>\n<p>Po p\u0159\u00edjezdu do p\u0159\u00edstavu Las Ca\u00f1itas se nalod\u00edme a vyd\u00e1me se do velryb\u00ed rezervace, kde z\u016fstaneme p\u0159ibli\u017en\u011b 2 a p\u016fl hodiny.<\/p>\n<p>Po prohl\u00eddce se vydejte na ostrov Cayo Levantado nebo Bacardi, kde n\u00e1s \u010dek\u00e1 ob\u011bd a \u010das str\u00e1ven\u00fd na pl\u00e1\u017ei (p\u0159ibli\u017en\u011b 1 hodina a 30 minut).<\/p>\n<p>Po ob\u011bd\u011b se op\u011bt nalod\u00edme na lo\u010f a pojedeme na molo Samana, kde na n\u00e1s \u010dek\u00e1 safari v\u016fz, kter\u00fdm pojedeme na ran\u010d, kde se budeme asi 30 minut proj\u00ed\u017ed\u011bt panensk\u00fdm pralesem.<\/p>\n<p>a pod\u00e9l b\u0159eh\u016f \u0159eky a\u017e k vodop\u00e1du El Limon, vysok\u00e9mu v\u00edce ne\u017e 60 metr\u016f, kde si m\u016f\u017eeme vychutnat osv\u011b\u017euj\u00edc\u00ed a omlazuj\u00edc\u00ed koupel.<\/p>","protected":false},"excerpt":{"rendered":"<div data-track=\"overview\" data-v-83a2b402=\"\">\n<section id=\"activity-overview\" class=\"activity-overview\" data-component=\"overview\" data-v-83a2b402=\"\" data-v-f3236c42=\"\">\n<p class=\"activity-overview__content\" data-test-id=\"activity-overview-content\" data-v-f3236c42=\"\">Objevte provincii Samana na tomto jednodenn\u00edm pozn\u00e1vac\u00edm v\u00fdlet\u011b s pr\u016fvodcem. V rezervaci Samana Marine Mammal Sanctuary uvid\u00edte velryby hrbat\u00e9 a nav\u0161t\u00edv\u00edte ostrov Bacardi a vodop\u00e1d El Limon.<\/p>\n<\/section>\n<\/div>\n<div data-track=\"key-details\" data-v-83a2b402=\"\"><\/div>","protected":false},"featured_media":13462,"template":"","meta":[],"product_brand":[],"product_cat":[97],"product_tag":[101,102],"class_list":{"0":"post-13246","1":"product","2":"type-product","3":"status-publish","4":"has-post-thumbnail","6":"product_cat-dominican-republic","7":"product_tag-excursion","8":"product_tag-tour","10":"first","11":"instock","12":"shipping-taxable","13":"product-type-external"},"_links":{"self":[{"href":"https:\/\/sabanadelamartours.com\/cs\/wp-json\/wp\/v2\/product\/13246","targetHints":{"allow":["GET"]}}],"collection":[{"href":"https:\/\/sabanadelamartours.com\/cs\/wp-json\/wp\/v2\/product"}],"about":[{"href":"https:\/\/sabanadelamartours.com\/cs\/wp-json\/wp\/v2\/types\/product"}],"version-history":[{"count":1,"href":"https:\/\/sabanadelamartours.com\/cs\/wp-json\/wp\/v2\/product\/13246\/revisions"}],"predecessor-version":[{"id":18589,"href":"https:\/\/sabanadelamartours.com\/cs\/wp-json\/wp\/v2\/product\/13246\/revisions\/18589"}],"wp:featuredmedia":[{"embeddable":true,"href":"https:\/\/sabanadelamartours.com\/cs\/wp-json\/wp\/v2\/media\/13462"}],"wp:attachment":[{"href":"https:\/\/sabanadelamartours.com\/cs\/wp-json\/wp\/v2\/media?parent=13246"}],"wp:term":[{"taxonomy":"product_brand","embeddable":true,"href":"https:\/\/sabanadelamartours.com\/cs\/wp-json\/wp\/v2\/product_brand?post=13246"},{"taxonomy":"product_cat","embeddable":true,"href":"https:\/\/sabanadelamartours.com\/cs\/wp-json\/wp\/v2\/product_cat?post=13246"},{"taxonomy":"product_tag","embeddable":true,"href":"https:\/\/sabanadelamartours.com\/cs\/wp-json\/wp\/v2\/product_tag?post=13246"}],"curies":[{"name":"wp","href":"https:\/\/api.w.org\/{rel}","templated":true}]}}