{"id":13293,"date":"2025-12-18T11:26:59","date_gmt":"2025-12-18T11:26:59","guid":{"rendered":"https:\/\/sabanadelamartours.com\/?post_type=product&#038;p=13293"},"modified":"2026-02-11T10:42:03","modified_gmt":"2026-02-11T10:42:03","slug":"-257","status":"publish","type":"product","link":"https:\/\/sabanadelamartours.com\/cs\/prohlidka\/-257\/","title":{"rendered":"Bayahibe: Prohl\u00eddka buggy s \u0159ekou Chav\u00f3n a ochutn\u00e1vkou m\u00edstn\u00edch specialit."},"content":{"rendered":"<p>Prozkoumejte Dominik\u00e1nskou republiku na v\u00fdlet\u011b buggy s pr\u016fvodcem z Bayahibe. Nav\u0161tivte plant\u00e1\u017e cukrov\u00e9 t\u0159tiny, proje\u010fte m\u00edstn\u00ed vesnice a zchla\u010fte se koup\u00e1n\u00edm v \u0159ece Chav\u00f3n. Prohl\u00eddku zakon\u010dete ochutn\u00e1vkou m\u00edstn\u00edch produkt\u016f.<\/p>\n<p>Prohl\u00eddku za\u010dn\u011bte n\u00e1v\u0161t\u011bvou plant\u00e1\u017ee cukrov\u00e9 t\u0159tiny. Seznamte se s p\u011bstov\u00e1n\u00edm cukrov\u00e9 t\u0159tiny a jej\u00edm vyu\u017eit\u00edm. Ochutnejte \u010derstv\u011b na\u0159ezanou cukrovou t\u0159tinu a poznejte \u017eivot na venkov\u011b v Dominik\u00e1nsk\u00e9 republice.<\/p>\n<p>D\u00e1le proj\u00ed\u017ed\u011bjte m\u00edstn\u00edmi vesnicemi a seznamte se s m\u00edstn\u00ed kulturou. Zastavte se u \u0159eky Chav\u00f3n, kter\u00e1 se objevila ve filmech jako Rambo II, Apocalypse Now nebo Jursk\u00fd park. Osv\u011b\u017ete se koup\u00e1n\u00edm v \u0159ece.<\/p>\n<p>Prohl\u00eddku zakon\u010dete ochutn\u00e1vkou m\u00edstn\u00edch produkt\u016f, v\u010detn\u011b typick\u00fdch pochutin, \u010dokol\u00e1dy, k\u00e1vy a slavn\u00e9ho dominik\u00e1nsk\u00e9ho n\u00e1poje mamajuana.<\/p>","protected":false},"excerpt":{"rendered":"<div data-track=\"overview\" data-v-83a2b402=\"\">\n<section id=\"activity-overview\" class=\"activity-overview\" data-component=\"overview\" data-v-83a2b402=\"\" data-v-f3236c42=\"\">\n<p class=\"activity-overview__content\" data-test-id=\"activity-overview-content\" data-v-f3236c42=\"\">Prozkoumejte venkov Dominik\u00e1nsk\u00e9 republiky na v\u00fdlet\u011b buggy. Nav\u0161tivte m\u00edstn\u00ed farmu a seznamte se s p\u011bstov\u00e1n\u00edm cukrov\u00e9 t\u0159tiny. Osv\u011b\u017ete se ve vod\u00e1ch \u0159eky Chav\u00f3n.<\/p>\n<\/section>\n<\/div>\n<div data-track=\"key-details\" data-v-83a2b402=\"\"><\/div>","protected":false},"featured_media":13510,"template":"","meta":[],"product_brand":[],"product_cat":[97],"product_tag":[101,102],"class_list":{"0":"post-13293","1":"product","2":"type-product","3":"status-publish","4":"has-post-thumbnail","6":"product_cat-dominican-republic","7":"product_tag-excursion","8":"product_tag-tour","10":"first","11":"instock","12":"shipping-taxable","13":"product-type-external"},"_links":{"self":[{"href":"https:\/\/sabanadelamartours.com\/cs\/wp-json\/wp\/v2\/product\/13293","targetHints":{"allow":["GET"]}}],"collection":[{"href":"https:\/\/sabanadelamartours.com\/cs\/wp-json\/wp\/v2\/product"}],"about":[{"href":"https:\/\/sabanadelamartours.com\/cs\/wp-json\/wp\/v2\/types\/product"}],"version-history":[{"count":1,"href":"https:\/\/sabanadelamartours.com\/cs\/wp-json\/wp\/v2\/product\/13293\/revisions"}],"predecessor-version":[{"id":18949,"href":"https:\/\/sabanadelamartours.com\/cs\/wp-json\/wp\/v2\/product\/13293\/revisions\/18949"}],"wp:featuredmedia":[{"embeddable":true,"href":"https:\/\/sabanadelamartours.com\/cs\/wp-json\/wp\/v2\/media\/13510"}],"wp:attachment":[{"href":"https:\/\/sabanadelamartours.com\/cs\/wp-json\/wp\/v2\/media?parent=13293"}],"wp:term":[{"taxonomy":"product_brand","embeddable":true,"href":"https:\/\/sabanadelamartours.com\/cs\/wp-json\/wp\/v2\/product_brand?post=13293"},{"taxonomy":"product_cat","embeddable":true,"href":"https:\/\/sabanadelamartours.com\/cs\/wp-json\/wp\/v2\/product_cat?post=13293"},{"taxonomy":"product_tag","embeddable":true,"href":"https:\/\/sabanadelamartours.com\/cs\/wp-json\/wp\/v2\/product_tag?post=13293"}],"curies":[{"name":"wp","href":"https:\/\/api.w.org\/{rel}","templated":true}]}}