{"id":13305,"date":"2025-12-18T11:27:28","date_gmt":"2025-12-18T11:27:28","guid":{"rendered":"https:\/\/sabanadelamartours.com\/?post_type=product&#038;p=13305"},"modified":"2026-02-11T10:43:12","modified_gmt":"2026-02-11T10:43:12","slug":"-259","status":"publish","type":"product","link":"https:\/\/sabanadelamartours.com\/cs\/prohlidka\/-259\/","title":{"rendered":"V\u00fdlet na ostrov Saona katamar\u00e1nem s ob\u011bdem, barem a dopravou v cen\u011b"},"content":{"rendered":"<p>V\u00fdlet na ostrov Saona katamar\u00e1nem s ob\u011bdem, barem a dopravou v cen\u011b<\/p>\n<p>P\u0159ipravte se na nezapomenuteln\u00e9 celodenn\u00ed dobrodru\u017estv\u00ed na \u00fa\u017easn\u00e9m ostrov\u011b Saona, skryt\u00e9m klenotu v srdci Karibiku. Ostrov Saona je proslul\u00fd sv\u00fdmi nedot\u010den\u00fdmi pl\u00e1\u017eemi s b\u00edl\u00fdm p\u00edskem, z\u00e1\u0159iv\u011b tyrkysovou vodou a \u00fachvatn\u00fdmi scen\u00e9riemi a nab\u00edz\u00ed dokonal\u00e9 \u00fato\u010di\u0161t\u011b pro milovn\u00edky p\u0159\u00edrody i odpo\u010dinku.<\/p>\n<p>V\u00e1\u0161 vzru\u0161uj\u00edc\u00ed den za\u010dne brzy r\u00e1no vyhl\u00eddkovou j\u00edzdou do p\u016fvabn\u00e9 pob\u0159e\u017en\u00ed vesnice Bayahibe. Zde se nalod\u00edte na prostorn\u00fd a pohodln\u00fd katamar\u00e1n p\u0159ipraven\u00fd k plavb\u011b po t\u0159pytiv\u00e9m Karibsk\u00e9m mo\u0159i. Zat\u00edmco katamar\u00e1n klou\u017ee po vln\u00e1ch, kochejte se panoramatick\u00fdmi v\u00fdhledy a vn\u00edmejte jemn\u00fd mo\u0159sk\u00fd v\u00e1nek na sv\u00e9 k\u016f\u017ei. B\u011bhem plavby si nenechte uj\u00edt p\u0159\u00edle\u017eitost pono\u0159it se do p\u0159\u00edrodn\u00edho baz\u00e9nu p\u0159ekypuj\u00edc\u00edho k\u0159i\u0161\u0165\u00e1lov\u011b \u010distou m\u011blkou vodou, kde je p\u00edse\u010dn\u00e9 dno poseto barevn\u00fdmi hv\u011bzdicemi.<\/p>\n<p>Po p\u0159\u00edjezdu na ostrov Saona na v\u00e1s \u010dek\u00e1 r\u00e1j s pohupuj\u00edc\u00edmi se palmami a n\u00e1dhern\u00fdmi pl\u00e1\u017eemi. Budete si moci vybrat z \u0159ady aktivit podle sv\u00e9 n\u00e1lady. Pono\u0159te se do l\u00e1kav\u00fdch tyrkysov\u00fdch vod a osv\u011b\u017ete se koup\u00e1n\u00edm nebo \u0161norchlov\u00e1n\u00edm a objevujte pestr\u00fd podmo\u0159sk\u00fd \u017eivot pod hladinou. Pokud je va\u0161\u00edm c\u00edlem relaxace, m\u016f\u017eete se nat\u00e1hnout do pohodln\u00e9 houpac\u00ed s\u00edt\u011b zav\u011b\u0161en\u00e9 mezi palmami nebo se v klidu proj\u00edt pod\u00e9l pob\u0159e\u017e\u00ed a kochat se \u00fachvatn\u00fdmi v\u00fdhledy.<\/p>\n<p>Kdo se chce trochu pobavit, m\u016f\u017ee si s ostatn\u00edmi dobrodruhy zahr\u00e1t volejbal nebo si prost\u011b jen u\u017e\u00edt otev\u0159en\u00fd bar, kde je k dispozici \u0159ada osv\u011b\u017euj\u00edc\u00edch n\u00e1poj\u016f, kter\u00fdmi m\u016f\u017eete uhasit \u017e\u00edze\u0148 pod h\u0159ejiv\u00fdm sluncem.<\/p>\n<p>Odpoledne si vychutn\u00e1te lahodn\u00fd a prav\u00fd dominik\u00e1nsk\u00fd ob\u011bd p\u0159ipraven\u00fd p\u0159\u00edmo pro v\u00e1s. Dop\u0159ejte si vynikaj\u00edc\u00ed pomaz\u00e1nku s chutn\u00fdmi pokrmy, jako je dokonale grilovan\u00e9 ku\u0159e, \u0161\u0165avnat\u00e9 vep\u0159ov\u00e9 maso, aromatick\u00e1 r\u00fd\u017ee a fazole a \u010derstv\u00e9 sal\u00e1ty dopln\u011bn\u00e9 sez\u00f3nn\u00edm ovocem. Ka\u017ed\u00e9 sousto nab\u00edz\u00ed pohled na bohat\u00e9 kulin\u00e1\u0159sk\u00e9 tradice Dominik\u00e1nsk\u00e9 republiky.<\/p>\n<p>Toto dobrodru\u017estv\u00ed na ostrov\u011b Saona nen\u00ed jen jednodenn\u00ed v\u00fdlet, ale p\u0159\u00edle\u017eitost pono\u0159it se do kr\u00e1s a kultury Karibiku. A\u0165 u\u017e hled\u00e1te dobrodru\u017estv\u00ed, odpo\u010dinek nebo kulin\u00e1\u0159sk\u00e9 speciality, tento v\u00fdlet slibuje z\u00e1\u017eitek, na kter\u00fd budete nav\u017edy vzpom\u00ednat.<\/p>","protected":false},"excerpt":{"rendered":"<div data-track=\"overview\" data-v-83a2b402=\"\">\n<section id=\"activity-overview\" class=\"activity-overview\" data-component=\"overview\" data-v-83a2b402=\"\" data-v-f3236c42=\"\">\n<p class=\"activity-overview__content\" data-test-id=\"activity-overview-content\" data-v-f3236c42=\"\">U\u017eijte si ostrov Saona, r\u00e1j obklopen\u00fd barevn\u00fdmi kor\u00e1lov\u00fdmi \u00fatesy a pl\u00e1\u017eemi lemovan\u00fdmi palmami. U\u017eijte si osv\u011b\u017euj\u00edc\u00ed koup\u00e1n\u00ed v p\u0159\u00edrodn\u00edm baz\u00e9nu, dominik\u00e1nsk\u00fd ob\u011bd a neomezen\u00e9 mno\u017estv\u00ed n\u00e1poj\u016f.<\/p>\n<\/section>\n<\/div>\n<div data-track=\"key-details\" data-v-83a2b402=\"\"><\/div>","protected":false},"featured_media":13524,"template":"","meta":[],"product_brand":[],"product_cat":[97,98],"product_tag":[101,102],"class_list":{"0":"post-13305","1":"product","2":"type-product","3":"status-publish","4":"has-post-thumbnail","6":"product_cat-dominican-republic","7":"product_cat-saona-island","8":"product_tag-excursion","9":"product_tag-tour","11":"first","12":"instock","13":"sale","14":"shipping-taxable","15":"product-type-external"},"_links":{"self":[{"href":"https:\/\/sabanadelamartours.com\/cs\/wp-json\/wp\/v2\/product\/13305","targetHints":{"allow":["GET"]}}],"collection":[{"href":"https:\/\/sabanadelamartours.com\/cs\/wp-json\/wp\/v2\/product"}],"about":[{"href":"https:\/\/sabanadelamartours.com\/cs\/wp-json\/wp\/v2\/types\/product"}],"version-history":[{"count":2,"href":"https:\/\/sabanadelamartours.com\/cs\/wp-json\/wp\/v2\/product\/13305\/revisions"}],"predecessor-version":[{"id":18951,"href":"https:\/\/sabanadelamartours.com\/cs\/wp-json\/wp\/v2\/product\/13305\/revisions\/18951"}],"wp:featuredmedia":[{"embeddable":true,"href":"https:\/\/sabanadelamartours.com\/cs\/wp-json\/wp\/v2\/media\/13524"}],"wp:attachment":[{"href":"https:\/\/sabanadelamartours.com\/cs\/wp-json\/wp\/v2\/media?parent=13305"}],"wp:term":[{"taxonomy":"product_brand","embeddable":true,"href":"https:\/\/sabanadelamartours.com\/cs\/wp-json\/wp\/v2\/product_brand?post=13305"},{"taxonomy":"product_cat","embeddable":true,"href":"https:\/\/sabanadelamartours.com\/cs\/wp-json\/wp\/v2\/product_cat?post=13305"},{"taxonomy":"product_tag","embeddable":true,"href":"https:\/\/sabanadelamartours.com\/cs\/wp-json\/wp\/v2\/product_tag?post=13305"}],"curies":[{"name":"wp","href":"https:\/\/api.w.org\/{rel}","templated":true}]}}