{"id":13314,"date":"2025-12-18T11:27:50","date_gmt":"2025-12-18T11:27:50","guid":{"rendered":"https:\/\/sabanadelamartours.com\/?post_type=product&#038;p=13314"},"modified":"2025-12-18T11:37:03","modified_gmt":"2025-12-18T11:37:03","slug":"-260","status":"publish","type":"product","link":"https:\/\/sabanadelamartours.com\/cs\/prohlidka\/-260\/","title":{"rendered":"V\u00fdlet s buginou v Punta Can\u011b"},"content":{"rendered":"<p><strong>V\u00fdlet s buginou v Punta Can\u011b<\/strong><\/p>\n<p>Itiner\u00e1\u0159: Punta Cana Highlights Tour Double Buggy Excursion s hotelem<\/p>\n<p>Start time: 8:30 AM 10:30 AM 2:30 PM Hotel pickup: The tour begins with pickup at your hotel in Punta Cana by your tour guide.<\/p>\n<p>P\u0159eprava na v\u00fdchoz\u00ed m\u00edsto: Budete p\u0159evezeni na v\u00fdchoz\u00ed m\u00edsto prohl\u00eddky s buginou, kde obdr\u017e\u00edte kr\u00e1tkou instrukt\u00e1\u017e o bezpe\u010dn\u00e9m ovl\u00e1d\u00e1n\u00ed vozidla.<\/p>\n<p>Odjezd buggy: Jakmile budete p\u0159ipraveni, vyd\u00e1te se na cestu buginou po n\u00e1dhern\u00e9 krajin\u011b Punta Cany. Vychutnejte si vzru\u0161en\u00ed z \u0159\u00edzen\u00ed vlastn\u00ed buggyny, kterou budete n\u00e1sledovat sv\u00e9ho pr\u016fvodce po malebn\u00fdch cest\u00e1ch a rozmanit\u00fdm ter\u00e9nem.<\/p>\n<p>Stop at Typical House: The first stop will be at an authentic typical Dominican house. Here you will have the opportunity to immerse yourself in the local culture, interact with the residents, and learn about their lifestyle and traditions. In addition, you can enjoy a typical Dominican snack.<\/p>\n<p>Pokra\u010dov\u00e1n\u00ed prohl\u00eddky Buggy tour: Po n\u00e1v\u0161t\u011bv\u011b typick\u00e9ho domu budete pokra\u010dovat v prohl\u00eddce venkovsk\u00fdch cest a p\u0159\u00edrodn\u00ed krajiny Punta Cany v bugin\u011b.<\/p>\n<p>N\u00e1v\u0161t\u011bva cenotu: Dal\u0161\u00ed zast\u00e1vka bude ve skryt\u00e9m cenotu. Objevte p\u0159\u00edrodn\u00ed kr\u00e1sy tohoto cenotu a zchla\u010fte se koup\u00e1n\u00edm v jeho k\u0159i\u0161\u0165\u00e1lov\u00e9 vod\u011b. Budete m\u00edt \u010das na odpo\u010dinek a vychutn\u00e1n\u00ed si klidu tohoto jedine\u010dn\u00e9ho prost\u0159ed\u00ed.<\/p>\n<p>Cesta na pl\u00e1\u017e Macao: Po zchlazen\u00ed v cenotu budete pokra\u010dovat v cest\u011b buginou na p\u016fsobivou pl\u00e1\u017e Macao.<\/p>\n<p>Voln\u00fd \u010das v Playa Macao: Na Playa Macao, jednu z nejkr\u00e1sn\u011bj\u0161\u00edch pl\u00e1\u017e\u00ed v regionu, doraz\u00edte v p\u00e1tek. Zde budete m\u00edt voln\u00fd \u010das na odpo\u010dinek na b\u00edl\u00e9m p\u00edsku, koup\u00e1n\u00ed v tyrkysov\u00fdch vod\u00e1ch Karibiku nebo se prost\u011b jen budete kochat tropickou krajinou.<\/p>\n<p>N\u00e1vrat do hotelu: Po dni pln\u00e9m dobrodru\u017estv\u00ed a jedine\u010dn\u00fdch z\u00e1\u017eitk\u016f se vr\u00e1t\u00edte do hotelu.<\/p>","protected":false},"excerpt":{"rendered":"<div data-track=\"overview\" data-v-83a2b402=\"\">\n<section id=\"activity-overview\" class=\"activity-overview\" data-component=\"overview\" data-v-83a2b402=\"\" data-v-f3236c42=\"\">\n<p class=\"activity-overview__content\" data-test-id=\"activity-overview-content\" data-v-f3236c42=\"\">The most outstanding buggy tour in Punta Cana, live a great experience driving a buggy Adrenaline fun the best of the best in Punta Cana, see for yourself<\/p>\n<\/section>\n<\/div>\n<div data-track=\"key-details\" data-v-83a2b402=\"\"><\/div>","protected":false},"featured_media":13532,"template":"","meta":[],"product_brand":[],"product_cat":[97],"product_tag":[101,102],"class_list":{"0":"post-13314","1":"product","2":"type-product","3":"status-publish","4":"has-post-thumbnail","6":"product_cat-dominican-republic","7":"product_tag-excursion","8":"product_tag-tour","10":"first","11":"instock","12":"shipping-taxable","13":"product-type-external"},"_links":{"self":[{"href":"https:\/\/sabanadelamartours.com\/cs\/wp-json\/wp\/v2\/product\/13314","targetHints":{"allow":["GET"]}}],"collection":[{"href":"https:\/\/sabanadelamartours.com\/cs\/wp-json\/wp\/v2\/product"}],"about":[{"href":"https:\/\/sabanadelamartours.com\/cs\/wp-json\/wp\/v2\/types\/product"}],"version-history":[{"count":0,"href":"https:\/\/sabanadelamartours.com\/cs\/wp-json\/wp\/v2\/product\/13314\/revisions"}],"wp:featuredmedia":[{"embeddable":true,"href":"https:\/\/sabanadelamartours.com\/cs\/wp-json\/wp\/v2\/media\/13532"}],"wp:attachment":[{"href":"https:\/\/sabanadelamartours.com\/cs\/wp-json\/wp\/v2\/media?parent=13314"}],"wp:term":[{"taxonomy":"product_brand","embeddable":true,"href":"https:\/\/sabanadelamartours.com\/cs\/wp-json\/wp\/v2\/product_brand?post=13314"},{"taxonomy":"product_cat","embeddable":true,"href":"https:\/\/sabanadelamartours.com\/cs\/wp-json\/wp\/v2\/product_cat?post=13314"},{"taxonomy":"product_tag","embeddable":true,"href":"https:\/\/sabanadelamartours.com\/cs\/wp-json\/wp\/v2\/product_tag?post=13314"}],"curies":[{"name":"wp","href":"https:\/\/api.w.org\/{rel}","templated":true}]}}