{"id":13389,"date":"2025-12-18T11:31:20","date_gmt":"2025-12-18T11:31:20","guid":{"rendered":"https:\/\/sabanadelamartours.com\/?post_type=product&#038;p=13389"},"modified":"2026-02-10T02:55:01","modified_gmt":"2026-02-10T02:55:01","slug":"-269","status":"publish","type":"product","link":"https:\/\/sabanadelamartours.com\/cs\/prohlidka\/-269\/","title":{"rendered":"Ofici\u00e1ln\u00ed prohl\u00eddka no\u010dn\u00edho \u017eivota v Sos\u00faa"},"content":{"rendered":"<p>P\u0159ehled prohl\u00eddek<\/p>\n<p>Objevte ru\u0161n\u00fd no\u010dn\u00ed \u017eivot v Sosua v Dominik\u00e1nsk\u00e9 republice s na\u0161\u00ed exkluzivn\u00ed prohl\u00eddkou no\u010dn\u00edho \u017eivota. Tento z\u00e1jezd je ur\u010den pro ty, kte\u0159\u00ed cht\u011bj\u00ed za\u017e\u00edt \u017eiv\u00fd, energick\u00fd a pestr\u00fd no\u010dn\u00ed \u017eivot, j\u00edm\u017e je Sosua proslul\u00e1. Tento z\u00e1jezd slibuje nezapomenutelnou noc od ru\u0161n\u00fdch bar\u016f a m\u00f3dn\u00edch no\u010dn\u00edch klub\u016f a\u017e po m\u00edsta s \u017eivou hudbou a m\u00edstn\u00ed hotspoty.<\/p>\n<p>Nejd\u016fle\u017eit\u011bj\u0161\u00ed informace o prohl\u00eddce<\/p>\n<p>M\u00edstn\u00ed bary a sal\u00f3nky: Za\u010dn\u011bte sv\u016fj ve\u010der n\u00e1v\u0161t\u011bvou nejlep\u0161\u00edch m\u00edstn\u00edch bar\u016f a salonk\u016f. Vychutnejte si r\u016fzn\u00e9 n\u00e1poje, od klasick\u00fdch koktejl\u016f a\u017e po m\u00edstn\u00ed obl\u00edben\u00e9 koktejly, a z\u00e1rove\u0148 se seznamte s m\u00edstn\u00edmi obyvateli a spolucestuj\u00edc\u00edmi.<\/p>\n<p>No\u010dn\u00ed kluby: V nejlep\u0161\u00edch no\u010dn\u00edch klubech v Sosuy m\u016f\u017eete protan\u010dit celou noc. D\u00edky skv\u011bl\u00e9 hudb\u011b, energick\u00e9mu davu a \u017eiv\u00e9 atmosf\u00e9\u0159e za\u017eijete to nejlep\u0161\u00ed z no\u010dn\u00edho \u017eivota v Sosuy.<\/p>\n<p>M\u00edsta \u017eiv\u00e9 hudby: Vychutnejte si \u017eiv\u00e1 vystoupen\u00ed m\u00edstn\u00edch kapel a um\u011blc\u016f. \u017div\u00e1 hudebn\u00ed sc\u00e9na v Sosuy je rozmanit\u00e1 a elektrizuj\u00edc\u00ed, od reggae a salsy po merengue a bachatu.<\/p>\n<p>Kulturn\u00ed z\u00e1\u017eitky: Na zast\u00e1vk\u00e1ch v m\u00edstech, kde se konaj\u00ed tradi\u010dn\u00ed hudebn\u00ed a tane\u010dn\u00ed vystoupen\u00ed, poznejte dominik\u00e1nskou kulturu.<\/p>\n<p>M\u00edstn\u00ed kuchyn\u011b: Vychutnejte si chut\u011b Dominik\u00e1nsk\u00e9 republiky p\u0159i zast\u00e1vce v m\u00edstn\u00ed restauraci. Vyzkou\u0161ejte vynikaj\u00edc\u00ed pouli\u010dn\u00ed j\u00eddlo nebo no\u010dn\u00ed sva\u010dinu, kter\u00e1 v\u00e1m dod\u00e1 energii na dal\u0161\u00ed noc.<\/p>\n<p>Bezpe\u010dn\u00fd a \u0159\u00edzen\u00fd z\u00e1\u017eitek: Na\u0161i zku\u0161en\u00ed pr\u016fvodci se postaraj\u00ed o bezpe\u010dnou a p\u0159\u00edjemnou noc, poskytnou v\u00e1m informace o nejlep\u0161\u00edch m\u00edstech a zajist\u00ed, abyste sv\u016fj \u010das v Sosuy vyu\u017eili co nejl\u00e9pe.<\/p>","protected":false},"excerpt":{"rendered":"<div data-track=\"overview\" data-v-83a2b402=\"\">\n<section id=\"activity-overview\" class=\"activity-overview\" data-component=\"overview\" data-v-83a2b402=\"\" data-v-f3236c42=\"\">\n<p class=\"activity-overview__content\" data-test-id=\"activity-overview-content\" data-v-f3236c42=\"\">V\u0161e, co jste sly\u0161eli o z\u00e1bavn\u00ed \u010dtvrti Sosua a kabaretech, je pravda! Toto je ur\u010deno pro skupiny, kter\u00e9 cestuj\u00ed do Sosuy poprv\u00e9.<\/p>\n<\/section>\n<\/div>\n<div data-track=\"key-details\" data-v-83a2b402=\"\"><\/div>","protected":false},"featured_media":12457,"template":"","meta":[],"product_brand":[],"product_cat":[97],"product_tag":[101,102],"class_list":{"0":"post-13389","1":"product","2":"type-product","3":"status-publish","4":"has-post-thumbnail","6":"product_cat-dominican-republic","7":"product_tag-excursion","8":"product_tag-tour","10":"first","11":"instock","12":"shipping-taxable","13":"product-type-external"},"_links":{"self":[{"href":"https:\/\/sabanadelamartours.com\/cs\/wp-json\/wp\/v2\/product\/13389","targetHints":{"allow":["GET"]}}],"collection":[{"href":"https:\/\/sabanadelamartours.com\/cs\/wp-json\/wp\/v2\/product"}],"about":[{"href":"https:\/\/sabanadelamartours.com\/cs\/wp-json\/wp\/v2\/types\/product"}],"version-history":[{"count":1,"href":"https:\/\/sabanadelamartours.com\/cs\/wp-json\/wp\/v2\/product\/13389\/revisions"}],"predecessor-version":[{"id":18879,"href":"https:\/\/sabanadelamartours.com\/cs\/wp-json\/wp\/v2\/product\/13389\/revisions\/18879"}],"wp:featuredmedia":[{"embeddable":true,"href":"https:\/\/sabanadelamartours.com\/cs\/wp-json\/wp\/v2\/media\/12457"}],"wp:attachment":[{"href":"https:\/\/sabanadelamartours.com\/cs\/wp-json\/wp\/v2\/media?parent=13389"}],"wp:term":[{"taxonomy":"product_brand","embeddable":true,"href":"https:\/\/sabanadelamartours.com\/cs\/wp-json\/wp\/v2\/product_brand?post=13389"},{"taxonomy":"product_cat","embeddable":true,"href":"https:\/\/sabanadelamartours.com\/cs\/wp-json\/wp\/v2\/product_cat?post=13389"},{"taxonomy":"product_tag","embeddable":true,"href":"https:\/\/sabanadelamartours.com\/cs\/wp-json\/wp\/v2\/product_tag?post=13389"}],"curies":[{"name":"wp","href":"https:\/\/api.w.org\/{rel}","templated":true}]}}