{"id":13519,"date":"2025-12-18T11:36:16","date_gmt":"2025-12-18T11:36:16","guid":{"rendered":"https:\/\/sabanadelamartours.com\/?post_type=product&#038;p=13519"},"modified":"2026-01-07T11:04:48","modified_gmt":"2026-01-07T11:04:48","slug":"-284","status":"publish","type":"product","link":"https:\/\/sabanadelamartours.com\/cs\/prohlidka\/-284\/","title":{"rendered":"27 prohl\u00eddka vodop\u00e1d\u016f se vstupn\u00fdm a ob\u011bdem"},"content":{"rendered":"<p>Po\u0159i\u010fte si vstupenky na p\u016fldenn\u00ed v\u00fdlet do 27 vodop\u00e1d\u016f z \u0159eky Majagua. Vstupenky s ob\u011bdem a exkurz\u00ed zahrnuj\u00ed skok a koup\u00e1n\u00ed v nejkr\u00e1sn\u011bj\u0161\u00edch vodop\u00e1dech Dominik\u00e1nsk\u00e9 republiky. P\u011b\u0161\u00ed turistika a plav\u00e1n\u00ed s bezpe\u010dnostn\u00edm vybaven\u00edm, abyste m\u011bli ten nejlep\u0161\u00ed z\u00e1\u017eitek v\u016fbec!!!<\/p>\n<p>Po tomto z\u00e1\u017eitku se vr\u00e1t\u00edte zp\u011bt na m\u00edsto, kde se setk\u00e1te s pr\u016fvodcem. Upozor\u0148ujeme, \u017ee v p\u0159\u00edpad\u011b nedostatku vody je v aquaparku otev\u0159eno pouze 7 vodop\u00e1d\u016f.<\/p>\n<p>Toto p\u0159\u00edrodn\u00ed bohatstv\u00ed, kter\u00e9 se nach\u00e1z\u00ed v kopc\u00edch severn\u00edho poho\u0159\u00ed Dominik\u00e1nsk\u00e9 republiky, nenajdete na \u017e\u00e1dn\u00e9m jin\u00e9m m\u00edst\u011b na sv\u011bt\u011b. Matka p\u0159\u00edroda zde toti\u017e vytvo\u0159ila 27 n\u00e1dhern\u00fdch baz\u00e9n\u016f, kter\u00e9 vytesala do v\u00e1pence. P\u0159ipravte se na z\u00e1bavu!!!<\/p>\n<p>A\u010dkoli 27 vodop\u00e1d\u016f existuje ji\u017e po tis\u00edcilet\u00ed, okoln\u00ed sv\u011bt je objevil teprve ned\u00e1vno. Prvn\u00ed turist\u00e9 proto za\u010dali k vodop\u00e1d\u016fm p\u0159ij\u00ed\u017ed\u011bt a\u017e v roce 1994 a postupn\u011b se o tomto \u00fa\u017easn\u00e9m p\u0159\u00edrodn\u00edm pokladu za\u010dalo mluvit a vznikl pr\u016fvodcovsk\u00fd pr\u016fmysl pro m\u00edstn\u00ed mlad\u00e9 mu\u017ee. Nicm\u00e9n\u011b o deset let pozd\u011bji p\u0159ij\u00ed\u017ed\u00ed do Rio Damajagua ka\u017edoro\u010dn\u011b t\u00e9m\u011b\u0159 50 000 turist\u016f, aby si u\u017eili to, co Dominik\u00e1nci znaj\u00ed ji\u017e po stalet\u00ed.<\/p>","protected":false},"excerpt":{"rendered":"<div data-track=\"overview\" data-v-83a2b402=\"\">\n<section id=\"activity-overview\" class=\"activity-overview\" data-component=\"overview\" data-v-83a2b402=\"\" data-v-f3236c42=\"\">\n<p class=\"activity-overview__content\" data-test-id=\"activity-overview-content\" data-v-f3236c42=\"\">Objevte skryt\u00e9 p\u0159\u00edrodn\u00ed z\u00e1zraky Damajaguy p\u0159i n\u00e1v\u0161t\u011bv\u011b 27 vodop\u00e1d\u016f s pr\u016fvodcem. Vydejte se na p\u011b\u0161\u00ed t\u00faru po okol\u00ed a prozkoumejte \u00fachvatn\u00e9 vodop\u00e1dy, sko\u010dte do hlubok\u00fdch modr\u00fdch vod a vychutnejte si chutn\u00fd ob\u011bd.<\/p>\n<\/section>\n<\/div>\n<div data-track=\"key-details\" data-v-83a2b402=\"\"><\/div>","protected":false},"featured_media":13794,"template":"","meta":[],"product_brand":[],"product_cat":[97],"product_tag":[101,102],"class_list":{"0":"post-13519","1":"product","2":"type-product","3":"status-publish","4":"has-post-thumbnail","6":"product_cat-dominican-republic","7":"product_tag-excursion","8":"product_tag-tour","10":"first","11":"instock","12":"shipping-taxable","13":"product-type-external"},"_links":{"self":[{"href":"https:\/\/sabanadelamartours.com\/cs\/wp-json\/wp\/v2\/product\/13519","targetHints":{"allow":["GET"]}}],"collection":[{"href":"https:\/\/sabanadelamartours.com\/cs\/wp-json\/wp\/v2\/product"}],"about":[{"href":"https:\/\/sabanadelamartours.com\/cs\/wp-json\/wp\/v2\/types\/product"}],"version-history":[{"count":1,"href":"https:\/\/sabanadelamartours.com\/cs\/wp-json\/wp\/v2\/product\/13519\/revisions"}],"predecessor-version":[{"id":18604,"href":"https:\/\/sabanadelamartours.com\/cs\/wp-json\/wp\/v2\/product\/13519\/revisions\/18604"}],"wp:featuredmedia":[{"embeddable":true,"href":"https:\/\/sabanadelamartours.com\/cs\/wp-json\/wp\/v2\/media\/13794"}],"wp:attachment":[{"href":"https:\/\/sabanadelamartours.com\/cs\/wp-json\/wp\/v2\/media?parent=13519"}],"wp:term":[{"taxonomy":"product_brand","embeddable":true,"href":"https:\/\/sabanadelamartours.com\/cs\/wp-json\/wp\/v2\/product_brand?post=13519"},{"taxonomy":"product_cat","embeddable":true,"href":"https:\/\/sabanadelamartours.com\/cs\/wp-json\/wp\/v2\/product_cat?post=13519"},{"taxonomy":"product_tag","embeddable":true,"href":"https:\/\/sabanadelamartours.com\/cs\/wp-json\/wp\/v2\/product_tag?post=13519"}],"curies":[{"name":"wp","href":"https:\/\/api.w.org\/{rel}","templated":true}]}}