{"id":13589,"date":"2025-12-18T11:39:13","date_gmt":"2025-12-18T11:39:13","guid":{"rendered":"https:\/\/sabanadelamartours.com\/?post_type=product&#038;p=13589"},"modified":"2026-01-07T11:10:22","modified_gmt":"2026-01-07T11:10:22","slug":"-292","status":"publish","type":"product","link":"https:\/\/sabanadelamartours.com\/cs\/prohlidka\/-292\/","title":{"rendered":"P\u016fldenn\u00ed v\u00fdlet v buggy a pl\u00e1\u017eov\u00fd cenote :Punta Cana"},"content":{"rendered":"<p>Itiner\u00e1\u0159: Punta Cana Highlights Tour Double Buggy Excursion s hotelem<\/p>\n<p>Za\u010d\u00e1tek: 8:30 10:30 14:30 hod.<\/p>\n<p>Vyzvednut\u00ed v hotelu: Pr\u016fvodce v\u00e1s vyzvedne v hotelu v Punta Can\u011b.<\/p>\n<p>P\u0159eprava na v\u00fdchoz\u00ed m\u00edsto: Budete p\u0159evezeni na v\u00fdchoz\u00ed m\u00edsto prohl\u00eddky s buginou, kde obdr\u017e\u00edte kr\u00e1tkou instrukt\u00e1\u017e o bezpe\u010dn\u00e9m ovl\u00e1d\u00e1n\u00ed vozidla.<\/p>\n<p>Odjezd buggy: Jakmile budete p\u0159ipraveni, vyd\u00e1te se na cestu buginou po n\u00e1dhern\u00e9 krajin\u011b Punta Cany. Vychutnejte si vzru\u0161en\u00ed z \u0159\u00edzen\u00ed vlastn\u00ed buggyny, kterou budete n\u00e1sledovat sv\u00e9ho pr\u016fvodce po malebn\u00fdch cest\u00e1ch a rozmanit\u00fdm ter\u00e9nem.<\/p>\n<p>Zast\u00e1vka v Typick\u00e9m dom\u011b: Prvn\u00ed zast\u00e1vka bude v typick\u00e9m dominik\u00e1nsk\u00e9m dom\u011b. Zde budete m\u00edt p\u0159\u00edle\u017eitost pono\u0159it se do m\u00edstn\u00ed kultury, komunikovat s obyvateli a poznat jejich \u017eivotn\u00ed styl a tradice. Krom\u011b toho si m\u016f\u017eete pochutnat na typick\u00e9m dominik\u00e1nsk\u00e9m ob\u010derstven\u00ed.<\/p>\n<p>Pokra\u010dov\u00e1n\u00ed prohl\u00eddky Buggy tour: Po n\u00e1v\u0161t\u011bv\u011b typick\u00e9ho domu budete pokra\u010dovat v prohl\u00eddce venkovsk\u00fdch cest a p\u0159\u00edrodn\u00ed krajiny Punta Cany v bugin\u011b.<\/p>\n<p>N\u00e1v\u0161t\u011bva cenotu: Dal\u0161\u00ed zast\u00e1vka bude ve skryt\u00e9m cenotu. Objevte p\u0159\u00edrodn\u00ed kr\u00e1sy tohoto cenotu a zchla\u010fte se koup\u00e1n\u00edm v jeho k\u0159i\u0161\u0165\u00e1lov\u00e9 vod\u011b. Budete m\u00edt \u010das na odpo\u010dinek a vychutn\u00e1n\u00ed si klidu tohoto jedine\u010dn\u00e9ho prost\u0159ed\u00ed.<\/p>\n<p>Cesta na pl\u00e1\u017e Macao: Po zchlazen\u00ed v cenotu budete pokra\u010dovat v cest\u011b buginou na p\u016fsobivou pl\u00e1\u017e Macao.<\/p>\n<p>Voln\u00fd \u010das v Playa Macao: Na Playa Macao, jednu z nejkr\u00e1sn\u011bj\u0161\u00edch pl\u00e1\u017e\u00ed v regionu, doraz\u00edte v p\u00e1tek. Zde budete m\u00edt voln\u00fd \u010das na odpo\u010dinek na b\u00edl\u00e9m p\u00edsku, koup\u00e1n\u00ed v tyrkysov\u00fdch vod\u00e1ch Karibiku nebo se prost\u011b jen budete kochat tropickou krajinou.<\/p>\n<div class=\"toggle-content__content toggle-content__content--expanded toggle-content__content--packable\" data-v-59485d64=\"\">\n<div data-test-id=\"activity-full-description-text\" data-v-5835c99c=\"\">N\u00e1vrat do hotelu: Po dni pln\u00e9m dobrodru\u017estv\u00ed a jedine\u010dn\u00fdch z\u00e1\u017eitk\u016f se vr\u00e1t\u00edte do hotelu.<\/div>\n<\/div>\n<div class=\"toggle-content__label-placeholder\" data-v-59485d64=\"\"><\/div>","protected":false},"excerpt":{"rendered":"<div data-track=\"overview\" data-v-83a2b402=\"\">\n<section id=\"activity-overview\" class=\"activity-overview\" data-component=\"overview\" data-v-83a2b402=\"\" data-v-f3236c42=\"\">\n<p class=\"activity-overview__content\" data-test-id=\"activity-overview-content\" data-v-f3236c42=\"\">Pro\u017eijte extr\u00e9mn\u00ed z\u00e1\u017eitek na bugin\u00e1ch s rodinou a p\u0159\u00e1teli v Punta Can\u011b, za\u017eijte adrenalin<\/p>\n<\/section>\n<\/div>\n<div data-track=\"key-details\" data-v-83a2b402=\"\"><\/div>","protected":false},"featured_media":13870,"template":"","meta":[],"product_brand":[],"product_cat":[97],"product_tag":[101,102],"class_list":{"0":"post-13589","1":"product","2":"type-product","3":"status-publish","4":"has-post-thumbnail","6":"product_cat-dominican-republic","7":"product_tag-excursion","8":"product_tag-tour","10":"first","11":"instock","12":"shipping-taxable","13":"product-type-external"},"_links":{"self":[{"href":"https:\/\/sabanadelamartours.com\/cs\/wp-json\/wp\/v2\/product\/13589","targetHints":{"allow":["GET"]}}],"collection":[{"href":"https:\/\/sabanadelamartours.com\/cs\/wp-json\/wp\/v2\/product"}],"about":[{"href":"https:\/\/sabanadelamartours.com\/cs\/wp-json\/wp\/v2\/types\/product"}],"version-history":[{"count":1,"href":"https:\/\/sabanadelamartours.com\/cs\/wp-json\/wp\/v2\/product\/13589\/revisions"}],"predecessor-version":[{"id":18607,"href":"https:\/\/sabanadelamartours.com\/cs\/wp-json\/wp\/v2\/product\/13589\/revisions\/18607"}],"wp:featuredmedia":[{"embeddable":true,"href":"https:\/\/sabanadelamartours.com\/cs\/wp-json\/wp\/v2\/media\/13870"}],"wp:attachment":[{"href":"https:\/\/sabanadelamartours.com\/cs\/wp-json\/wp\/v2\/media?parent=13589"}],"wp:term":[{"taxonomy":"product_brand","embeddable":true,"href":"https:\/\/sabanadelamartours.com\/cs\/wp-json\/wp\/v2\/product_brand?post=13589"},{"taxonomy":"product_cat","embeddable":true,"href":"https:\/\/sabanadelamartours.com\/cs\/wp-json\/wp\/v2\/product_cat?post=13589"},{"taxonomy":"product_tag","embeddable":true,"href":"https:\/\/sabanadelamartours.com\/cs\/wp-json\/wp\/v2\/product_tag?post=13589"}],"curies":[{"name":"wp","href":"https:\/\/api.w.org\/{rel}","templated":true}]}}