{"id":13597,"date":"2025-12-18T11:39:40","date_gmt":"2025-12-18T11:39:40","guid":{"rendered":"https:\/\/sabanadelamartours.com\/?post_type=product&#038;p=13597"},"modified":"2026-01-07T11:12:56","modified_gmt":"2026-01-07T11:12:56","slug":"-294","status":"publish","type":"product","link":"https:\/\/sabanadelamartours.com\/cs\/prohlidka\/-294\/","title":{"rendered":"Puerto Plata Ocean World Vstupenky"},"content":{"rendered":"<p>Pro\u017eijte den v n\u00e1dhern\u00e9m dobrodru\u017en\u00e9m parku Ocean World na pl\u00e1\u017ei Cofresi nedaleko Puerto Plata. Z nedalek\u00fdch hotel\u016f je zaji\u0161t\u011bna doprava tam i zp\u011bt a bude zde dostatek \u010dasu na odpo\u010dinek, ale vrcholem exkurze je mo\u017enost pohr\u00e1t si s patagonsk\u00fdmi mo\u0159sk\u00fdmi lvy.<\/p>\n<p>Tato roztomil\u00e1 stvo\u0159en\u00ed, zn\u00e1m\u00e1 jako mo\u0159\u0161t\u00ed klauni, si m\u016f\u017eete prohl\u00e9dnout zbl\u00edzka b\u011bhem 30minutov\u00e9ho setk\u00e1n\u00ed. B\u011bhem p\u0159edn\u00e1\u0161ky p\u0159ed plav\u00e1n\u00edm se dozv\u00edte o jejich zvyc\u00edch a \u017eivotn\u00edm prost\u0159ed\u00ed.<\/p>\n<p>Pak se jich budete moci dot\u00fdkat, krmit je, hladit a hr\u00e1t si s nimi, zat\u00edmco budete sed\u011bt na stran\u011b interak\u010dn\u00edho baz\u00e9nku. V \u00fa\u017easu sledujte, jak p\u0159edv\u00e1d\u011bj\u00ed sv\u00e9 z\u00e1bavn\u00e9 kousky.<\/p>\n<p>Ocean World je nejkomplexn\u011bj\u0161\u00ed z\u00e1bavn\u00ed komplex sv\u00e9ho druhu v Dominik\u00e1nsk\u00e9 republice a py\u0161n\u00ed se nejv\u011bt\u0161\u00ed um\u011ble vytvo\u0159enou delf\u00edn\u00ed lagunou na sv\u011bt\u011b.<\/p>\n<p>P\u0159i proch\u00e1zce komplexem objev\u00edte bohat\u00fd sv\u011bt mo\u0159sk\u00fdch \u017eivo\u010dich\u016f a rostlin a u\u017eijete si d\u016fraz na interakci mezi lidmi a zv\u00ed\u0159aty.<\/p>\n<p>\u0160norchlujte v akv\u00e1riu s tropick\u00fdm \u00fatesem, kde se to hem\u017e\u00ed pestrobarevn\u00fdmi rybami. Obdivujte puch\u00fd\u0159ovce, andulky a mot\u00fdlkovce, zat\u00edmco kolem v\u00e1s budou proplouvat chrchla\u010di a hv\u011bzdice.<\/p>\n<p>D\u00e1le se m\u016f\u017eete vydat do tropick\u00e9ho de\u0161tn\u00e9ho pralesa, exotick\u00e9 o\u00e1zy s vodop\u00e1dy, lagunami a p\u00edse\u010dn\u00fdmi pl\u00e1\u017eemi. Vstup do komplexu Ocean World zahrnuje vstup na delf\u00edn\u00ed show, \u017eralo\u010d\u00ed show a show tropick\u00fdch pt\u00e1k\u016f.<\/p>\n<p>A\u017e si budete cht\u00edt odpo\u010dinout, budete m\u00edt p\u0159\u00edstup na pl\u00e1\u017e Dolphin Beach, kde jsou k dispozici pohodln\u00e1 leh\u00e1tka. Ob\u011bd je v cen\u011b.<\/p>\n<div class=\"toggle-content__content toggle-content__content--expanded toggle-content__content--packable\" data-v-59485d64=\"\">\n<div data-test-id=\"activity-full-description-text\" data-v-5835c99c=\"\">Prohl\u00eddka je z\u00e1bavn\u00e1 pro celou rodinu a po dni pln\u00e9m sm\u00edchu a her s nejrozko\u0161n\u011bj\u0161\u00edmi tvory na sv\u011bt\u011b v\u00e1m jist\u011b z\u016fstane \u00fasm\u011bv na tv\u00e1\u0159i.<\/div>\n<\/div>\n<div class=\"toggle-content__label-placeholder\" data-v-59485d64=\"\"><\/div>","protected":false},"excerpt":{"rendered":"<div data-track=\"overview\" data-v-83a2b402=\"\">\n<section id=\"activity-overview\" class=\"activity-overview\" data-component=\"overview\" data-v-83a2b402=\"\" data-v-f3236c42=\"\">\n<p class=\"activity-overview__content\" data-test-id=\"activity-overview-content\" data-v-f3236c42=\"\">M\u00e1te cel\u00fd den na prozkoum\u00e1n\u00ed mnoha kr\u00e1s a okouzluj\u00edc\u00edch bytost\u00ed komplexu a tak\u00e9 \u010das na odpo\u010dinek na pl\u00e1\u017ei.<\/p>\n<\/section>\n<\/div>\n<div data-track=\"key-details\" data-v-83a2b402=\"\"><\/div>","protected":false},"featured_media":13892,"template":"","meta":[],"product_brand":[],"product_cat":[97],"product_tag":[101,102],"class_list":{"0":"post-13597","1":"product","2":"type-product","3":"status-publish","4":"has-post-thumbnail","6":"product_cat-dominican-republic","7":"product_tag-excursion","8":"product_tag-tour","10":"first","11":"instock","12":"shipping-taxable","13":"product-type-external"},"_links":{"self":[{"href":"https:\/\/sabanadelamartours.com\/cs\/wp-json\/wp\/v2\/product\/13597","targetHints":{"allow":["GET"]}}],"collection":[{"href":"https:\/\/sabanadelamartours.com\/cs\/wp-json\/wp\/v2\/product"}],"about":[{"href":"https:\/\/sabanadelamartours.com\/cs\/wp-json\/wp\/v2\/types\/product"}],"version-history":[{"count":1,"href":"https:\/\/sabanadelamartours.com\/cs\/wp-json\/wp\/v2\/product\/13597\/revisions"}],"predecessor-version":[{"id":18608,"href":"https:\/\/sabanadelamartours.com\/cs\/wp-json\/wp\/v2\/product\/13597\/revisions\/18608"}],"wp:featuredmedia":[{"embeddable":true,"href":"https:\/\/sabanadelamartours.com\/cs\/wp-json\/wp\/v2\/media\/13892"}],"wp:attachment":[{"href":"https:\/\/sabanadelamartours.com\/cs\/wp-json\/wp\/v2\/media?parent=13597"}],"wp:term":[{"taxonomy":"product_brand","embeddable":true,"href":"https:\/\/sabanadelamartours.com\/cs\/wp-json\/wp\/v2\/product_brand?post=13597"},{"taxonomy":"product_cat","embeddable":true,"href":"https:\/\/sabanadelamartours.com\/cs\/wp-json\/wp\/v2\/product_cat?post=13597"},{"taxonomy":"product_tag","embeddable":true,"href":"https:\/\/sabanadelamartours.com\/cs\/wp-json\/wp\/v2\/product_tag?post=13597"}],"curies":[{"name":"wp","href":"https:\/\/api.w.org\/{rel}","templated":true}]}}