{"id":13614,"date":"2025-12-18T11:40:17","date_gmt":"2025-12-18T11:40:17","guid":{"rendered":"https:\/\/sabanadelamartours.com\/?post_type=product&#038;p=13614"},"modified":"2026-02-11T11:02:57","modified_gmt":"2026-02-11T11:02:57","slug":"-295","status":"publish","type":"product","link":"https:\/\/sabanadelamartours.com\/cs\/prohlidka\/-295\/","title":{"rendered":"Exkurze: Koloni\u00e1ln\u00ed m\u011bsto, maj\u00e1k Col\u00f3n a park 3 Eyes"},"content":{"rendered":"<p>B\u011bhem tohoto z\u00e1\u017eitku d\u016fkladn\u011b projdeme v\u0161echna symbolick\u00e1 m\u00edsta turistick\u00e9 oblasti Santo Dominga, poskytneme podrobn\u00e9 informace a v\u011bnujeme tomu pot\u0159ebn\u00fd \u010das.<\/p>\n<p>PR\u016eVOD V PARKU COLON:<\/p>\n<p>Na\u0161i cestu za\u010dneme v parku Col\u00f3n, kter\u00fd je epicentrem koloni\u00e1ln\u00edho m\u011bsta a slou\u017e\u00ed jako centr\u00e1ln\u00ed rekrea\u010dn\u00ed prostor. Najdeme zde bohatou koncentraci v\u00fdznamn\u00fdch pam\u00e1tek, jako je katedr\u00e1la Primada America, prvn\u00ed m\u011bstsk\u00e1 rada Santo Dominga, malebn\u00e1 ulice El Conde, vyhl\u00e1\u0161en\u00e9 restaurace, obchody a mnoho dal\u0161\u00edch zaj\u00edmavost\u00ed. V srdci tohoto parku stoj\u00ed socha Kry\u0161tofa Kolumba, kterou v roce 1887 postavil talentovan\u00fd francouzsk\u00fd socha\u0159 Ernesto Gilbert.<\/p>\n<p>Pr\u016fvod v katedr\u00e1le Primada de Am\u00e9rica:<\/p>\n<p>Tato katedr\u00e1la a bazilika minor, kter\u00e1 se nach\u00e1z\u00ed v koloni\u00e1ln\u00edm m\u011bst\u011b Santo Domingo v Dominik\u00e1nsk\u00e9 republice, je zasv\u011bcena svat\u00e9 Marii de la Encarnaci\u00f3n, zn\u00e1m\u00e9 tak\u00e9 jako Zv\u011bstov\u00e1n\u00ed. Ofici\u00e1ln\u011b se jmenuje podle katedr\u00e1ly Santa Church Metropolitn\u00ed bazilika Panny Marie Santa Mar\u00eda de la Encarnaci\u00f3n neboli Zv\u011bstov\u00e1n\u00ed. Nach\u00e1z\u00ed se na k\u0159i\u017eovatce arcibiskupsk\u00fdch ulic Meri\u00f1o a Isabela la Cat\u00f3lica, pobl\u00ed\u017e parku Col\u00f3n, s hlavn\u00edm vchodem orientovan\u00fdm na z\u00e1pad, p\u0159ed arcibiskupskou ulic\u00ed Meri\u00f1o, pobl\u00ed\u017e rohu s ulic\u00ed Arcibiskupa Nouela.<\/p>\n<p>Parada v Panteon Nacional:<\/p>\n<p>N\u00e1rodn\u00ed panteon je m\u00edsto ur\u010den\u00e9 jako mauzoleum, kde jsou ulo\u017eeny ostatky v\u00fdznamn\u00fdch osobnost\u00ed historie Dominik\u00e1nsk\u00e9 republiky. V t\u00e9to ohrad\u011b je asi 36 pr\u00e1zdn\u00fdch m\u00edst ur\u010den\u00fdch k ulo\u017een\u00ed ostatk\u016f budouc\u00edch n\u00e1rodn\u00edch hrdin\u016f. Krom\u011b toho zahrnuje prostor bez konkr\u00e9tn\u00ed desky na po\u010dest nezn\u00e1m\u00e9ho voj\u00edna.<\/p>\n<p>Zast\u00e1vka v Muzeu kr\u00e1lovsk\u00fdch dom\u016f:<\/p>\n<p>Muzeum kr\u00e1lovsk\u00fdch dom\u016f, d\u0159\u00edve zn\u00e1m\u00e9 jako Kr\u00e1lovsk\u00e9 pal\u00e1ce v dob\u011b gener\u00e1ln\u00edho kapitan\u00e1tu a provincie, s\u00eddl\u00ed ve dvou pal\u00e1c\u00edch ze 16. stolet\u00ed. Bylo vybudov\u00e1no na p\u0159\u00edkaz kastilsk\u00e9 koruny za vl\u00e1dy Fernanda II. z Aragonu.<\/p>\n<p>Zast\u00e1vka v Alcazar de Colon:<\/p>\n<p>Alc\u00e1zar de Col\u00f3n byl postaven v letech 1511 a\u017e 1514, p\u0159i\u010dem\u017e inspirac\u00ed byl ji\u017e d\u0159\u00edve existuj\u00edc\u00ed hrad v Mancera de Abajo ve \u0161pan\u011blsk\u00e9 Salamance, z n\u011bho\u017e se dodnes dochovaly z\u0159\u00edceniny.<\/p>\n<p>Zast\u00e1vka v maj\u00e1ku na dvojte\u010dku:<\/p>\n<p>Tento pam\u00e1tn\u00edk m\u00e1 tvar k\u0159\u00ed\u017ee, kter\u00fd symbolizuje christianizaci Ameriky, a jeho p\u0159ibli\u017en\u00e9 rozm\u011bry jsou 800 metr\u016f na d\u00e9lku a 36,5 metru na v\u00fd\u0161ku. Bylo potvrzeno, \u017ee se na tomto m\u00edst\u011b nach\u00e1zej\u00ed ostatky admir\u00e1la Kry\u0161tofa Kolumba, a\u010dkoli genetick\u00e1 anal\u00fdza uk\u00e1zala, \u017ee toto tvrzen\u00ed je nespr\u00e1vn\u00e9, nebo\u0165 Kolumbovy ostatky se nach\u00e1zej\u00ed v sevillsk\u00e9 katedr\u00e1le.<\/p>\n<p>Zast\u00e1vka v n\u00e1rodn\u00edm parku Los Tres Eyes:<\/p>\n<div class=\"toggle-content__content toggle-content__content--expanded toggle-content__content--packable\" data-v-59485d64=\"\">\n<div data-test-id=\"activity-full-description-text\" data-v-5835c99c=\"\">V tomto n\u00e1rodn\u00edm parku se nach\u00e1z\u00ed jedno z nejzachovalej\u0161\u00edch p\u0159\u00edrodn\u00edch tajemstv\u00ed m\u011bsta, kter\u00e9 zahrnuje \u010dty\u0159i r\u016fzn\u00e1 jezera: S\u00edrov\u00e9 jezero, Lednice, D\u00e1my a Salaramagullones.<\/div>\n<\/div>\n<div class=\"toggle-content__label-placeholder\" data-v-59485d64=\"\"><\/div>","protected":false},"excerpt":{"rendered":"<div data-track=\"overview\" data-v-83a2b402=\"\">\n<section id=\"activity-overview\" class=\"activity-overview\" data-component=\"overview\" data-v-83a2b402=\"\" data-v-f3236c42=\"\">\n<p class=\"activity-overview__content\" data-test-id=\"activity-overview-content\" data-v-f3236c42=\"\">Vydejte se na p\u016fldenn\u00ed prohl\u00eddku hlavn\u00edho m\u011bsta Santo Dominga a poznejte jeho kulturn\u00ed a historick\u00e9 bohatstv\u00ed. V doprovodu pr\u016fvodce si prohl\u00e9dnete nejv\u00fdznamn\u011bj\u0161\u00ed pam\u00e1tky koloni\u00e1ln\u00edho m\u011bsta.<\/p>\n<\/section>\n<\/div>\n<div data-track=\"key-details\" data-v-83a2b402=\"\"><\/div>","protected":false},"featured_media":13895,"template":"","meta":[],"product_brand":[],"product_cat":[97],"product_tag":[101,102],"class_list":{"0":"post-13614","1":"product","2":"type-product","3":"status-publish","4":"has-post-thumbnail","6":"product_cat-dominican-republic","7":"product_tag-excursion","8":"product_tag-tour","10":"first","11":"instock","12":"shipping-taxable","13":"product-type-external"},"_links":{"self":[{"href":"https:\/\/sabanadelamartours.com\/cs\/wp-json\/wp\/v2\/product\/13614","targetHints":{"allow":["GET"]}}],"collection":[{"href":"https:\/\/sabanadelamartours.com\/cs\/wp-json\/wp\/v2\/product"}],"about":[{"href":"https:\/\/sabanadelamartours.com\/cs\/wp-json\/wp\/v2\/types\/product"}],"version-history":[{"count":2,"href":"https:\/\/sabanadelamartours.com\/cs\/wp-json\/wp\/v2\/product\/13614\/revisions"}],"predecessor-version":[{"id":18975,"href":"https:\/\/sabanadelamartours.com\/cs\/wp-json\/wp\/v2\/product\/13614\/revisions\/18975"}],"wp:featuredmedia":[{"embeddable":true,"href":"https:\/\/sabanadelamartours.com\/cs\/wp-json\/wp\/v2\/media\/13895"}],"wp:attachment":[{"href":"https:\/\/sabanadelamartours.com\/cs\/wp-json\/wp\/v2\/media?parent=13614"}],"wp:term":[{"taxonomy":"product_brand","embeddable":true,"href":"https:\/\/sabanadelamartours.com\/cs\/wp-json\/wp\/v2\/product_brand?post=13614"},{"taxonomy":"product_cat","embeddable":true,"href":"https:\/\/sabanadelamartours.com\/cs\/wp-json\/wp\/v2\/product_cat?post=13614"},{"taxonomy":"product_tag","embeddable":true,"href":"https:\/\/sabanadelamartours.com\/cs\/wp-json\/wp\/v2\/product_tag?post=13614"}],"curies":[{"name":"wp","href":"https:\/\/api.w.org\/{rel}","templated":true}]}}