{"id":13923,"date":"2025-12-18T11:54:46","date_gmt":"2025-12-18T11:54:46","guid":{"rendered":"https:\/\/sabanadelamartours.com\/?post_type=product&#038;p=13923"},"modified":"2026-02-11T11:18:56","modified_gmt":"2026-02-11T11:18:56","slug":"-324","status":"publish","type":"product","link":"https:\/\/sabanadelamartours.com\/cs\/prohlidka\/-324\/","title":{"rendered":"Soukrom\u00fd transfer z Club Med do SDQ"},"content":{"rendered":"<p>Punta Cana Transfer is a leader in providing private transportation all over Punta Cana. A As a company, we have over 4 years of experience and over 1000 5-star reviews on TripAdvisor. Enjoy the ease that comes with being attended by your own customer service representative before, during, and after your trip. No tickets, waiting for emails, or long queues; all communication is immediate and over SMS. Your driver will be waiting with a sign upon arrival and will take you straight to your resort with no unwanted stops or surprises. Book your ride and go straight from the Santo Domingo Airport to the Club Med or from the Club Med to the Santo Domingo Airport to catch your flight.<\/p>","protected":false},"excerpt":{"rendered":"<div data-track=\"overview\" data-v-83a2b402=\"\">\n<section id=\"activity-overview\" class=\"activity-overview\" data-component=\"overview\" data-v-83a2b402=\"\" data-v-f3236c42=\"\">\n<p class=\"activity-overview__content\" data-test-id=\"activity-overview-content\" data-v-f3236c42=\"\">Rezervujte si p\u0159epravu bez starost\u00ed a \u0159idi\u010d se ve smluven\u00fd \u010das dostav\u00ed do haly s cedul\u00ed s va\u0161\u00edm jm\u00e9nem, abyste mohli rychle identifikovat sv\u016fj odvoz a odjet na leti\u0161t\u011b.<\/p>\n<\/section>\n<\/div>\n<div data-track=\"key-details\" data-v-83a2b402=\"\"><\/div>","protected":false},"featured_media":14141,"template":"","meta":[],"product_brand":[],"product_cat":[97],"product_tag":[101,102],"class_list":{"0":"post-13923","1":"product","2":"type-product","3":"status-publish","4":"has-post-thumbnail","6":"product_cat-dominican-republic","7":"product_tag-excursion","8":"product_tag-tour","10":"first","11":"instock","12":"sale","13":"shipping-taxable","14":"product-type-external"},"_links":{"self":[{"href":"https:\/\/sabanadelamartours.com\/cs\/wp-json\/wp\/v2\/product\/13923","targetHints":{"allow":["GET"]}}],"collection":[{"href":"https:\/\/sabanadelamartours.com\/cs\/wp-json\/wp\/v2\/product"}],"about":[{"href":"https:\/\/sabanadelamartours.com\/cs\/wp-json\/wp\/v2\/types\/product"}],"version-history":[{"count":1,"href":"https:\/\/sabanadelamartours.com\/cs\/wp-json\/wp\/v2\/product\/13923\/revisions"}],"predecessor-version":[{"id":18995,"href":"https:\/\/sabanadelamartours.com\/cs\/wp-json\/wp\/v2\/product\/13923\/revisions\/18995"}],"wp:featuredmedia":[{"embeddable":true,"href":"https:\/\/sabanadelamartours.com\/cs\/wp-json\/wp\/v2\/media\/14141"}],"wp:attachment":[{"href":"https:\/\/sabanadelamartours.com\/cs\/wp-json\/wp\/v2\/media?parent=13923"}],"wp:term":[{"taxonomy":"product_brand","embeddable":true,"href":"https:\/\/sabanadelamartours.com\/cs\/wp-json\/wp\/v2\/product_brand?post=13923"},{"taxonomy":"product_cat","embeddable":true,"href":"https:\/\/sabanadelamartours.com\/cs\/wp-json\/wp\/v2\/product_cat?post=13923"},{"taxonomy":"product_tag","embeddable":true,"href":"https:\/\/sabanadelamartours.com\/cs\/wp-json\/wp\/v2\/product_tag?post=13923"}],"curies":[{"name":"wp","href":"https:\/\/api.w.org\/{rel}","templated":true}]}}