{"id":14016,"date":"2025-12-18T11:58:42","date_gmt":"2025-12-18T11:58:42","guid":{"rendered":"https:\/\/sabanadelamartours.com\/?post_type=product&#038;p=14016"},"modified":"2026-01-07T12:26:12","modified_gmt":"2026-01-07T12:26:12","slug":"-331","status":"publish","type":"product","link":"https:\/\/sabanadelamartours.com\/cs\/prohlidka\/-331\/","title":{"rendered":"Las Terrenas: Los Haitises - proch\u00e1zka lod\u00ed a p\u011b\u0161ky s ob\u011bdem"},"content":{"rendered":"<p>Vyzvednut\u00ed na m\u00edst\u011b v Las Terrenas a cesta do Samany. Vydejte se na celodenn\u00ed v\u00fdlet ze Samany do n\u00e1rodn\u00edho parku Los Haitises a prozkoumejte jeho p\u0159\u00edrodn\u00ed kr\u00e1sy. Prohl\u00e9dn\u011bte si n\u00e1dhernou scen\u00e9rii parku a b\u011bhem pr\u016fzkumu hledejte r\u016fzn\u00e9 druhy \u017eivo\u010dich\u016f. Na ostrov\u011b Cayo Levantado si vychutnejte typick\u00fd dominik\u00e1nsk\u00fd ob\u011bd formou bufetu.<\/p>\n<p>Slalom kolem mnoha ostr\u016fvk\u016f, kter\u00e9 tvo\u0159\u00ed tento \u00fa\u017easn\u00fd n\u00e1rodn\u00ed park. Prohl\u00e9dn\u011bte si p\u0159\u00edrodn\u00ed zaj\u00edmavosti parku, jako jsou mangrovov\u00e9 porosty, a n\u011bkter\u00e9 z r\u016fzn\u00fdch druh\u016f pt\u00e1k\u016f, jako jsou pelik\u00e1ni, volavky a jest\u0159\u00e1b Ridgway\u016fv.<\/p>\n<p>Ud\u011blejte si \u010das na prohl\u00eddku historick\u00fdch jeskyn\u00ed a n\u00e1dhern\u00fdch scen\u00e9ri\u00ed. Obdivujte jeskyn\u011b, v nich\u017e se nach\u00e1z\u00ed jeden z nejv\u011bt\u0161\u00edch po\u010dt\u016f domorod\u00fdch petroglyf\u016f a piktogram\u016f v zemi.<\/p>\n<p>Vydejte se na ostrov Cayo Levantado, zn\u00e1m\u00fd tak\u00e9 jako ostrov Bacardi, a vychutnejte si tepl\u00e9 pl\u00e1\u017ee t\u00e9to malebn\u00e9 destinace a ob\u011bd formou bufetu s typick\u00fdmi dominik\u00e1nsk\u00fdmi pokrmy.<\/p>","protected":false},"excerpt":{"rendered":"<div data-track=\"overview\" data-v-83a2b402=\"\">\n<section id=\"activity-overview\" class=\"activity-overview\" data-component=\"overview\" data-v-83a2b402=\"\" data-v-f3236c42=\"\">\n<p class=\"activity-overview__content\" data-test-id=\"activity-overview-content\" data-v-f3236c42=\"\">Z Las Terrenas si prohl\u00e9dn\u011bte n\u00e1rodn\u00ed park Los Haitises na lodi s pr\u016fvodcem ze Saman\u00e1. P\u011b\u0161ky se vydejte do jeskyn\u00ed a vychutnejte si typick\u00fd dominik\u00e1nsk\u00fd ob\u011bd formou bufetu na malebn\u00e9m ostrov\u011b Cayo Levantado.<\/p>\n<\/section>\n<\/div>\n<div data-track=\"key-details\" data-v-83a2b402=\"\"><\/div>","protected":false},"featured_media":14201,"template":"","meta":[],"product_brand":[],"product_cat":[97],"product_tag":[101,102],"class_list":{"0":"post-14016","1":"product","2":"type-product","3":"status-publish","4":"has-post-thumbnail","6":"product_cat-dominican-republic","7":"product_tag-excursion","8":"product_tag-tour","10":"first","11":"instock","12":"shipping-taxable","13":"product-type-external"},"_links":{"self":[{"href":"https:\/\/sabanadelamartours.com\/cs\/wp-json\/wp\/v2\/product\/14016","targetHints":{"allow":["GET"]}}],"collection":[{"href":"https:\/\/sabanadelamartours.com\/cs\/wp-json\/wp\/v2\/product"}],"about":[{"href":"https:\/\/sabanadelamartours.com\/cs\/wp-json\/wp\/v2\/types\/product"}],"version-history":[{"count":1,"href":"https:\/\/sabanadelamartours.com\/cs\/wp-json\/wp\/v2\/product\/14016\/revisions"}],"predecessor-version":[{"id":18622,"href":"https:\/\/sabanadelamartours.com\/cs\/wp-json\/wp\/v2\/product\/14016\/revisions\/18622"}],"wp:featuredmedia":[{"embeddable":true,"href":"https:\/\/sabanadelamartours.com\/cs\/wp-json\/wp\/v2\/media\/14201"}],"wp:attachment":[{"href":"https:\/\/sabanadelamartours.com\/cs\/wp-json\/wp\/v2\/media?parent=14016"}],"wp:term":[{"taxonomy":"product_brand","embeddable":true,"href":"https:\/\/sabanadelamartours.com\/cs\/wp-json\/wp\/v2\/product_brand?post=14016"},{"taxonomy":"product_cat","embeddable":true,"href":"https:\/\/sabanadelamartours.com\/cs\/wp-json\/wp\/v2\/product_cat?post=14016"},{"taxonomy":"product_tag","embeddable":true,"href":"https:\/\/sabanadelamartours.com\/cs\/wp-json\/wp\/v2\/product_tag?post=14016"}],"curies":[{"name":"wp","href":"https:\/\/api.w.org\/{rel}","templated":true}]}}