{"id":14030,"date":"2025-12-18T11:59:08","date_gmt":"2025-12-18T11:59:08","guid":{"rendered":"https:\/\/sabanadelamartours.com\/?post_type=product&#038;p=14030"},"modified":"2026-01-07T12:27:55","modified_gmt":"2026-01-07T12:27:55","slug":"-334","status":"publish","type":"product","link":"https:\/\/sabanadelamartours.com\/cs\/prohlidka\/-334\/","title":{"rendered":"Soukrom\u00e1 prohl\u00eddka Puerto Plata s j\u00eddlem a odpo\u010dinkem na pl\u00e1\u017ei"},"content":{"rendered":"<p>Odpo\u010di\u0148te si na tomto soukrom\u00e9m z\u00e1jezdu, kter\u00fd kombinuje n\u00e1v\u0161t\u011bvu Puerto Plata a nejlep\u0161\u00ed dominik\u00e1nsk\u00e9 chut\u011b s pohodov\u00fdm pobytem na pl\u00e1\u017ei.<\/p>\n<p>Za\u010dn\u011bte den slun\u011bn\u00edm na pl\u00e1\u017ei s \u010derstvou kokosovou vodou a ochutn\u00e1vkou rumu. Sezn\u00e1m\u00edme v\u00e1s s rozd\u00edly mezi jednotliv\u00fdmi druhy alkoholu.<\/p>\n<p>Pot\u00e9 si v m\u00edstn\u00ed ryb\u00ed restauraci pochutn\u00e1te na vynikaj\u00edc\u00edm ob\u011bd\u011b s mo\u0159sk\u00fdmi plody paella. Pokud m\u00e1te chu\u0165, m\u016f\u017eete si d\u00e1t humra nebo kraba!<\/p>\n<p>Prozkoumejte okouzluj\u00edc\u00ed star\u00e9 m\u011bsto Puerto Plata, v\u010detn\u011b slavn\u00e9 R\u016f\u017eov\u00e9 ulice a Ulice de\u0161tn\u00edk\u016f. Na hlavn\u00edm n\u00e1m\u011bst\u00ed si dejte nejlep\u0161\u00ed dominik\u00e1nskou k\u00e1vu a dom\u00e1c\u00ed zmrzlinu.<\/p>\n<p>V tov\u00e1rn\u011b na \u010dokol\u00e1du si m\u016f\u017eete dop\u0159\u00e1t lahodn\u00e9 bio kakaov\u00e9 pochoutky.<\/p>\n<p>Objevte dal\u0161\u00ed pl\u00e1\u017e a vychutnejte si pravou pinacoladu pod\u00e1vanou v ananasu! K dispozici jsou i dal\u0161\u00ed koktejly pro va\u0161e pot\u011b\u0161en\u00ed.<\/p>\n<p>Sv\u00e9 kulin\u00e1\u0159sk\u00e9 dobrodru\u017estv\u00ed v Puerto Plata zakon\u010dete ochutn\u00e1vkou typick\u00e9ho pouli\u010dn\u00edho j\u00eddla: pikantn\u00ed empanady pln\u011bn\u00e9 s\u00fdrem, masem nebo vejcem.<\/p>\n<div class=\"toggle-content__content toggle-content__content--expanded toggle-content__content--packable\" data-v-59485d64=\"\">\n<div data-test-id=\"activity-full-description-text\" data-v-5835c99c=\"\">Poznejte na\u0161e m\u011bsto a pob\u0159e\u017e\u00ed a z\u00e1rove\u0148 si dop\u0159ejte lahodn\u00e9 j\u00eddlo a n\u00e1poje z kvalitn\u00edho rumu.<\/div>\n<\/div>\n<div class=\"toggle-content__label-placeholder\" data-v-59485d64=\"\"><\/div>","protected":false},"excerpt":{"rendered":"<div data-track=\"overview\" data-v-83a2b402=\"\">\n<section id=\"activity-overview\" class=\"activity-overview\" data-component=\"overview\" data-v-83a2b402=\"\" data-v-f3236c42=\"\">\n<p class=\"activity-overview__content\" data-test-id=\"activity-overview-content\" data-v-f3236c42=\"\">Prohl\u00e9dn\u011bte si koloni\u00e1ln\u00ed m\u011bsto Puerto Plata, odpo\u010di\u0148te si na okoln\u00edch pl\u00e1\u017e\u00edch, pove\u010de\u0159te v ryb\u00ed restauraci, ochutnejte dominik\u00e1nsk\u00e9 speciality a vyzkou\u0161ejte kultovn\u00ed rumy! Nav\u0161tivte, relaxujte a vychutnejte si gastronomii \ud83d\ude42<\/p>\n<\/section>\n<\/div>\n<div data-track=\"key-details\" data-v-83a2b402=\"\"><\/div>","protected":false},"featured_media":14230,"template":"","meta":[],"product_brand":[],"product_cat":[97],"product_tag":[101,102],"class_list":{"0":"post-14030","1":"product","2":"type-product","3":"status-publish","4":"has-post-thumbnail","6":"product_cat-dominican-republic","7":"product_tag-excursion","8":"product_tag-tour","10":"first","11":"instock","12":"shipping-taxable","13":"product-type-external"},"_links":{"self":[{"href":"https:\/\/sabanadelamartours.com\/cs\/wp-json\/wp\/v2\/product\/14030","targetHints":{"allow":["GET"]}}],"collection":[{"href":"https:\/\/sabanadelamartours.com\/cs\/wp-json\/wp\/v2\/product"}],"about":[{"href":"https:\/\/sabanadelamartours.com\/cs\/wp-json\/wp\/v2\/types\/product"}],"version-history":[{"count":2,"href":"https:\/\/sabanadelamartours.com\/cs\/wp-json\/wp\/v2\/product\/14030\/revisions"}],"predecessor-version":[{"id":18624,"href":"https:\/\/sabanadelamartours.com\/cs\/wp-json\/wp\/v2\/product\/14030\/revisions\/18624"}],"wp:featuredmedia":[{"embeddable":true,"href":"https:\/\/sabanadelamartours.com\/cs\/wp-json\/wp\/v2\/media\/14230"}],"wp:attachment":[{"href":"https:\/\/sabanadelamartours.com\/cs\/wp-json\/wp\/v2\/media?parent=14030"}],"wp:term":[{"taxonomy":"product_brand","embeddable":true,"href":"https:\/\/sabanadelamartours.com\/cs\/wp-json\/wp\/v2\/product_brand?post=14030"},{"taxonomy":"product_cat","embeddable":true,"href":"https:\/\/sabanadelamartours.com\/cs\/wp-json\/wp\/v2\/product_cat?post=14030"},{"taxonomy":"product_tag","embeddable":true,"href":"https:\/\/sabanadelamartours.com\/cs\/wp-json\/wp\/v2\/product_tag?post=14030"}],"curies":[{"name":"wp","href":"https:\/\/api.w.org\/{rel}","templated":true}]}}