{"id":14058,"date":"2025-12-18T12:00:16","date_gmt":"2025-12-18T12:00:16","guid":{"rendered":"https:\/\/sabanadelamartours.com\/?post_type=product&#038;p=14058"},"modified":"2026-01-07T12:30:49","modified_gmt":"2026-01-07T12:30:49","slug":"-337","status":"publish","type":"product","link":"https:\/\/sabanadelamartours.com\/cs\/prohlidka\/-337\/","title":{"rendered":"Koup\u00e1n\u00ed v Cenotes Ojos Ind\u00edgenas"},"content":{"rendered":"<p><span style=\"font-size: 12pt;\">Pono\u0159te se do p\u0159\u00edrody a objevte udr\u017eiteln\u00fd rozvoj na na\u0161\u00ed prohl\u00eddce s pr\u016fvodcem, kde se sezn\u00e1m\u00edte s na\u0161imi ekologick\u00fdmi projekty, kter\u00e9 p\u0159edstavuj\u00ed snahy o ochranu a obnovu p\u0159\u00edrodn\u00edch zdroj\u016f, v\u010dela\u0159stv\u00ed, ochranu endemick\u00e9ho jest\u0159\u00e1ba Ridgwayova a legu\u00e1na nosoro\u017e\u010d\u00edho.N\u00e1\u0161 Semi v\u00e1s srde\u010dn\u011b p\u0159iv\u00edt\u00e1 v ekologick\u00e9 rezervaci Ojos Ind\u00edgenas, kde se projdete po stezk\u00e1ch a dozv\u00edte se n\u011bco v\u00edc o na\u0161\u00ed fl\u00f3\u0159e a faun\u011b. Nakonec si dop\u0159ejete omlazuj\u00edc\u00ed koupel v lagun\u011b Inriri.<\/span><\/p>","protected":false},"excerpt":{"rendered":"<div data-track=\"overview\" data-v-83a2b402=\"\">\n<section id=\"activity-overview\" class=\"activity-overview\" data-component=\"overview\" data-v-83a2b402=\"\" data-v-f3236c42=\"\">\n<p class=\"activity-overview__content\" data-test-id=\"activity-overview-content\" data-v-f3236c42=\"\">Pono\u0159te se do p\u0159\u00edrody a objevte udr\u017eitelnost na na\u0161\u00ed prohl\u00eddce s pr\u016fvodcem, kde se sezn\u00e1m\u00edte s na\u0161imi ekologick\u00fdmi projekty, kter\u00e9 p\u0159edstavuj\u00ed \u00fasil\u00ed o ochranu a obnovu p\u0159\u00edrodn\u00edch zdroj\u016f.<\/p>\n<\/section>\n<\/div>\n<div data-track=\"key-details\" data-v-83a2b402=\"\"><\/div>","protected":false},"featured_media":14261,"template":"","meta":[],"product_brand":[],"product_cat":[97],"product_tag":[101,102],"class_list":{"0":"post-14058","1":"product","2":"type-product","3":"status-publish","4":"has-post-thumbnail","6":"product_cat-dominican-republic","7":"product_tag-excursion","8":"product_tag-tour","10":"first","11":"instock","12":"shipping-taxable","13":"product-type-external"},"_links":{"self":[{"href":"https:\/\/sabanadelamartours.com\/cs\/wp-json\/wp\/v2\/product\/14058","targetHints":{"allow":["GET"]}}],"collection":[{"href":"https:\/\/sabanadelamartours.com\/cs\/wp-json\/wp\/v2\/product"}],"about":[{"href":"https:\/\/sabanadelamartours.com\/cs\/wp-json\/wp\/v2\/types\/product"}],"version-history":[{"count":1,"href":"https:\/\/sabanadelamartours.com\/cs\/wp-json\/wp\/v2\/product\/14058\/revisions"}],"predecessor-version":[{"id":18627,"href":"https:\/\/sabanadelamartours.com\/cs\/wp-json\/wp\/v2\/product\/14058\/revisions\/18627"}],"wp:featuredmedia":[{"embeddable":true,"href":"https:\/\/sabanadelamartours.com\/cs\/wp-json\/wp\/v2\/media\/14261"}],"wp:attachment":[{"href":"https:\/\/sabanadelamartours.com\/cs\/wp-json\/wp\/v2\/media?parent=14058"}],"wp:term":[{"taxonomy":"product_brand","embeddable":true,"href":"https:\/\/sabanadelamartours.com\/cs\/wp-json\/wp\/v2\/product_brand?post=14058"},{"taxonomy":"product_cat","embeddable":true,"href":"https:\/\/sabanadelamartours.com\/cs\/wp-json\/wp\/v2\/product_cat?post=14058"},{"taxonomy":"product_tag","embeddable":true,"href":"https:\/\/sabanadelamartours.com\/cs\/wp-json\/wp\/v2\/product_tag?post=14058"}],"curies":[{"name":"wp","href":"https:\/\/api.w.org\/{rel}","templated":true}]}}