{"id":14074,"date":"2025-12-18T12:00:54","date_gmt":"2025-12-18T12:00:54","guid":{"rendered":"https:\/\/sabanadelamartours.com\/?post_type=product&#038;p=14074"},"modified":"2026-01-07T12:34:58","modified_gmt":"2026-01-07T12:34:58","slug":"-339","status":"publish","type":"product","link":"https:\/\/sabanadelamartours.com\/cs\/prohlidka\/-339\/","title":{"rendered":"Los Haitises: V\u00fdchod nebo z\u00e1pad slunce se zam\u011b\u0159en\u00edm na divokou p\u0159\u00edrodu"},"content":{"rendered":"<p>Tento v\u00fdlet je zam\u011b\u0159en na milovn\u00edky p\u0159\u00edrody. \u010cas v\u00fdchodu nebo z\u00e1padu slunce je origin\u00e1ln\u00ed dobou pro pozorov\u00e1n\u00ed skute\u010dn\u00e9 divok\u00e9 zv\u011b\u0159e v n\u00e1rodn\u00edm parku Los Haitises. Nav\u0161t\u00edv\u00edme p\u0159\u00edrodu mangrovov\u00fdch porost\u016f a z\u00e1toku San lorenzo.<\/p>\n<p>J\u00edzda na kajaku po mangrovov\u00fdch porostech v n\u00e1rodn\u00edm parku Los Haitises s m\u00edstn\u00edm pr\u016fvodcem 3 hodiny. Na tento v\u00fdlet je nejvhodn\u011bj\u0161\u00ed doba, kdy v n\u00e1rodn\u00edm parku Los Haitises nejsou n\u00e1v\u0161t\u011bvn\u00edci. N\u00e1v\u0161t\u011bva mangrovov\u00fdch porost\u016f v \u0159ece Ca\u00f1o Hondo plus p\u0159ehled z\u00e1livu San Lorenzo v n\u00e1rodn\u00edm parku Los Haitises, oblast Sabana de la Mar Ca\u00f1o Hondo.<\/p>\n<p>Vydejte se s Booking Adventures na prohl\u00eddku mangrovov\u00fdch porost\u016f pln\u00fdch pt\u00e1k\u016f, kopc\u016f s bujnou vegetac\u00ed a jeskyn\u00ed n\u00e1rodn\u00edho parku Los Haitises. V\u00fdlet na kajac\u00edch z \u0159eky Ca\u00f1o Hondo v Sabana de la Mar. P\u0159es mangrovov\u00e9 porosty a p\u0159ist\u00e1n\u00ed v otev\u0159en\u00e9 z\u00e1toce San Lorenzo, odkud m\u016f\u017eete fotografovat drsnou lesn\u00ed krajinu. Pod\u00edvejte se do vody a spat\u0159ete kapust\u0148\u00e1ky, kor\u00fd\u0161e a delf\u00edny.<\/p>","protected":false},"excerpt":{"rendered":"<div data-track=\"overview\" data-v-83a2b402=\"\">\n<section id=\"activity-overview\" class=\"activity-overview\" data-component=\"overview\" data-v-83a2b402=\"\" data-v-f3236c42=\"\">\n<p class=\"activity-overview__content\" data-test-id=\"activity-overview-content\" data-v-f3236c42=\"\">U\u017eijte si n\u00e1rodn\u00ed park Los Haitises, kdy\u017e v okol\u00ed nen\u00ed \u017e\u00e1dn\u00fd turista. Prozkoumejte p\u0159\u00edrodu a nechte se ohromit divokou zv\u011b\u0159\u00ed.<\/p>\n<\/section>\n<\/div>\n<div data-track=\"key-details\" data-v-83a2b402=\"\"><\/div>","protected":false},"featured_media":14286,"template":"","meta":[],"product_brand":[],"product_cat":[97],"product_tag":[101,102],"class_list":{"0":"post-14074","1":"product","2":"type-product","3":"status-publish","4":"has-post-thumbnail","6":"product_cat-dominican-republic","7":"product_tag-excursion","8":"product_tag-tour","10":"first","11":"instock","12":"shipping-taxable","13":"product-type-external"},"_links":{"self":[{"href":"https:\/\/sabanadelamartours.com\/cs\/wp-json\/wp\/v2\/product\/14074","targetHints":{"allow":["GET"]}}],"collection":[{"href":"https:\/\/sabanadelamartours.com\/cs\/wp-json\/wp\/v2\/product"}],"about":[{"href":"https:\/\/sabanadelamartours.com\/cs\/wp-json\/wp\/v2\/types\/product"}],"version-history":[{"count":1,"href":"https:\/\/sabanadelamartours.com\/cs\/wp-json\/wp\/v2\/product\/14074\/revisions"}],"predecessor-version":[{"id":18629,"href":"https:\/\/sabanadelamartours.com\/cs\/wp-json\/wp\/v2\/product\/14074\/revisions\/18629"}],"wp:featuredmedia":[{"embeddable":true,"href":"https:\/\/sabanadelamartours.com\/cs\/wp-json\/wp\/v2\/media\/14286"}],"wp:attachment":[{"href":"https:\/\/sabanadelamartours.com\/cs\/wp-json\/wp\/v2\/media?parent=14074"}],"wp:term":[{"taxonomy":"product_brand","embeddable":true,"href":"https:\/\/sabanadelamartours.com\/cs\/wp-json\/wp\/v2\/product_brand?post=14074"},{"taxonomy":"product_cat","embeddable":true,"href":"https:\/\/sabanadelamartours.com\/cs\/wp-json\/wp\/v2\/product_cat?post=14074"},{"taxonomy":"product_tag","embeddable":true,"href":"https:\/\/sabanadelamartours.com\/cs\/wp-json\/wp\/v2\/product_tag?post=14074"}],"curies":[{"name":"wp","href":"https:\/\/api.w.org\/{rel}","templated":true}]}}