{"id":14195,"date":"2025-12-18T12:05:41","date_gmt":"2025-12-18T12:05:41","guid":{"rendered":"https:\/\/sabanadelamartours.com\/?post_type=product&#038;p=14195"},"modified":"2026-02-11T04:00:26","modified_gmt":"2026-02-11T04:00:26","slug":"-355","status":"publish","type":"product","link":"https:\/\/sabanadelamartours.com\/cs\/prohlidka\/-355\/","title":{"rendered":"Tour TODO INCLUIDO en Sendero Acu\u00e1tico Cueva de la Virgen"},"content":{"rendered":"<p>Vydejte se na jedine\u010dn\u00fd v\u00fdlet, kter\u00fd v\u00e1s zavede na nejkr\u00e1sn\u011bj\u0161\u00ed m\u00edsta v oblasti Barahona v Dominik\u00e1nsk\u00e9 republice. Nav\u0161tivte muzeum Larimar, prozkoumejte Cueva de la Virgen a relaxujte na pl\u00e1\u017ei.<\/p>\n<p>Prohl\u00eddku za\u010dn\u011bte v muzeu Larimar, kde se dozv\u00edte o historii a v\u00fdrob\u011b polodrahokamu Larimar, kter\u00fd se vyskytuje pouze v Dominik\u00e1nsk\u00e9 republice. Po n\u00e1v\u0161t\u011bv\u011b muzea se vydejte do obce Bahoruco a nav\u0161tivte mal\u00e9 \u0159emesln\u00e9 d\u00edlny.<\/p>\n<p>Pokra\u010dujte ke Cueva de la Virgen. Po prohl\u00eddce jeskyn\u011b se vra\u0165te na pob\u0159e\u017e\u00ed Barahony, kde si m\u016f\u017eete u\u017e\u00edt zaslou\u017een\u00fd odpo\u010dinek na pl\u00e1\u017ei nebo ochutnat m\u00edstn\u00ed j\u00eddla v nedalek\u00fdch restaurac\u00edch.<\/p>","protected":false},"excerpt":{"rendered":"<div data-track=\"overview\" data-v-83a2b402=\"\">\n<section id=\"activity-overview\" class=\"activity-overview\" data-component=\"overview\" data-v-83a2b402=\"\" data-v-f3236c42=\"\">\n<p class=\"activity-overview__content\" data-test-id=\"activity-overview-content\" data-v-f3236c42=\"\">Poznejte historii a v\u00fdrobu polodrahokamu Larimar, nav\u0161tivte mal\u00e9 d\u00edlny m\u00edstn\u00edch \u0159emesln\u00edk\u016f v obci Bahoruco a prohl\u00e9dn\u011bte si Cueva de la Virgen.<\/p>\n<\/section>\n<\/div>\n<div data-track=\"key-details\" data-v-83a2b402=\"\"><\/div>","protected":false},"featured_media":13207,"template":"","meta":[],"product_brand":[],"product_cat":[97],"product_tag":[101,102],"class_list":{"0":"post-14195","1":"product","2":"type-product","3":"status-publish","4":"has-post-thumbnail","6":"product_cat-dominican-republic","7":"product_tag-excursion","8":"product_tag-tour","10":"first","11":"instock","12":"shipping-taxable","13":"product-type-external"},"_links":{"self":[{"href":"https:\/\/sabanadelamartours.com\/cs\/wp-json\/wp\/v2\/product\/14195","targetHints":{"allow":["GET"]}}],"collection":[{"href":"https:\/\/sabanadelamartours.com\/cs\/wp-json\/wp\/v2\/product"}],"about":[{"href":"https:\/\/sabanadelamartours.com\/cs\/wp-json\/wp\/v2\/types\/product"}],"version-history":[{"count":1,"href":"https:\/\/sabanadelamartours.com\/cs\/wp-json\/wp\/v2\/product\/14195\/revisions"}],"predecessor-version":[{"id":18926,"href":"https:\/\/sabanadelamartours.com\/cs\/wp-json\/wp\/v2\/product\/14195\/revisions\/18926"}],"wp:featuredmedia":[{"embeddable":true,"href":"https:\/\/sabanadelamartours.com\/cs\/wp-json\/wp\/v2\/media\/13207"}],"wp:attachment":[{"href":"https:\/\/sabanadelamartours.com\/cs\/wp-json\/wp\/v2\/media?parent=14195"}],"wp:term":[{"taxonomy":"product_brand","embeddable":true,"href":"https:\/\/sabanadelamartours.com\/cs\/wp-json\/wp\/v2\/product_brand?post=14195"},{"taxonomy":"product_cat","embeddable":true,"href":"https:\/\/sabanadelamartours.com\/cs\/wp-json\/wp\/v2\/product_cat?post=14195"},{"taxonomy":"product_tag","embeddable":true,"href":"https:\/\/sabanadelamartours.com\/cs\/wp-json\/wp\/v2\/product_tag?post=14195"}],"curies":[{"name":"wp","href":"https:\/\/api.w.org\/{rel}","templated":true}]}}