{"id":14196,"date":"2025-12-18T12:05:41","date_gmt":"2025-12-18T12:05:41","guid":{"rendered":"https:\/\/sabanadelamartours.com\/?post_type=product&#038;p=14196"},"modified":"2026-02-11T12:19:26","modified_gmt":"2026-02-11T12:19:26","slug":"-356","status":"publish","type":"product","link":"https:\/\/sabanadelamartours.com\/cs\/prohlidka\/-356\/","title":{"rendered":"Las Terrenas: Jen Los Haitises Plavba lod\u00ed a p\u011b\u0161\u00ed prohl\u00eddka"},"content":{"rendered":"<p>Pick up at your place in Las Terrenas to Drive until Samana. Embark on a full-day trip from Saman\u00e1 peninsula to Los Haitises National park, and explore the park&#8217;s natural beauty. See the park&#8217;s beautiful scenery, and look for a variety of species while you explore.<\/p>\n<p>Slalom kolem mnoha ostr\u016fvk\u016f, kter\u00e9 tvo\u0159\u00ed tento \u00fa\u017easn\u00fd n\u00e1rodn\u00ed park. Prohl\u00e9dn\u011bte si p\u0159\u00edrodn\u00ed zaj\u00edmavosti parku, jako jsou mangrovov\u00e9 porosty, a n\u011bkter\u00e9 z r\u016fzn\u00fdch druh\u016f pt\u00e1k\u016f, jako jsou pelik\u00e1ni, volavky a jest\u0159\u00e1b Ridgway\u016fv.<\/p>\n<p>Ud\u011blejte si \u010das na prohl\u00eddku historick\u00fdch jeskyn\u00ed a n\u00e1dhern\u00fdch scen\u00e9ri\u00ed. Obdivujte jeskyn\u011b, v nich\u017e se nach\u00e1z\u00ed jeden z nejv\u011bt\u0161\u00edch po\u010dt\u016f domorod\u00fdch petroglyf\u016f a piktogram\u016f v zemi.<\/p>","protected":false},"excerpt":{"rendered":"<div data-track=\"overview\" data-v-83a2b402=\"\">\n<section id=\"activity-overview\" class=\"activity-overview\" data-component=\"overview\" data-v-83a2b402=\"\" data-v-f3236c42=\"\">\n<p class=\"activity-overview__content\" data-test-id=\"activity-overview-content\" data-v-f3236c42=\"\">From Las Terrenas explore Los Haitises National Park by boat with a guide from The Park. Caves on foot, Mangroves and Taino&#8217;s Art.<\/p>\n<\/section>\n<\/div>\n<div data-track=\"key-details\" data-v-83a2b402=\"\"><\/div>","protected":false},"featured_media":14435,"template":"","meta":[],"product_brand":[],"product_cat":[97],"product_tag":[101,102],"class_list":{"0":"post-14196","1":"product","2":"type-product","3":"status-publish","4":"has-post-thumbnail","6":"product_cat-dominican-republic","7":"product_tag-excursion","8":"product_tag-tour","10":"first","11":"instock","12":"shipping-taxable","13":"product-type-external"},"_links":{"self":[{"href":"https:\/\/sabanadelamartours.com\/cs\/wp-json\/wp\/v2\/product\/14196","targetHints":{"allow":["GET"]}}],"collection":[{"href":"https:\/\/sabanadelamartours.com\/cs\/wp-json\/wp\/v2\/product"}],"about":[{"href":"https:\/\/sabanadelamartours.com\/cs\/wp-json\/wp\/v2\/types\/product"}],"version-history":[{"count":1,"href":"https:\/\/sabanadelamartours.com\/cs\/wp-json\/wp\/v2\/product\/14196\/revisions"}],"predecessor-version":[{"id":19016,"href":"https:\/\/sabanadelamartours.com\/cs\/wp-json\/wp\/v2\/product\/14196\/revisions\/19016"}],"wp:featuredmedia":[{"embeddable":true,"href":"https:\/\/sabanadelamartours.com\/cs\/wp-json\/wp\/v2\/media\/14435"}],"wp:attachment":[{"href":"https:\/\/sabanadelamartours.com\/cs\/wp-json\/wp\/v2\/media?parent=14196"}],"wp:term":[{"taxonomy":"product_brand","embeddable":true,"href":"https:\/\/sabanadelamartours.com\/cs\/wp-json\/wp\/v2\/product_brand?post=14196"},{"taxonomy":"product_cat","embeddable":true,"href":"https:\/\/sabanadelamartours.com\/cs\/wp-json\/wp\/v2\/product_cat?post=14196"},{"taxonomy":"product_tag","embeddable":true,"href":"https:\/\/sabanadelamartours.com\/cs\/wp-json\/wp\/v2\/product_tag?post=14196"}],"curies":[{"name":"wp","href":"https:\/\/api.w.org\/{rel}","templated":true}]}}