{"id":14259,"date":"2025-12-18T12:08:14","date_gmt":"2025-12-18T12:08:14","guid":{"rendered":"https:\/\/sabanadelamartours.com\/?post_type=product&#038;p=14259"},"modified":"2026-02-11T04:05:48","modified_gmt":"2026-02-11T04:05:48","slug":"-361","status":"publish","type":"product","link":"https:\/\/sabanadelamartours.com\/cs\/prohlidka\/-361\/","title":{"rendered":"Party boat katamaran trinity| \u0161norchlov\u00e1n\u00ed| soukrom\u00e1 pl\u00e1\u017e"},"content":{"rendered":"<p>{{ V\u00edtejte na z\u00e1bav\u011b}}<\/p>\n<p>If you are looking to have a great time in puntacana with a good atmosphere, Good music and people ready to entertain you because here we are; more than ready to make Your vacation the best of Your life.<\/p>\n<p>Book with us this excursion in one of our catamarans where you can enjoy the beautiful private beaches of bavaro, a trip that will take you throughout the coastal area while enjoying the best entertainment of our staff.<\/p>\n<p>I invite you to live this Adventure.<\/p>\n<p>The activities to be carried out are the following:<\/p>\n<p>The first thing is that we proceed to pick up our clients at their destination and they are taken to the beach where our boat is waiting. There will be waiting for our team and in what comes out The tour can be making friends before boarding.<\/p>\n<p>2. Po nalod\u011bn\u00ed na n\u00e1\u0161 katamar\u00e1n se p\u0159ipravte na nezapomenuteln\u00fd den a u\u017eijte si dobrou hudbu a otev\u0159en\u00fd bar. N\u00e1\u0161 t\u00fdm je p\u0159ipraven zajistit v\u00e1m ty nejlep\u0161\u00ed z\u00e1\u017eitky.<\/p>\n<p>3. P\u0159ed otev\u0159en\u00edm baru ud\u011bl\u00e1me zast\u00e1vku na \u0161norchlov\u00e1n\u00ed, z\u00e1\u017eitek, kter\u00fd si budete nav\u017edy pamatovat. Na\u0161i pr\u016fvodci se postaraj\u00ed o to, abyste est\u00e9 p\u0159ipraveni ocenit kr\u00e1su oce\u00e1nu v t\u011bch n\u00e1dhern\u00fdch k\u0159i\u0161\u0165\u00e1lov\u011b \u010dist\u00fdch vod\u00e1ch.<\/p>\n<p>4.: a kdy\u017e jsme op\u011bt na palub\u011b, otev\u0159eme n\u00e1\u0161 bar a zde si m\u016f\u017eete vychutnat v\u0161e, co m\u00e1me k dispozici pro v\u00e1s (tance, n\u00e1poje, ob\u010derstven\u00ed), ale ve\u0161kerou z\u00e1bavu, kterou si dok\u00e1\u017eete p\u0159edstavit.<\/p>\n<p>5. Na\u0161e dal\u0161\u00ed zast\u00e1vka je u p\u0159\u00edrodn\u00edho koupali\u0161t\u011b, kter\u00e9 je p\u0159ekr\u00e1sn\u00fdm r\u00e1jem s v\u00fdhledem na palmy a kde se m\u016f\u017eete bohat\u011b vykoupat a sd\u00edlet s p\u0159\u00e1teli. Uji\u0161\u0165uji v\u00e1s, \u017ee na toto m\u00edsto nezapomenete.<\/p>\n<p>Pot\u00e9, co jsme v\u0161e shrom\u00e1\u017edili, se vyd\u00e1me na m\u00edsto, odkud jsme vyjeli, a odvezeme ka\u017ed\u00e9ho klienta na m\u00edsto ur\u010den\u00ed.<\/p>\n<p>Oko: N\u011bkdy si ud\u011bl\u00e1me technickou zast\u00e1vku, abychom vid\u011bli delf\u00edny, ale nen\u00ed to v\u017edy.<\/p>","protected":false},"excerpt":{"rendered":"<div data-track=\"overview\" data-v-83a2b402=\"\">\n<section id=\"activity-overview\" class=\"activity-overview\" data-component=\"overview\" data-v-83a2b402=\"\" data-v-f3236c42=\"\">\n<p class=\"activity-overview__content\" data-test-id=\"activity-overview-content\" data-v-f3236c42=\"\">Enjoy the experience of sailing in the crystal clear waters of the beautiful private beaches of bavaro in luxurious catamaran where entertainment is part of the Adventure! Come with us and you will not regret it<\/p>\n<\/section>\n<\/div>\n<div data-track=\"key-details\" data-v-83a2b402=\"\"><\/div>","protected":false},"featured_media":13267,"template":"","meta":[],"product_brand":[],"product_cat":[97],"product_tag":[101,102],"class_list":{"0":"post-14259","1":"product","2":"type-product","3":"status-publish","4":"has-post-thumbnail","6":"product_cat-dominican-republic","7":"product_tag-excursion","8":"product_tag-tour","10":"first","11":"instock","12":"shipping-taxable","13":"product-type-external"},"_links":{"self":[{"href":"https:\/\/sabanadelamartours.com\/cs\/wp-json\/wp\/v2\/product\/14259","targetHints":{"allow":["GET"]}}],"collection":[{"href":"https:\/\/sabanadelamartours.com\/cs\/wp-json\/wp\/v2\/product"}],"about":[{"href":"https:\/\/sabanadelamartours.com\/cs\/wp-json\/wp\/v2\/types\/product"}],"version-history":[{"count":1,"href":"https:\/\/sabanadelamartours.com\/cs\/wp-json\/wp\/v2\/product\/14259\/revisions"}],"predecessor-version":[{"id":18931,"href":"https:\/\/sabanadelamartours.com\/cs\/wp-json\/wp\/v2\/product\/14259\/revisions\/18931"}],"wp:featuredmedia":[{"embeddable":true,"href":"https:\/\/sabanadelamartours.com\/cs\/wp-json\/wp\/v2\/media\/13267"}],"wp:attachment":[{"href":"https:\/\/sabanadelamartours.com\/cs\/wp-json\/wp\/v2\/media?parent=14259"}],"wp:term":[{"taxonomy":"product_brand","embeddable":true,"href":"https:\/\/sabanadelamartours.com\/cs\/wp-json\/wp\/v2\/product_brand?post=14259"},{"taxonomy":"product_cat","embeddable":true,"href":"https:\/\/sabanadelamartours.com\/cs\/wp-json\/wp\/v2\/product_cat?post=14259"},{"taxonomy":"product_tag","embeddable":true,"href":"https:\/\/sabanadelamartours.com\/cs\/wp-json\/wp\/v2\/product_tag?post=14259"}],"curies":[{"name":"wp","href":"https:\/\/api.w.org\/{rel}","templated":true}]}}