{"id":14307,"date":"2025-12-18T12:10:38","date_gmt":"2025-12-18T12:10:38","guid":{"rendered":"https:\/\/sabanadelamartours.com\/?post_type=product&#038;p=14307"},"modified":"2025-12-18T12:22:30","modified_gmt":"2025-12-18T12:22:30","slug":"-367","status":"publish","type":"product","link":"https:\/\/sabanadelamartours.com\/cs\/prohlidka\/-367\/","title":{"rendered":"ATV"},"content":{"rendered":"<p>Vyzvedneme v\u00e1s v m\u00edstn\u00edm Airbnb nebo resortu a odvezeme v\u00e1s do Macaa, kde se vyd\u00e1te na ran\u010d, kde dostanete bezpe\u010dnostn\u00ed instrukt\u00e1\u017e, helmy a pokyny k prohl\u00eddce a m\u00edst\u016fm, kter\u00e1 nav\u0161t\u00edv\u00edte.<\/p>\n<p>Na ran\u010di se rozhodnete, kdo bude \u0159\u00eddit, a v \u0159\u00edzen\u00ed se budete po celou dobu prohl\u00eddky st\u0159\u00eddat.<\/p>\n<p>Va\u0161\u00edm prvn\u00edm c\u00edlem je jeskyn\u011b, kde se m\u016f\u017eete koupat v p\u0159\u00edrodn\u00ed pramenit\u00e9 vod\u011b a kde str\u00e1v\u00edte asi 45 minut.<\/p>\n<p>Po koup\u00e1n\u00ed v jeskyni se vyd\u00e1te na klav\u00edrn\u00ed prezentaci, kde v\u00e1m uk\u00e1\u017eeme m\u00edstn\u00ed zem\u011bd\u011blstv\u00ed k\u00e1vy, \u010dokol\u00e1dy, rumu a dal\u0161\u00edch ekologick\u00fdch produkt\u016f, kter\u00e9 zde v Dominik\u00e1nsk\u00e9 republice p\u011bstujeme.<\/p>\n<p>Po 45 minut\u00e1ch prezentace se vyd\u00e1te po stezk\u00e1ch na pl\u00e1\u017e Macao.<\/p>\n<p>Na pl\u00e1\u017ei Macau budete m\u00edt hodinu na to, abyste ze sebe smyli v\u0161echno p\u0159ebyte\u010dn\u00e9 bl\u00e1to z cest a tak\u00e9 se vykoupali na pl\u00e1\u017ei a po\u0159\u00eddili fotografie a videa.<\/p>\n<p>Po z\u00e1\u017eitku na pl\u00e1\u017ei a po celou dobu prohl\u00eddky v\u00e1m poskytneme dron, kter\u00fd bude po\u0159izovat videa, a fotografy, kte\u0159\u00ed v\u00e1s budou fotografovat po celou dobu va\u0161eho dobrodru\u017estv\u00ed.<\/p>\n<div class=\"toggle-content__content toggle-content__content--expanded toggle-content__content--packable\" data-v-59485d64=\"\">\n<div data-test-id=\"activity-full-description-text\" data-v-5835c99c=\"\">P\u0159i st\u0159\u00eddav\u00e9 j\u00edzd\u011b se vr\u00e1t\u00edte zp\u011bt na ran\u010d, kde se m\u016f\u017eete um\u00fdt, jsou zde toalety, kde jsou va\u0161e zavazadla bezpe\u010dn\u011b ulo\u017eena, abyste mohli nastoupit do dopravn\u00edho prost\u0159edku a vr\u00e1tit se do p\u016fvodn\u00edho c\u00edle.<\/div>\n<\/div>\n<div class=\"toggle-content__label-placeholder\" data-v-59485d64=\"\"><\/div>","protected":false},"excerpt":{"rendered":"<div data-track=\"overview\" data-v-83a2b402=\"\">\n<section id=\"activity-overview\" class=\"activity-overview\" data-component=\"overview\" data-v-83a2b402=\"\" data-v-f3236c42=\"\">\n<p class=\"activity-overview__content\" data-test-id=\"activity-overview-content\" data-v-f3236c42=\"\">Na v\u00fdb\u011br m\u00e1te dvoum\u00edstn\u00fd nebo \u010dty\u0159m\u00edstn\u00fd Boogie, dvoum\u00edstnou \u010dty\u0159kolku, 4 a\u017e 5m\u00edstn\u00fd Polaris nebo Can-Am.<\/p>\n<\/section>\n<\/div>\n<div data-track=\"key-details\" data-v-83a2b402=\"\"><\/div>","protected":false},"featured_media":14548,"template":"","meta":[],"product_brand":[],"product_cat":[97],"product_tag":[101,102],"class_list":{"0":"post-14307","1":"product","2":"type-product","3":"status-publish","4":"has-post-thumbnail","6":"product_cat-dominican-republic","7":"product_tag-excursion","8":"product_tag-tour","10":"first","11":"instock","12":"shipping-taxable","13":"product-type-external"},"_links":{"self":[{"href":"https:\/\/sabanadelamartours.com\/cs\/wp-json\/wp\/v2\/product\/14307","targetHints":{"allow":["GET"]}}],"collection":[{"href":"https:\/\/sabanadelamartours.com\/cs\/wp-json\/wp\/v2\/product"}],"about":[{"href":"https:\/\/sabanadelamartours.com\/cs\/wp-json\/wp\/v2\/types\/product"}],"version-history":[{"count":0,"href":"https:\/\/sabanadelamartours.com\/cs\/wp-json\/wp\/v2\/product\/14307\/revisions"}],"wp:featuredmedia":[{"embeddable":true,"href":"https:\/\/sabanadelamartours.com\/cs\/wp-json\/wp\/v2\/media\/14548"}],"wp:attachment":[{"href":"https:\/\/sabanadelamartours.com\/cs\/wp-json\/wp\/v2\/media?parent=14307"}],"wp:term":[{"taxonomy":"product_brand","embeddable":true,"href":"https:\/\/sabanadelamartours.com\/cs\/wp-json\/wp\/v2\/product_brand?post=14307"},{"taxonomy":"product_cat","embeddable":true,"href":"https:\/\/sabanadelamartours.com\/cs\/wp-json\/wp\/v2\/product_cat?post=14307"},{"taxonomy":"product_tag","embeddable":true,"href":"https:\/\/sabanadelamartours.com\/cs\/wp-json\/wp\/v2\/product_tag?post=14307"}],"curies":[{"name":"wp","href":"https:\/\/api.w.org\/{rel}","templated":true}]}}