{"id":14322,"date":"2025-12-18T12:11:20","date_gmt":"2025-12-18T12:11:20","guid":{"rendered":"https:\/\/sabanadelamartours.com\/?post_type=product&#038;p=14322"},"modified":"2026-02-11T04:40:52","modified_gmt":"2026-02-11T04:40:52","slug":"-369","status":"publish","type":"product","link":"https:\/\/sabanadelamartours.com\/cs\/prohlidka\/-369\/","title":{"rendered":"Soukrom\u00fd transfer z leti\u0161t\u011b Punta Cana do Dreams Onyx"},"content":{"rendered":"<div class=\"toggle-content__content toggle-content__content--expanded toggle-content__content--packable\" data-v-59485d64=\"\">\n<div data-test-id=\"activity-full-description-text\" data-v-5835c99c=\"\">Punta Cana Transfer je l\u00eddrem v poskytov\u00e1n\u00ed soukrom\u00e9 p\u0159epravy po cel\u00e9 Punta Can\u011b. Jako spole\u010dnost m\u00e1me v\u00edce ne\u017e 4 roky zku\u0161enost\u00ed a p\u0159es 1000 p\u011btihv\u011bzdi\u010dkov\u00fdch hodnocen\u00ed na TripAdvisoru. Vychutnejte si pohodl\u00ed, kter\u00e9 p\u0159in\u00e1\u0161\u00ed to, \u017ee se v\u00e1m p\u0159ed cestou, b\u011bhem n\u00ed i po n\u00ed v\u011bnuje vlastn\u00ed z\u00e1stupce z\u00e1kaznick\u00e9ho servisu. \u017d\u00e1dn\u00e9 l\u00edstky, \u010dek\u00e1n\u00ed na e-maily nebo dlouh\u00e9 fronty, ve\u0161ker\u00e1 komunikace prob\u00edh\u00e1 okam\u017eit\u011b a prost\u0159ednictv\u00edm SMS. Po p\u0159\u00edjezdu na v\u00e1s bude \u010dekat \u0159idi\u010d s cedul\u00ed a odveze v\u00e1s p\u0159\u00edmo do va\u0161eho letoviska bez necht\u011bn\u00fdch zast\u00e1vek a p\u0159ekvapen\u00ed. Rezervujte si j\u00edzdu a je\u010fte p\u0159\u00edmo z leti\u0161t\u011b Punta Cana do Dreams Onyx nebo z Dreams Onyx na leti\u0161t\u011b Punta Cana, abyste stihli sv\u016fj let.<\/div>\n<\/div>\n<div class=\"toggle-content__label-placeholder\" data-v-59485d64=\"\"><\/div>","protected":false},"excerpt":{"rendered":"<div data-track=\"overview\" data-v-83a2b402=\"\">\n<section id=\"activity-overview\" class=\"activity-overview\" data-component=\"overview\" data-v-83a2b402=\"\" data-v-f3236c42=\"\">\n<p class=\"activity-overview__content\" data-test-id=\"activity-overview-content\" data-v-f3236c42=\"\">P\u0159esko\u010dte \u010dek\u00e1n\u00ed a vydejte se rovnou do r\u00e1je! Jakmile doraz\u00edte, \u0159idi\u010d bude st\u00e1t u v\u00fdchodu z termin\u00e1lu s cedul\u00ed s va\u0161\u00edm jm\u00e9nem a bude p\u0159ipraven v\u00e1s odv\u00e9zt p\u0159\u00edmo do va\u0161eho letoviska.<\/p>\n<\/section>\n<\/div>\n<div data-track=\"key-details\" data-v-83a2b402=\"\"><\/div>","protected":false},"featured_media":13315,"template":"","meta":[],"product_brand":[],"product_cat":[97],"product_tag":[101,102],"class_list":{"0":"post-14322","1":"product","2":"type-product","3":"status-publish","4":"has-post-thumbnail","6":"product_cat-dominican-republic","7":"product_tag-excursion","8":"product_tag-tour","10":"first","11":"instock","12":"shipping-taxable","13":"product-type-external"},"_links":{"self":[{"href":"https:\/\/sabanadelamartours.com\/cs\/wp-json\/wp\/v2\/product\/14322","targetHints":{"allow":["GET"]}}],"collection":[{"href":"https:\/\/sabanadelamartours.com\/cs\/wp-json\/wp\/v2\/product"}],"about":[{"href":"https:\/\/sabanadelamartours.com\/cs\/wp-json\/wp\/v2\/types\/product"}],"version-history":[{"count":1,"href":"https:\/\/sabanadelamartours.com\/cs\/wp-json\/wp\/v2\/product\/14322\/revisions"}],"predecessor-version":[{"id":18935,"href":"https:\/\/sabanadelamartours.com\/cs\/wp-json\/wp\/v2\/product\/14322\/revisions\/18935"}],"wp:featuredmedia":[{"embeddable":true,"href":"https:\/\/sabanadelamartours.com\/cs\/wp-json\/wp\/v2\/media\/13315"}],"wp:attachment":[{"href":"https:\/\/sabanadelamartours.com\/cs\/wp-json\/wp\/v2\/media?parent=14322"}],"wp:term":[{"taxonomy":"product_brand","embeddable":true,"href":"https:\/\/sabanadelamartours.com\/cs\/wp-json\/wp\/v2\/product_brand?post=14322"},{"taxonomy":"product_cat","embeddable":true,"href":"https:\/\/sabanadelamartours.com\/cs\/wp-json\/wp\/v2\/product_cat?post=14322"},{"taxonomy":"product_tag","embeddable":true,"href":"https:\/\/sabanadelamartours.com\/cs\/wp-json\/wp\/v2\/product_tag?post=14322"}],"curies":[{"name":"wp","href":"https:\/\/api.w.org\/{rel}","templated":true}]}}