{"id":14402,"date":"2025-12-18T12:14:59","date_gmt":"2025-12-18T12:14:59","guid":{"rendered":"https:\/\/sabanadelamartours.com\/?post_type=product&#038;p=14402"},"modified":"2026-02-11T04:49:17","modified_gmt":"2026-02-11T04:49:17","slug":"-378","status":"publish","type":"product","link":"https:\/\/sabanadelamartours.com\/cs\/prohlidka\/-378\/","title":{"rendered":"Pot\u00e1p\u011b\u010dsk\u00e1 t\u00fara v Puerto Plata Hotel\/B\u0159eh"},"content":{"rendered":"<p>Pot\u00e1p\u011bn\u00ed v Puerto Plata je jedine\u010dn\u00fdm z\u00e1\u017eitkem podmo\u0159sk\u00e9 p\u0159\u00edrody. Puerto Plata je skv\u011blou destinac\u00ed pro ekoturistiku a nab\u00edz\u00ed pot\u00e1p\u011b\u010d\u016fm k prozkoum\u00e1n\u00ed rozmanit\u00fd mo\u0159sk\u00fd ekosyst\u00e9m. Pod\u00e9l severn\u00edho pob\u0159e\u017e\u00ed se rozkl\u00e1daj\u00ed kor\u00e1lov\u00e9 \u00fatesy, zahrady mo\u0159sk\u00fdch \u017eivo\u010dich\u016f a majest\u00e1tn\u00ed st\u011bny, d\u00edky nim\u017e si zde mohou vybrat pot\u00e1p\u011b\u010di v\u0161ech \u00farovn\u00ed.<\/p>\n<div class=\"toggle-content__content toggle-content__content--expanded toggle-content__content--packable\" data-v-59485d64=\"\">\n<div data-test-id=\"activity-full-description-text\" data-v-5835c99c=\"\">Vyzvedneme v\u00e1s z va\u0161eho letoviska\/plavby do na\u0161eho pot\u00e1p\u011b\u010dsk\u00e9ho centra Puerto Plata, kter\u00e9 se nach\u00e1z\u00ed v z\u00e1toce Sosua, v srdci podmo\u0159sk\u00fdch kr\u00e1s. Odtud m\u00e1me p\u0159\u00edstup k pr\u016fzkumu nejlep\u0161\u00edch pot\u00e1p\u011b\u010dsk\u00fdch lokalit pod\u00e9l severn\u00edho pob\u0159e\u017e\u00ed. P\u0159i st\u011bnov\u00fdch ponorech na v\u00e1s \u010dekaj\u00ed plovac\u00ed koryta, p\u0159evisy, tunely a v\u011bt\u0161\u00ed ryby Atlantiku, jako jsou barakudy a groupery. Zahrady poskytuj\u00ed dostate\u010dn\u00e9 prost\u0159ed\u00ed pro rozmno\u017eov\u00e1n\u00ed mnoha tropick\u00fdch ryb a lze zde pozorovat \u00fa\u017easnou rozmanitost druh\u016f. \u00datesy v Sosuy jsou domovem mur\u00e9n, mo\u0159sk\u00fdch kon\u00edk\u016f, chobotnic, humr\u016f, krab\u016f, chobotnic, rejnok\u016f a mnoha dal\u0161\u00edch z\u00e1stupc\u016f rozs\u00e1hl\u00e9ho atlantsk\u00e9ho mo\u0159sk\u00e9ho \u017eivota. Vezmeme v\u00e1s tam a pod\u011bl\u00edme se s v\u00e1mi o na\u0161i v\u00e1\u0161e\u0148 pro pot\u00e1p\u011bn\u00ed. Uk\u00e1\u017eeme v\u00e1m to nejlep\u0161\u00ed, co Sosua nab\u00edz\u00ed<\/div>\n<\/div>\n<div class=\"toggle-content__label-placeholder\" data-v-59485d64=\"\"><\/div>","protected":false},"excerpt":{"rendered":"<div data-track=\"overview\" data-v-83a2b402=\"\">\n<section id=\"activity-overview\" class=\"activity-overview\" data-component=\"overview\" data-v-83a2b402=\"\" data-v-f3236c42=\"\">\n<p class=\"activity-overview__content\" data-test-id=\"activity-overview-content\" data-v-f3236c42=\"\">Pot\u00e1p\u011bn\u00ed v Puerto Plata je jedine\u010dn\u00fdm z\u00e1\u017eitkem podmo\u0159sk\u00e9 p\u0159\u00edrody. Puerto Plata je skv\u011blou destinac\u00ed pro ekoturistiku a nab\u00edz\u00ed pot\u00e1p\u011b\u010d\u016fm k prozkoum\u00e1n\u00ed rozmanit\u00fd mo\u0159sk\u00fd ekosyst\u00e9m.<\/p>\n<\/section>\n<\/div>\n<div data-track=\"key-details\" data-v-83a2b402=\"\"><\/div>","protected":false},"featured_media":13394,"template":"","meta":[],"product_brand":[],"product_cat":[97],"product_tag":[101,102],"class_list":{"0":"post-14402","1":"product","2":"type-product","3":"status-publish","4":"has-post-thumbnail","6":"product_cat-dominican-republic","7":"product_tag-excursion","8":"product_tag-tour","10":"first","11":"instock","12":"sale","13":"shipping-taxable","14":"product-type-external"},"_links":{"self":[{"href":"https:\/\/sabanadelamartours.com\/cs\/wp-json\/wp\/v2\/product\/14402","targetHints":{"allow":["GET"]}}],"collection":[{"href":"https:\/\/sabanadelamartours.com\/cs\/wp-json\/wp\/v2\/product"}],"about":[{"href":"https:\/\/sabanadelamartours.com\/cs\/wp-json\/wp\/v2\/types\/product"}],"version-history":[{"count":1,"href":"https:\/\/sabanadelamartours.com\/cs\/wp-json\/wp\/v2\/product\/14402\/revisions"}],"predecessor-version":[{"id":18944,"href":"https:\/\/sabanadelamartours.com\/cs\/wp-json\/wp\/v2\/product\/14402\/revisions\/18944"}],"wp:featuredmedia":[{"embeddable":true,"href":"https:\/\/sabanadelamartours.com\/cs\/wp-json\/wp\/v2\/media\/13394"}],"wp:attachment":[{"href":"https:\/\/sabanadelamartours.com\/cs\/wp-json\/wp\/v2\/media?parent=14402"}],"wp:term":[{"taxonomy":"product_brand","embeddable":true,"href":"https:\/\/sabanadelamartours.com\/cs\/wp-json\/wp\/v2\/product_brand?post=14402"},{"taxonomy":"product_cat","embeddable":true,"href":"https:\/\/sabanadelamartours.com\/cs\/wp-json\/wp\/v2\/product_cat?post=14402"},{"taxonomy":"product_tag","embeddable":true,"href":"https:\/\/sabanadelamartours.com\/cs\/wp-json\/wp\/v2\/product_tag?post=14402"}],"curies":[{"name":"wp","href":"https:\/\/api.w.org\/{rel}","templated":true}]}}